{"id":951,"date":"2022-06-01T12:15:50","date_gmt":"2020-09-22T14:25:26","guid":{"rendered":"http:\/\/hippocrateslap.hu\/tanfolyam\/?page_id=951"},"modified":"2025-02-28T09:21:47","modified_gmt":"2025-02-28T08:21:47","slug":"uj-jelszo-letrehozasa","status":"publish","type":"page","link":"https:\/\/hippocrateslap.hu\/tanfolyam\/regisztracio\/uj-jelszo-letrehozasa\/","title":{"rendered":"\u00daj jelsz\u00f3 l\u00e9trehoz\u00e1sa"},"content":{"rendered":"<div class=\"wppb_holder\" id=\"wppb-recover-password-container\">\t<form enctype=\"multipart\/form-data\" method=\"post\" id=\"wppb-recover-password\" class=\"wppb-user-forms\" action=\"https:\/\/hippocrateslap.hu\/tanfolyam\/wp-json\/wp\/v2\/pages\/951\">\n\t<p>Please enter your email address.<br \/>You will receive a link to create a new password via email.<\/p><ul>\n\t\t\t<li class=\"wppb-form-field wppb-username-email\">\n\t\t\t\t<label for=\"username_email\">Email<\/label>\n\t\t\t\t<input class=\"text-input\" name=\"username_email\" type=\"text\" id=\"username_email\" value=\"\"  \/>\n\t\t\t<\/li><!-- .username_email --><\/ul>\t<p class=\"form-submit\">\n\t\t\t\t<input name=\"recover_password\" type=\"submit\" id=\"wppb-recover-password-button\" class=\"submit button\" value=\"Get Reset Link\" \/>\n\t\t<input name=\"action\" type=\"hidden\" id=\"action\" value=\"recover_password\" \/>\n\t<\/p>\n\t<input type=\"hidden\" id=\"password_recovery_nonce_field\" name=\"password_recovery_nonce_field\" value=\"ff6a620c45\" \/><input type=\"hidden\" name=\"_wp_http_referer\" value=\"\/tanfolyam\/wp-json\/wp\/v2\/pages\/951\" \/>\t<\/form>\n\t<\/div>\n<p>&nbsp;<\/p>\n","protected":false},"excerpt":{"rendered":"<p>&nbsp;<\/p>\n","protected":false},"author":1,"featured_media":0,"parent":61,"menu_order":1,"comment_status":"closed","ping_status":"closed","template":"","meta":{"footnotes":""},"class_list":["post-951","page","type-page","status-publish"],"publishpress_future_action":{"enabled":false,"date":"2026-04-17 14:49:34","action":"change-status","newStatus":"private","terms":[],"taxonomy":"","extraData":[]},"publishpress_future_workflow_manual_trigger":{"enabledWorkflows":[]},"_links":{"self":[{"href":"https:\/\/hippocrateslap.hu\/tanfolyam\/wp-json\/wp\/v2\/pages\/951","targetHints":{"allow":["GET"]}}],"collection":[{"href":"https:\/\/hippocrateslap.hu\/tanfolyam\/wp-json\/wp\/v2\/pages"}],"about":[{"href":"https:\/\/hippocrateslap.hu\/tanfolyam\/wp-json\/wp\/v2\/types\/page"}],"author":[{"embeddable":true,"href":"https:\/\/hippocrateslap.hu\/tanfolyam\/wp-json\/wp\/v2\/users\/1"}],"replies":[{"embeddable":true,"href":"https:\/\/hippocrateslap.hu\/tanfolyam\/wp-json\/wp\/v2\/comments?post=951"}],"version-history":[{"count":4,"href":"https:\/\/hippocrateslap.hu\/tanfolyam\/wp-json\/wp\/v2\/pages\/951\/revisions"}],"predecessor-version":[{"id":957,"href":"https:\/\/hippocrateslap.hu\/tanfolyam\/wp-json\/wp\/v2\/pages\/951\/revisions\/957"}],"up":[{"embeddable":true,"href":"https:\/\/hippocrateslap.hu\/tanfolyam\/wp-json\/wp\/v2\/pages\/61"}],"wp:attachment":[{"href":"https:\/\/hippocrateslap.hu\/tanfolyam\/wp-json\/wp\/v2\/media?parent=951"}],"curies":[{"name":"wp","href":"https:\/\/api.w.org\/{rel}","templated":true}]}}