{"id":3950,"date":"2026-02-16T17:23:20","date_gmt":"2026-02-16T16:23:20","guid":{"rendered":"https:\/\/hippocrateslap.hu\/tanfolyam\/?page_id=3950"},"modified":"2026-02-19T15:31:08","modified_gmt":"2026-02-19T14:31:08","slug":"hippocrates-vandorgyules-pecs-2026-02-21","status":"publish","type":"page","link":"https:\/\/hippocrateslap.hu\/tanfolyam\/online-tovabbkepzesek-2026\/hippocrates-vandorgyules-pecs-2026-02-21\/","title":{"rendered":"Hippocrates V\u00e1ndorgy\u0171l\u00e9s P\u00e9cs \u2013 2026. 02. 21."},"content":{"rendered":"<p>A rendezv\u00e9ny a <strong>PTE KK I. Belgy\u00f3gy\u00e1szati Klinika<\/strong> hivatalos, akkredit\u00e1lt el\u0151ad\u00e1sait tartalmazza.<br \/>\nA szabadon v\u00e1laszthat\u00f3 tov\u00e1bbk\u00e9pz\u00e9st gyermekorvosok, h\u00e1ziorvosok, belgy\u00f3gy\u00e1szok \u00e9s \u00fczemorvosok r\u00e9sz\u00e9re akkredit\u00e1lt\u00e1k.<br \/>\n<strong>Kredit\u00e9rt\u00e9k: 9 pont<\/strong><\/p>\n<p>09.30 \u2013 09.35 Megnyit\u00f3<br \/>\n<strong>Hippocrates<\/strong> felk\u00e9r\u00e9s<br \/>\n09.35.\u2013 10.00 <strong>Prof. Dr. T\u00f3th K\u00e1lm\u00e1n:<\/strong> Kr\u00f3nikus koszor\u00fa\u00e9r szindr\u00f3ma (CCS) az ir\u00e1nyelvekben<br \/>\n10.00 \u2013 10.05 Diszkusszi\u00f3 <br \/>\nA <strong>Pharmaselect<\/strong> egy\u00fcttm\u0171k\u00f6d\u00e9s\u00e9vel<br \/>\n10.05 \u2013 10.30 <strong>Prof. Dr. S\u00fct\u0151 G\u00e1bor:<\/strong> K\u00f6szv\u00e9ny \u00e9s kardiovaszkul\u00e1ris komorbidit\u00e1s; friss szakmai evidenci\u00e1k a kolchicinr\u0151l <br \/>\n10.30 \u2013 10.35 Diszkusszi\u00f3<br \/>\nA <strong>Servier<\/strong> egy\u00fcttm\u0171k\u00f6d\u00e9s\u00e9vel<br \/>\n10.35 \u2013 11.00 <strong>Dr. Endrei D\u00f3ra:<\/strong> Hat\u00e1sok \u00f6sszegz\u0151d\u00e9se \u00e9s eredm\u00e9nye a kr\u00f3nikus v\u00e9n\u00e1s betegs\u00e9g konzervat\u00edv ter\u00e1pi\u00e1j\u00e1ban<br \/>\n11.00 \u2013 11.05 Diszkusszi\u00f3<br \/>\nAz <strong>IBSA Pharma<\/strong> egy\u00fcttm\u0171k\u00f6d\u00e9s\u00e9vel<br \/>\n11.05 \u2013 11.30 <strong>Dr. Kenyeres Bal\u00e1zs:<\/strong> H\u00f3lyagf\u00e1jdalom diagnosztik\u00e1ja \u00e9s kezel\u00e9se \u2013 Mit tehet a h\u00e1ziorvos?<br \/>\n\u00e9s <strong>Dr. Buda \u00c1gnes:<\/strong> A hialuronsav szerepe az atrophias vaginitis kezel\u00e9s\u00e9ben &#8211; \u00faj perspekt\u00edv\u00e1k<br \/>\n11.30 \u2013 11.35 Diszkusszi\u00f3<br \/>\n11.35 \u2013 11.45 <em>Technikai sz\u00fcnet<\/em><br \/>\nAz <strong>Astellas<\/strong> egy\u00fcttm\u0171k\u00f6d\u00e9s\u00e9vel<br \/>\n11.45 \u2013 12.10 <strong>Dr. Kenyeres Bal\u00e1zs:<\/strong> A hiperakt\u00edv h\u00f3lyag kezel\u00e9s\u00e9nek aktualit\u00e1sai<br \/>\n12.10 \u2013 12.15 Diszkusszi\u00f3<br \/>\n12.15 \u2013 12.40 <strong>Dr. R\u00e1cz S\u00e1ndor:<\/strong> H\u0151hull\u00e1m kezel\u00e9se hormonmentesen<br \/>\n12.40 \u2013 12.45 Diszkusszi\u00f3<br \/>\n12.45 \u2013 vas\u00e1rnap 24.00-ig, <strong>Teszt\u00edr\u00e1s<\/strong> (kit\u00f6lt\u00e9si id\u0151, egy lehet\u0151s\u00e9ggel,\u00a0 30 perc)<\/p>\n<\/p>\n<h3><strong>Bejelentkez\u00e9s<\/strong><\/h3>\n<p>A tanfolyam megtekint\u00e9s\u00e9hez \u00e9s a teszt kit\u00f6lt\u00e9s\u00e9hez jelentkezzen be, vagy regisztr\u00e1ljon! Ha m\u00e1r kor\u00e1bban regisztr\u00e1lt, akkor csak bejelentkeznie sz\u00fcks\u00e9ges.<\/p>\n<p>Technikai seg\u00edts\u00e9g telefonsz\u00e1ma a rendezv\u00e9ny napj\u00e1n: Tel.: +36303719165<\/p>\n<p><strong>A leggyorsabb,<\/strong> ha m\u00e1r kor\u00e1bban regisztr\u00e1lt \u00e9s most nem tud bel\u00e9pni, hogy megk\u00fcldi sms-ben a nev\u00e9t, e-mail c\u00edm\u00e9t \u00e9s pecs\u00e9tsz\u00e1m\u00e1t, \u00e9s mi be\u00e1ll\u00edtjuk a pecs\u00e9tsz\u00e1m\u00e1t jelsz\u00f3nak. SMS.: +36303719165<\/p>\n<p><div id=\"wppb-login-wrap\" class=\"wppb-user-forms\">\n\t\t<form name=\"wppb-loginform\" id=\"wppb-loginform\" class=\"\" action=\"https:\/\/hippocrateslap.hu\/tanfolyam\/wp-json\/wp\/v2\/pages\/3950\" method=\"post\">\n\t\t\t\n\t\t\t<p class=\"wppb-form-field login-username\">\n\t\t\t\t<label for=\"wppb_user_login\">Email<\/label>\n\t\t\t\t<input type=\"email\" name=\"log\" id=\"wppb_user_login\" class=\"input\" value=\"\" size=\"20\" \/>\n\t\t\t<\/p>\n\t\t\t<p class=\"wppb-form-field login-password\">\n\t\t\t\t<label for=\"wppb_user_pass\">Password<\/label>\n\t\t\t\t<span class=\"wppb-password-field-container\">\n\t\t\t\t    <input type=\"password\" name=\"pwd\" id=\"wppb_user_pass\" class=\"input\" value=\"\" size=\"20\" \/>\n\t\t\t\t     <!-- add the HTML for the visibility toggle -->\n\t\t\t\t<\/span>\n            <\/p>\n\t\t\t\n\t\t\t\n\t\t\t<p class=\"wppb-form-field login-remember\"><input name=\"rememberme\" type=\"checkbox\" id=\"rememberme\" value=\"forever\" \/><label for=\"rememberme\">Remember Me<\/label><\/p>\n\t\t\t<p class=\"login-submit\">\n\t\t\t\t<input type=\"submit\" name=\"wp-submit\" id=\"wppb-submit\" class=\"button button-primary\" value=\"Log In\"\" \/>\n\t\t\t\t<input type=\"hidden\" name=\"redirect_to\" value=\"https:\/\/hippocrateslap.hu\/tanfolyam\/wp-json\/wp\/v2\/pages\/3950\" \/>\n\t\t\t<\/p>\n\t\t\t<input type=\"hidden\" name=\"wppb_login\" value=\"true\"\/>\n\t\t\t<input type=\"hidden\" name=\"wppb_form_location\" value=\"widget\"\/>\n\t\t\t<input type=\"hidden\" name=\"wppb_request_url\" value=\"https:\/\/hippocrateslap.hu\/tanfolyam\/wp-json\/wp\/v2\/pages\/3950\"\/>\n\t\t\t<input type=\"hidden\" name=\"wppb_lostpassword_url\" value=\"\"\/>\n\t\t\t<input type=\"hidden\" name=\"wppb_redirect_priority\" value=\"\"\/>\n\t\t\t<input type=\"hidden\" name=\"wppb_referer_url\" value=\"\"\/>\n\t\t\t<input type=\"hidden\" id=\"CSRFToken-wppb\" name=\"CSRFToken-wppb\" value=\"9f10dafb93\" \/><input type=\"hidden\" name=\"_wp_http_referer\" value=\"\/tanfolyam\/wp-json\/wp\/v2\/pages\/3950\" \/>\n\t\t\t<input type=\"hidden\" name=\"wppb_redirect_check\" value=\"true\"\/>\n\t\t\t\n\t\t<\/form><script>window.onload = function() { jQuery(document).ready(function($) { $(\"input[name=\\\"log\\\"]\").on(\"keyup\", function() { $(this).val( $.trim($(this).val()) ); }); }); }<\/script><script>if ( document.getElementById(\"rememberme\") ) document.getElementById(\"rememberme\").checked = true;<\/script><\/div><\/p>\n<p><a class=\"button\" href=\"https:\/\/hippocrateslap.hu\/tanfolyam\/regisztracio\/\">Regisztr\u00e1ci\u00f3<\/a><\/p>\n<p><a href=\"https:\/\/hippocrateslap.hu\/tanfolyam\/regisztracio\/uj-jelszo-letrehozasa\/\">Elfelejtette a jelszav\u00e1t?<\/a><\/p>\n<p>\n<p>&nbsp;<\/p>\n\n","protected":false},"excerpt":{"rendered":"<p>A rendezv\u00e9ny a PTE KK I. Belgy\u00f3gy\u00e1szati Klinika hivatalos, akkredit\u00e1lt el\u0151ad\u00e1sait tartalmazza. A szabadon v\u00e1laszthat\u00f3 tov\u00e1bbk\u00e9pz\u00e9st gyermekorvosok, h\u00e1ziorvosok, belgy\u00f3gy\u00e1szok \u00e9s \u00fczemorvosok r\u00e9sz\u00e9re akkredit\u00e1lt\u00e1k. Kredit\u00e9rt\u00e9k: 9 pont 09.30 \u2013 09.35 Megnyit\u00f3 Hippocrates felk\u00e9r\u00e9s 09.35.\u2013 10.00 Prof. Dr. T\u00f3th K\u00e1lm\u00e1n: Kr\u00f3nikus koszor\u00fa\u00e9r szindr\u00f3ma (CCS) az ir\u00e1nyelvekben 10.00 \u2013 10.05 Diszkusszi\u00f3 A Pharmaselect egy\u00fcttm\u0171k\u00f6d\u00e9s\u00e9vel 10.05 \u2013 10.30 Prof. &#8230; <a title=\"Hippocrates V\u00e1ndorgy\u0171l\u00e9s P\u00e9cs \u2013 2026. 02. 21.\" class=\"read-more\" href=\"https:\/\/hippocrateslap.hu\/tanfolyam\/online-tovabbkepzesek-2026\/hippocrates-vandorgyules-pecs-2026-02-21\/\" aria-label=\"Read more about Hippocrates V\u00e1ndorgy\u0171l\u00e9s P\u00e9cs \u2013 2026. 02. 21.\">Olvass tov\u00e1bb<\/a><\/p>\n","protected":false},"author":82,"featured_media":0,"parent":3814,"menu_order":3,"comment_status":"closed","ping_status":"closed","template":"","meta":{"footnotes":""},"class_list":["post-3950","page","type-page","status-publish"],"publishpress_future_action":{"enabled":false,"date":"2026-04-29 12:33:37","action":"change-status","newStatus":"private","terms":[],"taxonomy":"","extraData":[]},"publishpress_future_workflow_manual_trigger":{"enabledWorkflows":[]},"_links":{"self":[{"href":"https:\/\/hippocrateslap.hu\/tanfolyam\/wp-json\/wp\/v2\/pages\/3950","targetHints":{"allow":["GET"]}}],"collection":[{"href":"https:\/\/hippocrateslap.hu\/tanfolyam\/wp-json\/wp\/v2\/pages"}],"about":[{"href":"https:\/\/hippocrateslap.hu\/tanfolyam\/wp-json\/wp\/v2\/types\/page"}],"author":[{"embeddable":true,"href":"https:\/\/hippocrateslap.hu\/tanfolyam\/wp-json\/wp\/v2\/users\/82"}],"replies":[{"embeddable":true,"href":"https:\/\/hippocrateslap.hu\/tanfolyam\/wp-json\/wp\/v2\/comments?post=3950"}],"version-history":[{"count":10,"href":"https:\/\/hippocrateslap.hu\/tanfolyam\/wp-json\/wp\/v2\/pages\/3950\/revisions"}],"predecessor-version":[{"id":3987,"href":"https:\/\/hippocrateslap.hu\/tanfolyam\/wp-json\/wp\/v2\/pages\/3950\/revisions\/3987"}],"up":[{"embeddable":true,"href":"https:\/\/hippocrateslap.hu\/tanfolyam\/wp-json\/wp\/v2\/pages\/3814"}],"wp:attachment":[{"href":"https:\/\/hippocrateslap.hu\/tanfolyam\/wp-json\/wp\/v2\/media?parent=3950"}],"curies":[{"name":"wp","href":"https:\/\/api.w.org\/{rel}","templated":true}]}}