{"id":3869,"date":"2026-02-02T17:42:21","date_gmt":"2026-02-02T16:42:21","guid":{"rendered":"https:\/\/hippocrateslap.hu\/tanfolyam\/?page_id=3869"},"modified":"2026-02-16T17:41:03","modified_gmt":"2026-02-16T16:41:03","slug":"hippocrates-vandorgyules-miskolc-2026-02-07","status":"publish","type":"page","link":"https:\/\/hippocrateslap.hu\/tanfolyam\/online-tovabbkepzesek-2026\/hippocrates-vandorgyules-miskolc-2026-02-07\/","title":{"rendered":"Hippocrates V\u00e1ndorgy\u0171l\u00e9s Miskolc \u2013 2026. 02. 07."},"content":{"rendered":"<p><code><\/code>A rendezv\u00e9ny a <strong>PTE KK I. Belgy\u00f3gy\u00e1szati Klinika<\/strong> hivatalos, akkredit\u00e1lt el\u0151ad\u00e1sait tartalmazza.<br \/>\nA szabadon v\u00e1laszthat\u00f3 tov\u00e1bbk\u00e9pz\u00e9st gyermekorvosok, h\u00e1ziorvosok, belgy\u00f3gy\u00e1szok \u00e9s \u00fczemorvosok r\u00e9sz\u00e9re akkredit\u00e1lt\u00e1k.<br \/>\n<strong>Kredit\u00e9rt\u00e9k: 7 pont<\/strong><\/p>\n<p>&nbsp;<\/p>\n<p>09.30\u201309.35 Megnyit\u00f3<br \/>\nA <strong>Servier Hung\u00e1ria<\/strong> egy\u00fcttm\u0171k\u00f6d\u00e9s\u00e9vel<br \/>\n09.35\u201310.00 <strong>Dr. Varga Eszter:<\/strong> Hat\u00e1sok \u00f6sszegz\u0151d\u00e9se \u00e9s eredm\u00e9nye a v\u00e9n\u00e1s konzervat\u00edv ter\u00e1pi\u00e1ban. Holisztikus szeml\u00e9let a kr\u00f3nikus v\u00e9n\u00e1s beteg ell\u00e1t\u00e1s\u00e1ban<br \/>\n10.00\u201310.05 Diszkusszi\u00f3 <br \/>\n10.00\u201310.05 Diszkusszi\u00f3 <br \/>\nAz <strong>Astellas<\/strong> egy\u00fcttm\u0171k\u00f6d\u00e9s\u00e9vel<br \/>\n10.05\u201310.30 <strong>Dr. Sipos Attila Gergely:<\/strong> A hiperakt\u00edv h\u00f3lyag kezel\u00e9s\u00e9nek aktualit\u00e1sai <br \/>\n10.30\u201310.35 Diszkusszi\u00f3<br \/>\n10.35\u201311.00 <strong>Dr. Bubn\u00f3 Orsolya:<\/strong> H\u0151hull\u00e1mkezel\u00e9s hormonmentesen<br \/>\n11.00\u201311.05 Diszkusszi\u00f3<br \/>\n11.05\u201311.15 <em>Sz\u00fcnet<\/em><br \/>\n<strong>Hippocrates<\/strong> felk\u00e9r\u00e9s<br \/>\n11.15\u201311.40 <strong>Dr. Lombay B\u00e9la:<\/strong> Gasztrointesztin\u00e1lis v\u00e9rz\u00e9sek ell\u00e1t\u00e1s\u00e1nak f\u0151bb szempontjai<br \/>\nAz endoszk\u00f3pia helye az ell\u00e1t\u00e1si l\u00e1ncban<br \/>\n11.40\u201311.45 Diszkusszi\u00f3<br \/>\n<strong>Clinomics Europe<\/strong> egy\u00fcttm\u0171k\u00f6d\u00e9s\u00e9vel<br \/>\n11.45\u201312.10 <strong>Dr. Bir\u00f3 Orsolya:<\/strong> A colorectalis carcinoma liquid biopszia alap\u00fa sz\u0171r\u00e9se \u00e9s monitoroz\u00e1sa<br \/>\n12.10\u201312.15 Diszkusszi\u00f3<br \/>\n12.15\u2013 12.45 <strong>Teszt\u00edr\u00e1s<\/strong> (30 perc kit\u00f6lt\u00e9si id\u0151)<\/p>\n<\/p>\n<h3><strong>Bejelentkez\u00e9s<\/strong><\/h3>\n<p>A tanfolyam megtekint\u00e9s\u00e9hez \u00e9s a teszt kit\u00f6lt\u00e9s\u00e9hez jelentkezzen be, vagy regisztr\u00e1ljon! Ha m\u00e1r kor\u00e1bban regisztr\u00e1lt, akkor csak bejelentkeznie sz\u00fcks\u00e9ges.<\/p>\n<p>Technikai seg\u00edts\u00e9g telefonsz\u00e1ma a rendezv\u00e9ny napj\u00e1n: Tel.: +36303719165<\/p>\n<p><strong>A leggyorsabb,<\/strong> ha m\u00e1r kor\u00e1bban regisztr\u00e1lt \u00e9s most nem tud bel\u00e9pni, hogy megk\u00fcldi sms-ben a nev\u00e9t, e-mail c\u00edm\u00e9t \u00e9s pecs\u00e9tsz\u00e1m\u00e1t, \u00e9s mi be\u00e1ll\u00edtjuk a pecs\u00e9tsz\u00e1m\u00e1t jelsz\u00f3nak. SMS.: +36303719165<\/p>\n<p><div id=\"wppb-login-wrap\" class=\"wppb-user-forms\">\n\t\t<form name=\"wppb-loginform\" id=\"wppb-loginform\" class=\"\" action=\"https:\/\/hippocrateslap.hu\/tanfolyam\/wp-json\/wp\/v2\/pages\/3869\" method=\"post\">\n\t\t\t\n\t\t\t<p class=\"wppb-form-field login-username\">\n\t\t\t\t<label for=\"wppb_user_login\">Email<\/label>\n\t\t\t\t<input type=\"email\" name=\"log\" id=\"wppb_user_login\" class=\"input\" value=\"\" size=\"20\" \/>\n\t\t\t<\/p>\n\t\t\t<p class=\"wppb-form-field login-password\">\n\t\t\t\t<label for=\"wppb_user_pass\">Password<\/label>\n\t\t\t\t<span class=\"wppb-password-field-container\">\n\t\t\t\t    <input type=\"password\" name=\"pwd\" id=\"wppb_user_pass\" class=\"input\" value=\"\" size=\"20\" \/>\n\t\t\t\t     <!-- add the HTML for the visibility toggle -->\n\t\t\t\t<\/span>\n            <\/p>\n\t\t\t\n\t\t\t\n\t\t\t<p class=\"wppb-form-field login-remember\"><input name=\"rememberme\" type=\"checkbox\" id=\"rememberme\" value=\"forever\" \/><label for=\"rememberme\">Remember Me<\/label><\/p>\n\t\t\t<p class=\"login-submit\">\n\t\t\t\t<input type=\"submit\" name=\"wp-submit\" id=\"wppb-submit\" class=\"button button-primary\" value=\"Log In\"\" \/>\n\t\t\t\t<input type=\"hidden\" name=\"redirect_to\" value=\"https:\/\/hippocrateslap.hu\/tanfolyam\/wp-json\/wp\/v2\/pages\/3869\" \/>\n\t\t\t<\/p>\n\t\t\t<input type=\"hidden\" name=\"wppb_login\" value=\"true\"\/>\n\t\t\t<input type=\"hidden\" name=\"wppb_form_location\" value=\"widget\"\/>\n\t\t\t<input type=\"hidden\" name=\"wppb_request_url\" value=\"https:\/\/hippocrateslap.hu\/tanfolyam\/wp-json\/wp\/v2\/pages\/3869\"\/>\n\t\t\t<input type=\"hidden\" name=\"wppb_lostpassword_url\" value=\"\"\/>\n\t\t\t<input type=\"hidden\" name=\"wppb_redirect_priority\" value=\"\"\/>\n\t\t\t<input type=\"hidden\" name=\"wppb_referer_url\" value=\"\"\/>\n\t\t\t<input type=\"hidden\" id=\"CSRFToken-wppb\" name=\"CSRFToken-wppb\" value=\"5746634468\" \/><input type=\"hidden\" name=\"_wp_http_referer\" value=\"\/tanfolyam\/wp-json\/wp\/v2\/pages\/3869\" \/>\n\t\t\t<input type=\"hidden\" name=\"wppb_redirect_check\" value=\"true\"\/>\n\t\t\t\n\t\t<\/form><script>window.onload = function() { jQuery(document).ready(function($) { $(\"input[name=\\\"log\\\"]\").on(\"keyup\", function() { $(this).val( $.trim($(this).val()) ); }); }); }<\/script><script>if ( document.getElementById(\"rememberme\") ) document.getElementById(\"rememberme\").checked = true;<\/script><\/div><\/p>\n<p><a class=\"button\" href=\"https:\/\/hippocrateslap.hu\/tanfolyam\/regisztracio\/\">Regisztr\u00e1ci\u00f3<\/a><\/p>\n<p><a href=\"https:\/\/hippocrateslap.hu\/tanfolyam\/regisztracio\/uj-jelszo-letrehozasa\/\">Elfelejtette a jelszav\u00e1t?<\/a><\/p>\n<p>\n<p>&nbsp;<\/p>\n\n","protected":false},"excerpt":{"rendered":"<p>A rendezv\u00e9ny a PTE KK I. Belgy\u00f3gy\u00e1szati Klinika hivatalos, akkredit\u00e1lt el\u0151ad\u00e1sait tartalmazza. A szabadon v\u00e1laszthat\u00f3 tov\u00e1bbk\u00e9pz\u00e9st gyermekorvosok, h\u00e1ziorvosok, belgy\u00f3gy\u00e1szok \u00e9s \u00fczemorvosok r\u00e9sz\u00e9re akkredit\u00e1lt\u00e1k. Kredit\u00e9rt\u00e9k: 7 pont &nbsp; 09.30\u201309.35 Megnyit\u00f3 A Servier Hung\u00e1ria egy\u00fcttm\u0171k\u00f6d\u00e9s\u00e9vel 09.35\u201310.00 Dr. Varga Eszter: Hat\u00e1sok \u00f6sszegz\u0151d\u00e9se \u00e9s eredm\u00e9nye a v\u00e9n\u00e1s konzervat\u00edv ter\u00e1pi\u00e1ban. Holisztikus szeml\u00e9let a kr\u00f3nikus v\u00e9n\u00e1s beteg ell\u00e1t\u00e1s\u00e1ban 10.00\u201310.05 Diszkusszi\u00f3 10.00\u201310.05 &#8230; <a title=\"Hippocrates V\u00e1ndorgy\u0171l\u00e9s Miskolc \u2013 2026. 02. 07.\" class=\"read-more\" href=\"https:\/\/hippocrateslap.hu\/tanfolyam\/online-tovabbkepzesek-2026\/hippocrates-vandorgyules-miskolc-2026-02-07\/\" aria-label=\"Read more about Hippocrates V\u00e1ndorgy\u0171l\u00e9s Miskolc \u2013 2026. 02. 07.\">Olvass tov\u00e1bb<\/a><\/p>\n","protected":false},"author":82,"featured_media":0,"parent":3814,"menu_order":4,"comment_status":"closed","ping_status":"closed","template":"","meta":{"footnotes":""},"class_list":["post-3869","page","type-page","status-publish"],"publishpress_future_action":{"enabled":false,"date":"2026-04-21 16:51:14","action":"change-status","newStatus":"private","terms":[],"taxonomy":"","extraData":[]},"publishpress_future_workflow_manual_trigger":{"enabledWorkflows":[]},"_links":{"self":[{"href":"https:\/\/hippocrateslap.hu\/tanfolyam\/wp-json\/wp\/v2\/pages\/3869","targetHints":{"allow":["GET"]}}],"collection":[{"href":"https:\/\/hippocrateslap.hu\/tanfolyam\/wp-json\/wp\/v2\/pages"}],"about":[{"href":"https:\/\/hippocrateslap.hu\/tanfolyam\/wp-json\/wp\/v2\/types\/page"}],"author":[{"embeddable":true,"href":"https:\/\/hippocrateslap.hu\/tanfolyam\/wp-json\/wp\/v2\/users\/82"}],"replies":[{"embeddable":true,"href":"https:\/\/hippocrateslap.hu\/tanfolyam\/wp-json\/wp\/v2\/comments?post=3869"}],"version-history":[{"count":43,"href":"https:\/\/hippocrateslap.hu\/tanfolyam\/wp-json\/wp\/v2\/pages\/3869\/revisions"}],"predecessor-version":[{"id":3959,"href":"https:\/\/hippocrateslap.hu\/tanfolyam\/wp-json\/wp\/v2\/pages\/3869\/revisions\/3959"}],"up":[{"embeddable":true,"href":"https:\/\/hippocrateslap.hu\/tanfolyam\/wp-json\/wp\/v2\/pages\/3814"}],"wp:attachment":[{"href":"https:\/\/hippocrateslap.hu\/tanfolyam\/wp-json\/wp\/v2\/media?parent=3869"}],"curies":[{"name":"wp","href":"https:\/\/api.w.org\/{rel}","templated":true}]}}