{"id":3814,"date":"2023-07-28T13:45:24","date_gmt":"2026-01-09T15:02:56","guid":{"rendered":"https:\/\/hippocrateslap.hu\/tanfolyam\/?page_id=3814"},"modified":"2026-03-30T17:08:33","modified_gmt":"2026-03-30T16:08:33","slug":"online-tovabbkepzesek-2026","status":"publish","type":"page","link":"https:\/\/hippocrateslap.hu\/tanfolyam\/","title":{"rendered":"Online tov\u00e1bbk\u00e9pz\u00e9sek 2026"},"content":{"rendered":"<p>&nbsp;<\/p>\n<p>&nbsp;<\/p>\n<p style=\"text-align: center;\">&#8212;&#8212;&#8212;&#8212;&#8212;&#8212;&#8212;&#8212;&#8212;&#8212;&#8212;&#8212;&#8212;&#8212;&#8212;&#8212;&#8212;&#8212;&#8212;&#8212;&#8212;&#8212;-<\/p>\n<p>&nbsp;<\/p>\n<p style=\"text-align: center;\">Lezajlott online tov\u00e1bbk\u00e9pz\u00e9sek:<\/p>\n<p style=\"text-align: center;\"><a class=\"button\" href=\"https:\/\/hippocrateslap.hu\/tanfolyam\/online-tovabbkepzesek-2026\/hippocrates-vandorgyules-zalaegerszeg-2026-03-28\/\"><code><\/code>Hippocrates V\u00e1ndorgy\u0171l\u00e9s Zalaegerszeg \u2013 2026. 03. 28.<\/a><\/p>\n<p style=\"text-align: center;\"><a class=\"button\" href=\"https:\/\/hippocrateslap.hu\/tanfolyam\/online-tovabbkepzesek-2026\/hippocrates-vandorgyules-debrecen-2026-03-21\/\"><code><\/code>Hippocrates V\u00e1ndorgy\u0171l\u00e9s Debrecen \u2013 2026. 03. 21.<\/a><\/p>\n<p style=\"text-align: center;\"><a class=\"button\" href=\"https:\/\/hippocrateslap.hu\/tanfolyam\/online-tovabbkepzesek-2026\/hippocrates-vandorgyules-szeged-2026-03-07\/\">Hippocrates V\u00e1ndorgy\u0171l\u00e9s Szeged \u2013 2026. 03. 07.<\/a><\/p>\n<p style=\"text-align: center;\"><a class=\"button\" href=\"https:\/\/hippocrateslap.hu\/tanfolyam\/online-tovabbkepzesek-2026\/hippocrates-vandorgyules-pecs-2026-02-21\/\">Hippocrates V\u00e1ndorgy\u0171l\u00e9s P\u00e9cs \u2013 2026. 02. 21.<\/a><\/p>\n<p><code><code><\/code><\/code><\/p>\n<p><code><code><\/code><\/code><\/p>\n<p><code><code><\/code><\/code><\/p>\n<p><code><code><\/code><\/code><\/p>\n<p style=\"text-align: center;\"><a class=\"button\" href=\"https:\/\/hippocrateslap.hu\/tanfolyam\/online-tovabbkepzesek-2026\/hippocrates-vandorgyules-miskolc-2026-02-07\/\">Hippocrates V\u00e1ndorgy\u0171l\u00e9s Miskolc \u2013 2026. 02. 07.<\/a><\/p>\n<p style=\"text-align: center;\"><a class=\"button\" href=\"https:\/\/hippocrateslap.hu\/tanfolyam\/hippocrates-vandorgyules-budapest-2026-01-17\/\">Hippocrates V\u00e1ndorgy\u0171l\u00e9s Budapest \u2013 2026. 01. 17.<\/a><\/p>\n<p><code><code><\/code><\/code><\/p>\n<p style=\"text-align: left;\">\u00a0<\/p>\n<p><code><code><\/code><\/code><\/p>\n<p style=\"text-align: left;\">\u00a0<\/p>\n","protected":false},"excerpt":{"rendered":"<p>&nbsp; &nbsp; &#8212;&#8212;&#8212;&#8212;&#8212;&#8212;&#8212;&#8212;&#8212;&#8212;&#8212;&#8212;&#8212;&#8212;&#8212;&#8212;&#8212;&#8212;&#8212;&#8212;&#8212;&#8212;- &nbsp; Lezajlott online tov\u00e1bbk\u00e9pz\u00e9sek: Hippocrates V\u00e1ndorgy\u0171l\u00e9s Zalaegerszeg \u2013 2026. 03. 28. Hippocrates V\u00e1ndorgy\u0171l\u00e9s Debrecen \u2013 2026. 03. 21. Hippocrates V\u00e1ndorgy\u0171l\u00e9s Szeged \u2013 2026. 03. 07. Hippocrates V\u00e1ndorgy\u0171l\u00e9s P\u00e9cs \u2013 2026. 02. 21. Hippocrates V\u00e1ndorgy\u0171l\u00e9s Miskolc \u2013 2026. 02. 07. Hippocrates V\u00e1ndorgy\u0171l\u00e9s Budapest \u2013 2026. 01. 17. \u00a0 \u00a0<\/p>\n","protected":false},"author":1,"featured_media":0,"parent":0,"menu_order":1,"comment_status":"closed","ping_status":"closed","template":"","meta":{"footnotes":""},"class_list":["post-3814","page","type-page","status-publish"],"publishpress_future_action":{"enabled":false,"date":"2026-04-15 11:46:35","action":"change-status","newStatus":"private","terms":[],"taxonomy":"","extraData":[]},"publishpress_future_workflow_manual_trigger":{"enabledWorkflows":[]},"_links":{"self":[{"href":"https:\/\/hippocrateslap.hu\/tanfolyam\/wp-json\/wp\/v2\/pages\/3814","targetHints":{"allow":["GET"]}}],"collection":[{"href":"https:\/\/hippocrateslap.hu\/tanfolyam\/wp-json\/wp\/v2\/pages"}],"about":[{"href":"https:\/\/hippocrateslap.hu\/tanfolyam\/wp-json\/wp\/v2\/types\/page"}],"author":[{"embeddable":true,"href":"https:\/\/hippocrateslap.hu\/tanfolyam\/wp-json\/wp\/v2\/users\/1"}],"replies":[{"embeddable":true,"href":"https:\/\/hippocrateslap.hu\/tanfolyam\/wp-json\/wp\/v2\/comments?post=3814"}],"version-history":[{"count":30,"href":"https:\/\/hippocrateslap.hu\/tanfolyam\/wp-json\/wp\/v2\/pages\/3814\/revisions"}],"predecessor-version":[{"id":4074,"href":"https:\/\/hippocrateslap.hu\/tanfolyam\/wp-json\/wp\/v2\/pages\/3814\/revisions\/4074"}],"wp:attachment":[{"href":"https:\/\/hippocrateslap.hu\/tanfolyam\/wp-json\/wp\/v2\/media?parent=3814"}],"curies":[{"name":"wp","href":"https:\/\/api.w.org\/{rel}","templated":true}]}}