{"id":3810,"date":"2026-01-09T15:58:28","date_gmt":"2026-01-09T14:58:28","guid":{"rendered":"https:\/\/hippocrateslap.hu\/tanfolyam\/?page_id=3810"},"modified":"2026-02-16T17:42:37","modified_gmt":"2026-02-16T16:42:37","slug":"hippocrates-vandorgyules-budapest-2026-01-17","status":"publish","type":"page","link":"https:\/\/hippocrateslap.hu\/tanfolyam\/online-tovabbkepzesek-2026\/hippocrates-vandorgyules-budapest-2026-01-17\/","title":{"rendered":"Hippocrates V\u00e1ndorgy\u0171l\u00e9s Budapest \u2013 2026. 01. 17."},"content":{"rendered":"<p>A rendezv\u00e9ny a <strong>PTE KK I. Belgy\u00f3gy\u00e1szati Klinika<\/strong> hivatalos, akkredit\u00e1lt el\u0151ad\u00e1sait tartalmazza.<br \/>\nA szabadon v\u00e1laszthat\u00f3 tov\u00e1bbk\u00e9pz\u00e9st gyermekorvosok, h\u00e1ziorvosok, belgy\u00f3gy\u00e1szok \u00e9s \u00fczemorvosok r\u00e9sz\u00e9re akkredit\u00e1lt\u00e1k.<br \/>\n<strong>Kredit\u00e9rt\u00e9k: 8 pont<\/strong><\/p>\n<p>&nbsp;<\/p>\n<p>09.50\u201310.00 Megnyit\u00f3<\/p>\n<p>A <strong>Servier Hung\u00e1ria<\/strong> egy\u00fcttm\u0171k\u00f6d\u00e9s\u00e9vel<\/p>\n<p>10.00\u201310.20 <strong>Dr. T\u00e4nczer T\u00edmea:<\/strong> Hat\u00e1sok \u00f6sszegz\u0151d\u00e9se \u00e9s eredm\u00e9nye a T2DM ter\u00e1pi\u00e1j\u00e1ban<\/p>\n<p>10.20\u201310.25 Diszkusszi\u00f3<\/p>\n<p>10.25\u201310.45 <strong>Dr. Hev\u00e9r T\u00edmea:<\/strong> Hat\u00e1sok \u00f6sszegz\u0151d\u00e9se \u00e9s eredm\u00e9nye a v\u00e9n\u00e1s konzervat\u00edv ter\u00e1pi\u00e1ban<\/p>\n<p>10.45\u201310.50 Diszkusszi\u00f3<\/p>\n<p>Az Astellas egy\u00fcttm\u0171k\u00f6d\u00e9s\u00e9vel<\/p>\n<p>10.50\u201311.10 <strong>Dr. Moln\u00e1r P\u00e9ter J\u00f3zsef:<\/strong> A hiperakt\u00edv h\u00f3lyag kezel\u00e9s\u00e9nek aktualit\u00e1sai<\/p>\n<p>11.10\u201311.15 Diszkusszi\u00f3<\/p>\n<p>11.15\u201311.35 <strong>Dr. L\u00e1szl\u00f3 D\u00e1niel:<\/strong> H\u0151hull\u00e1m kezel\u00e9se hormonmentesen<\/p>\n<p>11.35\u201311.40 Diszkusszi\u00f3<\/p>\n<p>Az <strong>IBSA Pharma<\/strong> egy\u00fcttm\u0171k\u00f6d\u00e9s\u00e9vel<\/p>\n<p>11.40\u201312.00 <strong>Dr. Sipos Andrea:<\/strong> V\u00e1ltoz\u00f3kori genitourin\u00e1ris k\u00f3rk\u00e9pek \u00e9s azok kezel\u00e9se hialuronsavas k\u00e9sz\u00edtm\u00e9nyekkel<\/p>\n<p>12.00\u201312.05 Diszkusszi\u00f3<\/p>\n<p>12.05\u201313.00 <em>Eb\u00e9dsz\u00fcnet<\/em><\/p>\n<p>A <strong>Pharmaselect<\/strong> egy\u00fcttm\u0171k\u00f6d\u00e9s\u00e9vel<\/p>\n<p>13.00\u201313.20 <strong>Dr. P\u00e1link\u00e1s M\u00e1rton:<\/strong> K\u00f6szv\u00e9ny \u00e9s kardiovaszkul\u00e1ris komorbidit\u00e1s<\/p>\n<p>13.20\u201313.25 Diszkusszi\u00f3<\/p>\n<p>A <strong>Pharmanext<\/strong> egy\u00fcttm\u0171k\u00f6d\u00e9s\u00e9vel<\/p>\n<p>13.25\u201314.00 <strong>Dr. Gerencs\u00e9r Em\u0151ke:<\/strong> Als\u00f3 \u00e9s fels\u0151 l\u00e9g\u00fati traktus gyullad\u00e1sos betegs\u00e9geinek t\u00fcnetei, fels\u0151 l\u00e9g\u00fati fert\u0151z\u00e9sek ter\u00e1pi\u00e1s priorit\u00e1sa<\/p>\n<p>14.00\u201314.05 Diszkusszi\u00f3<\/p>\n<p>14.05\u201314.35\u00a0 Teszt\u00edr\u00e1s\u00a0 (30 perc kit\u00f6lt\u00e9si id\u0151)<\/p>\n<\/p>\n<h3><strong>Bejelentkez\u00e9s<\/strong><\/h3>\n<p>A tanfolyam megtekint\u00e9s\u00e9hez \u00e9s a teszt kit\u00f6lt\u00e9s\u00e9hez jelentkezzen be, vagy regisztr\u00e1ljon! Ha m\u00e1r kor\u00e1bban regisztr\u00e1lt, akkor csak bejelentkeznie sz\u00fcks\u00e9ges.<\/p>\n<p>Technikai seg\u00edts\u00e9g telefonsz\u00e1ma a rendezv\u00e9ny napj\u00e1n: Tel.: +36303719165<\/p>\n<p><strong>A leggyorsabb,<\/strong> ha m\u00e1r kor\u00e1bban regisztr\u00e1lt \u00e9s most nem tud bel\u00e9pni, hogy megk\u00fcldi sms-ben a nev\u00e9t, e-mail c\u00edm\u00e9t \u00e9s pecs\u00e9tsz\u00e1m\u00e1t, \u00e9s mi be\u00e1ll\u00edtjuk a pecs\u00e9tsz\u00e1m\u00e1t jelsz\u00f3nak. SMS.: +36303719165<\/p>\n<p><div id=\"wppb-login-wrap\" class=\"wppb-user-forms\">\n\t\t<form name=\"wppb-loginform\" id=\"wppb-loginform\" class=\"\" action=\"https:\/\/hippocrateslap.hu\/tanfolyam\/wp-json\/wp\/v2\/pages\/3810\" method=\"post\">\n\t\t\t\n\t\t\t<p class=\"wppb-form-field login-username\">\n\t\t\t\t<label for=\"wppb_user_login\">Email<\/label>\n\t\t\t\t<input type=\"email\" name=\"log\" id=\"wppb_user_login\" class=\"input\" value=\"\" size=\"20\" \/>\n\t\t\t<\/p>\n\t\t\t<p class=\"wppb-form-field login-password\">\n\t\t\t\t<label for=\"wppb_user_pass\">Password<\/label>\n\t\t\t\t<span class=\"wppb-password-field-container\">\n\t\t\t\t    <input type=\"password\" name=\"pwd\" id=\"wppb_user_pass\" class=\"input\" value=\"\" size=\"20\" \/>\n\t\t\t\t     <!-- add the HTML for the visibility toggle -->\n\t\t\t\t<\/span>\n            <\/p>\n\t\t\t\n\t\t\t\n\t\t\t<p class=\"wppb-form-field login-remember\"><input name=\"rememberme\" type=\"checkbox\" id=\"rememberme\" value=\"forever\" \/><label for=\"rememberme\">Remember Me<\/label><\/p>\n\t\t\t<p class=\"login-submit\">\n\t\t\t\t<input type=\"submit\" name=\"wp-submit\" id=\"wppb-submit\" class=\"button button-primary\" value=\"Log In\"\" \/>\n\t\t\t\t<input type=\"hidden\" name=\"redirect_to\" value=\"https:\/\/hippocrateslap.hu\/tanfolyam\/wp-json\/wp\/v2\/pages\/3810\" \/>\n\t\t\t<\/p>\n\t\t\t<input type=\"hidden\" name=\"wppb_login\" value=\"true\"\/>\n\t\t\t<input type=\"hidden\" name=\"wppb_form_location\" value=\"widget\"\/>\n\t\t\t<input type=\"hidden\" name=\"wppb_request_url\" value=\"https:\/\/hippocrateslap.hu\/tanfolyam\/wp-json\/wp\/v2\/pages\/3810\"\/>\n\t\t\t<input type=\"hidden\" name=\"wppb_lostpassword_url\" value=\"\"\/>\n\t\t\t<input type=\"hidden\" name=\"wppb_redirect_priority\" value=\"\"\/>\n\t\t\t<input type=\"hidden\" name=\"wppb_referer_url\" value=\"\"\/>\n\t\t\t<input type=\"hidden\" id=\"CSRFToken-wppb\" name=\"CSRFToken-wppb\" value=\"af79479814\" \/><input type=\"hidden\" name=\"_wp_http_referer\" value=\"\/tanfolyam\/wp-json\/wp\/v2\/pages\/3810\" \/>\n\t\t\t<input type=\"hidden\" name=\"wppb_redirect_check\" value=\"true\"\/>\n\t\t\t\n\t\t<\/form><script>window.onload = function() { jQuery(document).ready(function($) { $(\"input[name=\\\"log\\\"]\").on(\"keyup\", function() { $(this).val( $.trim($(this).val()) ); }); }); }<\/script><script>if ( document.getElementById(\"rememberme\") ) document.getElementById(\"rememberme\").checked = true;<\/script><\/div><\/p>\n<p><a class=\"button\" href=\"https:\/\/hippocrateslap.hu\/tanfolyam\/regisztracio\/\">Regisztr\u00e1ci\u00f3<\/a><\/p>\n<p><a href=\"https:\/\/hippocrateslap.hu\/tanfolyam\/regisztracio\/uj-jelszo-letrehozasa\/\">Elfelejtette a jelszav\u00e1t?<\/a><\/p>\n<p>\n<p>&nbsp;<\/p>\n\n<p>&nbsp;<\/p>\n<p>&nbsp;<\/p>\n","protected":false},"excerpt":{"rendered":"<p>A rendezv\u00e9ny a PTE KK I. Belgy\u00f3gy\u00e1szati Klinika hivatalos, akkredit\u00e1lt el\u0151ad\u00e1sait tartalmazza. A szabadon v\u00e1laszthat\u00f3 tov\u00e1bbk\u00e9pz\u00e9st gyermekorvosok, h\u00e1ziorvosok, belgy\u00f3gy\u00e1szok \u00e9s \u00fczemorvosok r\u00e9sz\u00e9re akkredit\u00e1lt\u00e1k. Kredit\u00e9rt\u00e9k: 8 pont &nbsp; 09.50\u201310.00 Megnyit\u00f3 A Servier Hung\u00e1ria egy\u00fcttm\u0171k\u00f6d\u00e9s\u00e9vel 10.00\u201310.20 Dr. T\u00e4nczer T\u00edmea: Hat\u00e1sok \u00f6sszegz\u0151d\u00e9se \u00e9s eredm\u00e9nye a T2DM ter\u00e1pi\u00e1j\u00e1ban 10.20\u201310.25 Diszkusszi\u00f3 10.25\u201310.45 Dr. Hev\u00e9r T\u00edmea: Hat\u00e1sok \u00f6sszegz\u0151d\u00e9se \u00e9s eredm\u00e9nye a &#8230; <a title=\"Hippocrates V\u00e1ndorgy\u0171l\u00e9s Budapest \u2013 2026. 01. 17.\" class=\"read-more\" href=\"https:\/\/hippocrateslap.hu\/tanfolyam\/online-tovabbkepzesek-2026\/hippocrates-vandorgyules-budapest-2026-01-17\/\" aria-label=\"Read more about Hippocrates V\u00e1ndorgy\u0171l\u00e9s Budapest \u2013 2026. 01. 17.\">Olvass tov\u00e1bb<\/a><\/p>\n","protected":false},"author":1,"featured_media":0,"parent":3814,"menu_order":5,"comment_status":"closed","ping_status":"closed","template":"","meta":{"footnotes":""},"class_list":["post-3810","page","type-page","status-publish"],"publishpress_future_action":{"enabled":false,"date":"2026-04-15 13:40:37","action":"change-status","newStatus":"private","terms":[],"taxonomy":"","extraData":[]},"publishpress_future_workflow_manual_trigger":{"enabledWorkflows":[]},"_links":{"self":[{"href":"https:\/\/hippocrateslap.hu\/tanfolyam\/wp-json\/wp\/v2\/pages\/3810","targetHints":{"allow":["GET"]}}],"collection":[{"href":"https:\/\/hippocrateslap.hu\/tanfolyam\/wp-json\/wp\/v2\/pages"}],"about":[{"href":"https:\/\/hippocrateslap.hu\/tanfolyam\/wp-json\/wp\/v2\/types\/page"}],"author":[{"embeddable":true,"href":"https:\/\/hippocrateslap.hu\/tanfolyam\/wp-json\/wp\/v2\/users\/1"}],"replies":[{"embeddable":true,"href":"https:\/\/hippocrateslap.hu\/tanfolyam\/wp-json\/wp\/v2\/comments?post=3810"}],"version-history":[{"count":12,"href":"https:\/\/hippocrateslap.hu\/tanfolyam\/wp-json\/wp\/v2\/pages\/3810\/revisions"}],"predecessor-version":[{"id":3961,"href":"https:\/\/hippocrateslap.hu\/tanfolyam\/wp-json\/wp\/v2\/pages\/3810\/revisions\/3961"}],"up":[{"embeddable":true,"href":"https:\/\/hippocrateslap.hu\/tanfolyam\/wp-json\/wp\/v2\/pages\/3814"}],"wp:attachment":[{"href":"https:\/\/hippocrateslap.hu\/tanfolyam\/wp-json\/wp\/v2\/media?parent=3810"}],"curies":[{"name":"wp","href":"https:\/\/api.w.org\/{rel}","templated":true}]}}