{"id":3684,"date":"2025-02-03T17:19:08","date_gmt":"2025-02-03T16:19:08","guid":{"rendered":"https:\/\/hippocrateslap.hu\/tanfolyam\/?page_id=3684"},"modified":"2025-02-28T09:21:44","modified_gmt":"2025-02-28T08:21:44","slug":"hippocrates-vandorgyules-szeged-2025-02-15","status":"publish","type":"page","link":"https:\/\/hippocrateslap.hu\/tanfolyam\/online-tovabbkepzesek-2025\/hippocrates-vandorgyules-szeged-2025-02-15\/","title":{"rendered":"Hippocrates V\u00e1ndorgy\u0171l\u00e9s Szeged, 2025.02.15."},"content":{"rendered":"<p><code><\/code><br \/>\n10.15-10.20 Megnyit\u00f3<br \/>\n<strong>Pharmaselect<\/strong> egy\u00fcttm\u0171k\u00f6d\u00e9s\u00e9vel<br \/>\n10.20-10.40 <strong>Dr. Hemelein Rita:<\/strong> Colchicin szerepe a mindennapi k\u00f6szv\u00e9nyben<br \/>\n10.40-10.45 Diszkusszi\u00f3<br \/>\n<strong>Servier<\/strong> egy\u00fcttm\u0171k\u00f6d\u00e9s\u00e9vel<br \/>\n10.45-11.05 <strong>Dr. Andr\u00e1si L\u00e1szl\u00f3:<\/strong> Arany\u00e9rbetegs\u00e9g. Konzervat\u00edv vagy invaz\u00edv kezel\u00e9s? \u00daj RWE adatok f\u00e9ny\u00e9ben<br \/>\n11.05-11.10 Diszkusszi\u00f3 <br \/>\n<strong>Supremex<\/strong> egy\u00fcttm\u0171k\u00f6d\u00e9s\u00e9vel<br \/>\n11.10-11.30 <strong>Dr. Roszt\u00f3czy Andr\u00e1s:<\/strong> Funkcion\u00e1lis diszpepszia \u00e9s az IBS ell\u00e1t\u00e1s\u00e1nak h\u00e1ziorvosi \u00e9s szakorvosi kompetenci\u00e1i<br \/>\n11.30-11.35 Diszkusszi\u00f3<br \/>\n11.35-11.45 <em>Sz\u00fcnet<\/em><br \/>\n<strong>IBSA<\/strong> egy\u00fcttm\u0171k\u00f6d\u00e9s\u00e9vel<br \/>\n11.45-12.05 <strong>Dr. Kenyeres Bal\u00e1zs:<\/strong> Az IC\/BPS diagnosztik\u00e1ja \u00e9s kezel\u00e9se \u2013 h\u00e1ziorvosi szempontok<br \/>\n12.05-12.10 Diszkusszi\u00f3<br \/>\n<strong>Astellas<\/strong> egy\u00fcttm\u0171k\u00f6d\u00e9s\u00e9vel<br \/>\n12.10-12.30 <strong>Prof. Dr. Bajory Zolt\u00e1n:<\/strong> Az als\u00f3 h\u00fagy\u00fati t\u00fcnetek \u00e9s hiperakt\u00edv h\u00f3lyag korszer\u0171 kezel\u00e9se<br \/>\n12.30-12.35 Diszkusszi\u00f3 <br \/>\n12.35-12..50 <strong>Teszt\u00edr\u00e1s<\/strong><\/p>\n<\/p>\n<h3><strong>Bejelentkez\u00e9s<\/strong><\/h3>\n<p>A tanfolyam megtekint\u00e9s\u00e9hez \u00e9s a teszt kit\u00f6lt\u00e9s\u00e9hez jelentkezzen be, vagy regisztr\u00e1ljon! Ha m\u00e1r kor\u00e1bban regisztr\u00e1lt, akkor csak bejelentkeznie sz\u00fcks\u00e9ges.<\/p>\n<p>Technikai seg\u00edts\u00e9g telefonsz\u00e1ma a rendezv\u00e9ny napj\u00e1n: Tel.: +36303719165<\/p>\n<p><strong>A leggyorsabb,<\/strong> ha m\u00e1r kor\u00e1bban regisztr\u00e1lt \u00e9s most nem tud bel\u00e9pni, hogy megk\u00fcldi sms-ben a nev\u00e9t, e-mail c\u00edm\u00e9t \u00e9s pecs\u00e9tsz\u00e1m\u00e1t, \u00e9s mi be\u00e1ll\u00edtjuk a pecs\u00e9tsz\u00e1m\u00e1t jelsz\u00f3nak. SMS.: +36303719165<\/p>\n<p><div id=\"wppb-login-wrap\" class=\"wppb-user-forms\">\n\t\t<form name=\"wppb-loginform\" id=\"wppb-loginform\" class=\"\" action=\"https:\/\/hippocrateslap.hu\/tanfolyam\/wp-json\/wp\/v2\/pages\/3684\" method=\"post\">\n\t\t\t\n\t\t\t<p class=\"wppb-form-field login-username\">\n\t\t\t\t<label for=\"wppb_user_login\">Email<\/label>\n\t\t\t\t<input type=\"email\" name=\"log\" id=\"wppb_user_login\" class=\"input\" value=\"\" size=\"20\" \/>\n\t\t\t<\/p>\n\t\t\t<p class=\"wppb-form-field login-password\">\n\t\t\t\t<label for=\"wppb_user_pass\">Password<\/label>\n\t\t\t\t<span class=\"wppb-password-field-container\">\n\t\t\t\t    <input type=\"password\" name=\"pwd\" id=\"wppb_user_pass\" class=\"input\" value=\"\" size=\"20\" \/>\n\t\t\t\t     <!-- add the HTML for the visibility toggle -->\n\t\t\t\t<\/span>\n            <\/p>\n\t\t\t\n\t\t\t\n\t\t\t<p class=\"wppb-form-field login-remember\"><input name=\"rememberme\" type=\"checkbox\" id=\"rememberme\" value=\"forever\" \/><label for=\"rememberme\">Remember Me<\/label><\/p>\n\t\t\t<p class=\"login-submit\">\n\t\t\t\t<input type=\"submit\" name=\"wp-submit\" id=\"wppb-submit\" class=\"button button-primary\" value=\"Log In\"\" \/>\n\t\t\t\t<input type=\"hidden\" name=\"redirect_to\" value=\"https:\/\/hippocrateslap.hu\/tanfolyam\/wp-json\/wp\/v2\/pages\/3684\" \/>\n\t\t\t<\/p>\n\t\t\t<input type=\"hidden\" name=\"wppb_login\" value=\"true\"\/>\n\t\t\t<input type=\"hidden\" name=\"wppb_form_location\" value=\"widget\"\/>\n\t\t\t<input type=\"hidden\" name=\"wppb_request_url\" value=\"https:\/\/hippocrateslap.hu\/tanfolyam\/wp-json\/wp\/v2\/pages\/3684\"\/>\n\t\t\t<input type=\"hidden\" name=\"wppb_lostpassword_url\" value=\"\"\/>\n\t\t\t<input type=\"hidden\" name=\"wppb_redirect_priority\" value=\"\"\/>\n\t\t\t<input type=\"hidden\" name=\"wppb_referer_url\" value=\"\"\/>\n\t\t\t<input type=\"hidden\" id=\"CSRFToken-wppb\" name=\"CSRFToken-wppb\" value=\"af79479814\" \/><input type=\"hidden\" name=\"_wp_http_referer\" value=\"\/tanfolyam\/wp-json\/wp\/v2\/pages\/3684\" \/>\n\t\t\t<input type=\"hidden\" name=\"wppb_redirect_check\" value=\"true\"\/>\n\t\t\t\n\t\t<\/form><script>window.onload = function() { jQuery(document).ready(function($) { $(\"input[name=\\\"log\\\"]\").on(\"keyup\", function() { $(this).val( $.trim($(this).val()) ); }); }); }<\/script><script>if ( document.getElementById(\"rememberme\") ) document.getElementById(\"rememberme\").checked = true;<\/script><\/div><\/p>\n<p><a class=\"button\" href=\"https:\/\/hippocrateslap.hu\/tanfolyam\/regisztracio\/\">Regisztr\u00e1ci\u00f3<\/a><\/p>\n<p><a href=\"https:\/\/hippocrateslap.hu\/tanfolyam\/regisztracio\/uj-jelszo-letrehozasa\/\">Elfelejtette a jelszav\u00e1t?<\/a><\/p>\n<p>\n<p>&nbsp;<\/p>\n\n","protected":false},"excerpt":{"rendered":"<p>10.15-10.20 Megnyit\u00f3 Pharmaselect egy\u00fcttm\u0171k\u00f6d\u00e9s\u00e9vel 10.20-10.40 Dr. Hemelein Rita: Colchicin szerepe a mindennapi k\u00f6szv\u00e9nyben 10.40-10.45 Diszkusszi\u00f3 Servier egy\u00fcttm\u0171k\u00f6d\u00e9s\u00e9vel 10.45-11.05 Dr. Andr\u00e1si L\u00e1szl\u00f3: Arany\u00e9rbetegs\u00e9g. Konzervat\u00edv vagy invaz\u00edv kezel\u00e9s? \u00daj RWE adatok f\u00e9ny\u00e9ben 11.05-11.10 Diszkusszi\u00f3 Supremex egy\u00fcttm\u0171k\u00f6d\u00e9s\u00e9vel 11.10-11.30 Dr. Roszt\u00f3czy Andr\u00e1s: Funkcion\u00e1lis diszpepszia \u00e9s az IBS ell\u00e1t\u00e1s\u00e1nak h\u00e1ziorvosi \u00e9s szakorvosi kompetenci\u00e1i 11.30-11.35 Diszkusszi\u00f3 11.35-11.45 Sz\u00fcnet IBSA egy\u00fcttm\u0171k\u00f6d\u00e9s\u00e9vel 11.45-12.05 &#8230; <a title=\"Hippocrates V\u00e1ndorgy\u0171l\u00e9s Szeged, 2025.02.15.\" class=\"read-more\" href=\"https:\/\/hippocrateslap.hu\/tanfolyam\/online-tovabbkepzesek-2025\/hippocrates-vandorgyules-szeged-2025-02-15\/\" aria-label=\"Read more about Hippocrates V\u00e1ndorgy\u0171l\u00e9s Szeged, 2025.02.15.\">Olvass tov\u00e1bb<\/a><\/p>\n","protected":false},"author":82,"featured_media":0,"parent":3617,"menu_order":3,"comment_status":"closed","ping_status":"closed","template":"","meta":{"footnotes":""},"class_list":["post-3684","page","type-page","status-publish"],"publishpress_future_action":{"enabled":false,"date":"2026-04-15 15:12:49","action":"change-status","newStatus":"private","terms":[],"taxonomy":"","extraData":[]},"publishpress_future_workflow_manual_trigger":{"enabledWorkflows":[]},"_links":{"self":[{"href":"https:\/\/hippocrateslap.hu\/tanfolyam\/wp-json\/wp\/v2\/pages\/3684","targetHints":{"allow":["GET"]}}],"collection":[{"href":"https:\/\/hippocrateslap.hu\/tanfolyam\/wp-json\/wp\/v2\/pages"}],"about":[{"href":"https:\/\/hippocrateslap.hu\/tanfolyam\/wp-json\/wp\/v2\/types\/page"}],"author":[{"embeddable":true,"href":"https:\/\/hippocrateslap.hu\/tanfolyam\/wp-json\/wp\/v2\/users\/82"}],"replies":[{"embeddable":true,"href":"https:\/\/hippocrateslap.hu\/tanfolyam\/wp-json\/wp\/v2\/comments?post=3684"}],"version-history":[{"count":4,"href":"https:\/\/hippocrateslap.hu\/tanfolyam\/wp-json\/wp\/v2\/pages\/3684\/revisions"}],"predecessor-version":[{"id":3694,"href":"https:\/\/hippocrateslap.hu\/tanfolyam\/wp-json\/wp\/v2\/pages\/3684\/revisions\/3694"}],"up":[{"embeddable":true,"href":"https:\/\/hippocrateslap.hu\/tanfolyam\/wp-json\/wp\/v2\/pages\/3617"}],"wp:attachment":[{"href":"https:\/\/hippocrateslap.hu\/tanfolyam\/wp-json\/wp\/v2\/media?parent=3684"}],"curies":[{"name":"wp","href":"https:\/\/api.w.org\/{rel}","templated":true}]}}