{"id":3659,"date":"2025-01-27T10:51:35","date_gmt":"2025-01-27T09:51:35","guid":{"rendered":"https:\/\/hippocrateslap.hu\/tanfolyam\/?page_id=3659"},"modified":"2025-03-24T14:56:45","modified_gmt":"2025-03-24T13:56:45","slug":"hippocrates-vandorgyules-miskolc-2025-02-01","status":"publish","type":"page","link":"https:\/\/hippocrateslap.hu\/tanfolyam\/online-tovabbkepzesek-2025\/hippocrates-vandorgyules-miskolc-2025-02-01\/","title":{"rendered":"Hippocrates V\u00e1ndorgy\u0171l\u00e9s Miskolc, 2025.02.01."},"content":{"rendered":"<p><code><\/code>09.55.10.00 <strong>Megnyit\u00f3<\/strong><\/p>\n<p>\n<strong>Pharmaselect<\/strong> egy\u00fcttm\u0171k\u00f6d\u00e9s\u00e9vel<br \/>\n10.00-10.20 <strong>Dr. Kardos Zs\u00f3fia:<\/strong> Colchicin szerepe a mindennapi k\u00f6szv\u00e9nyben<br \/>\n10.20-10.25 Diszkusszi\u00f3<br \/>\n<strong>Servier<\/strong> egy\u00fcttm\u0171k\u00f6d\u00e9s\u00e9vel<br \/>\n10.25-10.45 <strong>Dr. S\u00edpos Zs\u00f3fia:<\/strong> Arany\u00e9rbetegs\u00e9g. Konzervat\u00edv vagy invaz\u00edv kezel\u00e9s? \u00daj RWE adatok f\u00e9ny\u00e9ben<br \/>\n10.45-10.50 Diszkusszi\u00f3<br \/>\n<strong>Astellas<\/strong> egy\u00fcttm\u0171k\u00f6d\u00e9s\u00e9vel<br \/>\n10.50-11.10 <strong>Dr. Kerchner Csaba:<\/strong> Az als\u00f3 h\u00fagy\u00fati t\u00fcnetek \u00e9s hiperakt\u00edv h\u00f3lyag korszer\u0171 kezel\u00e9se<br \/>\n11.10-11.15 Diszkusszi\u00f3<br \/>\n11.15-11.25 <em>Technikai sz\u00fcnet<\/em><br \/>\n<strong>Supremex<\/strong> egy\u00fcttm\u0171k\u00f6d\u00e9s\u00e9vel<br \/>\n11.25-11.45 <strong>Dr. Varga L\u00f3r\u00e1nd Attila:<\/strong> Funkcion\u00e1lis diszpepszia \u00e9s az IBS ell\u00e1t\u00e1s\u00e1nak h\u00e1ziorvosi \u00e9s szakorvosi kompetenci\u00e1i<br \/>\n11.45-11.50 Diszkusszi\u00f3<br \/>\n<strong>Hippocrates<\/strong> felk\u00e9r\u00e9s<br \/>\n11.50-12.10 <strong>Dr. Lombay B\u00e9la:<\/strong> V\u00edrusos m\u00e1jbetegs\u00e9gek \u00e9s anticoagul\u00e1ns kezel\u00e9sek \u00e9rt\u00e9kel\u00e9se orvosi beavatkoz\u00e1sok kapcs\u00e1n<br \/>\n12.10-12.15 Diszkusszi\u00f3<br \/>\n12.15-12.30 <strong>Teszt\u00edr\u00e1s<\/strong>\u00a0<\/p>\n<\/p>\n<h3><strong>Bejelentkez\u00e9s<\/strong><\/h3>\n<p>A tanfolyam megtekint\u00e9s\u00e9hez \u00e9s a teszt kit\u00f6lt\u00e9s\u00e9hez jelentkezzen be, vagy regisztr\u00e1ljon! Ha m\u00e1r kor\u00e1bban regisztr\u00e1lt, akkor csak bejelentkeznie sz\u00fcks\u00e9ges.<\/p>\n<p>Technikai seg\u00edts\u00e9g telefonsz\u00e1ma a rendezv\u00e9ny napj\u00e1n: Tel.: +36303719165<\/p>\n<p><strong>A leggyorsabb,<\/strong> ha m\u00e1r kor\u00e1bban regisztr\u00e1lt \u00e9s most nem tud bel\u00e9pni, hogy megk\u00fcldi sms-ben a nev\u00e9t, e-mail c\u00edm\u00e9t \u00e9s pecs\u00e9tsz\u00e1m\u00e1t, \u00e9s mi be\u00e1ll\u00edtjuk a pecs\u00e9tsz\u00e1m\u00e1t jelsz\u00f3nak. SMS.: +36303719165<\/p>\n<p><div id=\"wppb-login-wrap\" class=\"wppb-user-forms\">\n\t\t<form name=\"wppb-loginform\" id=\"wppb-loginform\" class=\"\" action=\"https:\/\/hippocrateslap.hu\/tanfolyam\/wp-json\/wp\/v2\/pages\/3659\" method=\"post\">\n\t\t\t\n\t\t\t<p class=\"wppb-form-field login-username\">\n\t\t\t\t<label for=\"wppb_user_login\">Email<\/label>\n\t\t\t\t<input type=\"email\" name=\"log\" id=\"wppb_user_login\" class=\"input\" value=\"\" size=\"20\" \/>\n\t\t\t<\/p>\n\t\t\t<p class=\"wppb-form-field login-password\">\n\t\t\t\t<label for=\"wppb_user_pass\">Password<\/label>\n\t\t\t\t<span class=\"wppb-password-field-container\">\n\t\t\t\t    <input type=\"password\" name=\"pwd\" id=\"wppb_user_pass\" class=\"input\" value=\"\" size=\"20\" \/>\n\t\t\t\t     <!-- add the HTML for the visibility toggle -->\n\t\t\t\t<\/span>\n            <\/p>\n\t\t\t\n\t\t\t\n\t\t\t<p class=\"wppb-form-field login-remember\"><input name=\"rememberme\" type=\"checkbox\" id=\"rememberme\" value=\"forever\" \/><label for=\"rememberme\">Remember Me<\/label><\/p>\n\t\t\t<p class=\"login-submit\">\n\t\t\t\t<input type=\"submit\" name=\"wp-submit\" id=\"wppb-submit\" class=\"button button-primary\" value=\"Log In\"\" \/>\n\t\t\t\t<input type=\"hidden\" name=\"redirect_to\" value=\"https:\/\/hippocrateslap.hu\/tanfolyam\/wp-json\/wp\/v2\/pages\/3659\" \/>\n\t\t\t<\/p>\n\t\t\t<input type=\"hidden\" name=\"wppb_login\" value=\"true\"\/>\n\t\t\t<input type=\"hidden\" name=\"wppb_form_location\" value=\"widget\"\/>\n\t\t\t<input type=\"hidden\" name=\"wppb_request_url\" value=\"https:\/\/hippocrateslap.hu\/tanfolyam\/wp-json\/wp\/v2\/pages\/3659\"\/>\n\t\t\t<input type=\"hidden\" name=\"wppb_lostpassword_url\" value=\"\"\/>\n\t\t\t<input type=\"hidden\" name=\"wppb_redirect_priority\" value=\"\"\/>\n\t\t\t<input type=\"hidden\" name=\"wppb_referer_url\" value=\"\"\/>\n\t\t\t<input type=\"hidden\" id=\"CSRFToken-wppb\" name=\"CSRFToken-wppb\" value=\"a0c73e9f10\" \/><input type=\"hidden\" name=\"_wp_http_referer\" value=\"\/tanfolyam\/wp-json\/wp\/v2\/pages\/3659\" \/>\n\t\t\t<input type=\"hidden\" name=\"wppb_redirect_check\" value=\"true\"\/>\n\t\t\t\n\t\t<\/form><script>window.onload = function() { jQuery(document).ready(function($) { $(\"input[name=\\\"log\\\"]\").on(\"keyup\", function() { $(this).val( $.trim($(this).val()) ); }); }); }<\/script><script>if ( document.getElementById(\"rememberme\") ) document.getElementById(\"rememberme\").checked = true;<\/script><\/div><\/p>\n<p><a class=\"button\" href=\"https:\/\/hippocrateslap.hu\/tanfolyam\/regisztracio\/\">Regisztr\u00e1ci\u00f3<\/a><\/p>\n<p><a href=\"https:\/\/hippocrateslap.hu\/tanfolyam\/regisztracio\/uj-jelszo-letrehozasa\/\">Elfelejtette a jelszav\u00e1t?<\/a><\/p>\n<p>\n<p>&nbsp;<\/p>\n\n","protected":false},"excerpt":{"rendered":"<p>09.55.10.00 Megnyit\u00f3 Pharmaselect egy\u00fcttm\u0171k\u00f6d\u00e9s\u00e9vel 10.00-10.20 Dr. Kardos Zs\u00f3fia: Colchicin szerepe a mindennapi k\u00f6szv\u00e9nyben 10.20-10.25 Diszkusszi\u00f3 Servier egy\u00fcttm\u0171k\u00f6d\u00e9s\u00e9vel 10.25-10.45 Dr. S\u00edpos Zs\u00f3fia: Arany\u00e9rbetegs\u00e9g. Konzervat\u00edv vagy invaz\u00edv kezel\u00e9s? \u00daj RWE adatok f\u00e9ny\u00e9ben 10.45-10.50 Diszkusszi\u00f3 Astellas egy\u00fcttm\u0171k\u00f6d\u00e9s\u00e9vel 10.50-11.10 Dr. Kerchner Csaba: Az als\u00f3 h\u00fagy\u00fati t\u00fcnetek \u00e9s hiperakt\u00edv h\u00f3lyag korszer\u0171 kezel\u00e9se 11.10-11.15 Diszkusszi\u00f3 11.15-11.25 Technikai sz\u00fcnet Supremex egy\u00fcttm\u0171k\u00f6d\u00e9s\u00e9vel 11.25-11.45 &#8230; <a title=\"Hippocrates V\u00e1ndorgy\u0171l\u00e9s Miskolc, 2025.02.01.\" class=\"read-more\" href=\"https:\/\/hippocrateslap.hu\/tanfolyam\/online-tovabbkepzesek-2025\/hippocrates-vandorgyules-miskolc-2025-02-01\/\" aria-label=\"Read more about Hippocrates V\u00e1ndorgy\u0171l\u00e9s Miskolc, 2025.02.01.\">Olvass tov\u00e1bb<\/a><\/p>\n","protected":false},"author":82,"featured_media":0,"parent":3617,"menu_order":4,"comment_status":"closed","ping_status":"closed","template":"","meta":{"footnotes":""},"class_list":["post-3659","page","type-page","status-publish"],"publishpress_future_action":{"enabled":false,"date":"2026-05-08 11:49:22","action":"change-status","newStatus":"private","terms":[],"taxonomy":"","extraData":[]},"publishpress_future_workflow_manual_trigger":{"enabledWorkflows":[]},"_links":{"self":[{"href":"https:\/\/hippocrateslap.hu\/tanfolyam\/wp-json\/wp\/v2\/pages\/3659","targetHints":{"allow":["GET"]}}],"collection":[{"href":"https:\/\/hippocrateslap.hu\/tanfolyam\/wp-json\/wp\/v2\/pages"}],"about":[{"href":"https:\/\/hippocrateslap.hu\/tanfolyam\/wp-json\/wp\/v2\/types\/page"}],"author":[{"embeddable":true,"href":"https:\/\/hippocrateslap.hu\/tanfolyam\/wp-json\/wp\/v2\/users\/82"}],"replies":[{"embeddable":true,"href":"https:\/\/hippocrateslap.hu\/tanfolyam\/wp-json\/wp\/v2\/comments?post=3659"}],"version-history":[{"count":5,"href":"https:\/\/hippocrateslap.hu\/tanfolyam\/wp-json\/wp\/v2\/pages\/3659\/revisions"}],"predecessor-version":[{"id":3769,"href":"https:\/\/hippocrateslap.hu\/tanfolyam\/wp-json\/wp\/v2\/pages\/3659\/revisions\/3769"}],"up":[{"embeddable":true,"href":"https:\/\/hippocrateslap.hu\/tanfolyam\/wp-json\/wp\/v2\/pages\/3617"}],"wp:attachment":[{"href":"https:\/\/hippocrateslap.hu\/tanfolyam\/wp-json\/wp\/v2\/media?parent=3659"}],"curies":[{"name":"wp","href":"https:\/\/api.w.org\/{rel}","templated":true}]}}