{"id":3620,"date":"2025-01-08T16:05:21","date_gmt":"2025-01-08T15:05:21","guid":{"rendered":"https:\/\/hippocrateslap.hu\/tanfolyam\/?page_id=3620"},"modified":"2025-02-28T09:21:44","modified_gmt":"2025-02-28T08:21:44","slug":"hippocrates-vandorgyules-budapest-2025-01-18","status":"publish","type":"page","link":"https:\/\/hippocrateslap.hu\/tanfolyam\/online-tovabbkepzesek-2025\/hippocrates-vandorgyules-budapest-2025-01-18\/","title":{"rendered":"Hippocrates V\u00e1ndorgy\u0171l\u00e9s Budapest, 2025. 01.18."},"content":{"rendered":"<p>09.55.10.00 Megnyit\u00f3<\/p>\n<p><strong>Berlin-Chemie Menarini<\/strong> egy\u00fcttm\u0171k\u00f6d\u00e9s\u00e9vel<br \/>\n10.00-10.20 <strong>Dr. Antus Bal\u00e1zs:<\/strong> COPD diagnosztika \u00e9s betegutak<br \/>\n10.20-10.25 Diszkusszi\u00f3<br \/>\n<strong>Servier<\/strong> egy\u00fcttm\u0171k\u00f6d\u00e9s\u00e9vel<br \/>\n10.25-10.45 <strong>Dr. Vida Kl\u00e1ra:<\/strong> T2DM ell\u00e1t\u00e1s\u00e1nak h\u00e1ziorvosi gyakorlata 2025-ben<br \/>\n10.45-10.50 Diszkusszi\u00f3<br \/>\n10.50-11.10 <strong>Dr. M\u00e1t\u00e9 Mikl\u00f3s:<\/strong> Arany\u00e9rbetegs\u00e9g: konzervat\u00edv vagy invaz\u00edv kezel\u00e9s? \u00daj RWE adatok t\u00fckr\u00e9be<br \/>\n11.10-11.15 Diszkusszi\u00f3<br \/>\n<strong>Astellas<\/strong> egy\u00fcttm\u0171k\u00f6d\u00e9s\u00e9vel<br \/>\n11.15-11.35 <strong>Dr. Balogh Zolt\u00e1n:<\/strong> Az als\u00f3 h\u00fagy\u00fati t\u00fcnetek \u00e9s hiperakt\u00edv h\u00f3lyag korszer\u0171 kezel\u00e9se<br \/>\n11.35-11.40 Diszkusszi\u00f3<br \/>\n<strong>Pharmaselect<\/strong> egy\u00fcttm\u0171k\u00f6d\u00e9s\u00e9vel<br \/>\n11.40-12.00 <strong>Dr. Kalm\u00e1r \u00c1gnes:<\/strong> Colchicin szerepe a mindennapi k\u00f6szv\u00e9nyben<br \/>\n12.00-12.05 Diszkusszi\u00f3<br \/>\n<strong>Supremex<\/strong> egy\u00fcttm\u0171k\u00f6d\u00e9s\u00e9vel<br \/>\n12.05-12.25 <strong>Dr. Kall\u00f3-M\u00fcllner Katalin Edit:<\/strong> Funkcion\u00e1lis diszpepszia \u00e9s az IBS ell\u00e1t\u00e1s\u00e1nak h\u00e1ziorvosi \u00e9s szakorvosi kompetenci\u00e1i<br \/>\n12.25-12.30 Diszkusszi\u00f3<\/p>\n<p>\n12.30-13.30 <em>Eb\u00e9dsz\u00fcnet<\/em><\/p>\n<p>\n13.30-13.50 <strong>Dr. Orb\u00e1n Gy\u0151z\u0151:<\/strong> Betegeduk\u00e1ci\u00f3 az orvosi rendel\u0151ben (F\u00f3ti k\u00eds\u00e9rlet)<br \/>\n13.50-13.55 Diszkusszi\u00f3<br \/>\n<strong>Humanmedical<\/strong> egy\u00fcttm\u0171k\u00f6d\u00e9s\u00e9vel<br \/>\n13.55-14.15 <strong>Prof. Dr. Sandra S\u00e1ndor:<\/strong> Fizioter\u00e1pia otthoni lehet\u0151s\u00e9gei (l\u00e1gyl\u00e9zer ter\u00e1pia \u00e9s m\u00e1gneses er\u0151t\u00e9r ter\u00e1pia)<br \/>\n14.15-14.20 Diszkusszi\u00f3<\/p>\n<p>\n14.20-14.35 <strong>Teszt\u00edr\u00e1s<\/strong><\/p>\n<p>\n<strong>F\u00fcstmentes<\/strong> Szimp\u00f3zium<br \/>\n14.35-14.55 Dr. Szondy Kl\u00e1ra: Mit tesz a doh\u00e1nyf\u00fcst a t\u00fcd\u0151vel? Van-e megold\u00e1s?<br \/>\n14.55-15.00 Diszkusszi\u00f3<\/p>\n<p>&nbsp;<\/p>\n<p>&nbsp;<\/p>\n<\/p>\n<h3><strong>Bejelentkez\u00e9s<\/strong><\/h3>\n<p>A tanfolyam megtekint\u00e9s\u00e9hez \u00e9s a teszt kit\u00f6lt\u00e9s\u00e9hez jelentkezzen be, vagy regisztr\u00e1ljon! Ha m\u00e1r kor\u00e1bban regisztr\u00e1lt, akkor csak bejelentkeznie sz\u00fcks\u00e9ges.<\/p>\n<p>Technikai seg\u00edts\u00e9g telefonsz\u00e1ma a rendezv\u00e9ny napj\u00e1n: Tel.: +36303719165<\/p>\n<p><strong>A leggyorsabb,<\/strong> ha m\u00e1r kor\u00e1bban regisztr\u00e1lt \u00e9s most nem tud bel\u00e9pni, hogy megk\u00fcldi sms-ben a nev\u00e9t, e-mail c\u00edm\u00e9t \u00e9s pecs\u00e9tsz\u00e1m\u00e1t, \u00e9s mi be\u00e1ll\u00edtjuk a pecs\u00e9tsz\u00e1m\u00e1t jelsz\u00f3nak. SMS.: +36303719165<\/p>\n<p><div id=\"wppb-login-wrap\" class=\"wppb-user-forms\">\n\t\t<form name=\"wppb-loginform\" id=\"wppb-loginform\" class=\"\" action=\"https:\/\/hippocrateslap.hu\/tanfolyam\/wp-json\/wp\/v2\/pages\/3620\" method=\"post\">\n\t\t\t\n\t\t\t<p class=\"wppb-form-field login-username\">\n\t\t\t\t<label for=\"wppb_user_login\">Email<\/label>\n\t\t\t\t<input type=\"email\" name=\"log\" id=\"wppb_user_login\" class=\"input\" value=\"\" size=\"20\" \/>\n\t\t\t<\/p>\n\t\t\t<p class=\"wppb-form-field login-password\">\n\t\t\t\t<label for=\"wppb_user_pass\">Password<\/label>\n\t\t\t\t<span class=\"wppb-password-field-container\">\n\t\t\t\t    <input type=\"password\" name=\"pwd\" id=\"wppb_user_pass\" class=\"input\" value=\"\" size=\"20\" \/>\n\t\t\t\t     <!-- add the HTML for the visibility toggle -->\n\t\t\t\t<\/span>\n            <\/p>\n\t\t\t\n\t\t\t\n\t\t\t<p class=\"wppb-form-field login-remember\"><input name=\"rememberme\" type=\"checkbox\" id=\"rememberme\" value=\"forever\" \/><label for=\"rememberme\">Remember Me<\/label><\/p>\n\t\t\t<p class=\"login-submit\">\n\t\t\t\t<input type=\"submit\" name=\"wp-submit\" id=\"wppb-submit\" class=\"button button-primary\" value=\"Log In\"\" \/>\n\t\t\t\t<input type=\"hidden\" name=\"redirect_to\" value=\"https:\/\/hippocrateslap.hu\/tanfolyam\/wp-json\/wp\/v2\/pages\/3620\" \/>\n\t\t\t<\/p>\n\t\t\t<input type=\"hidden\" name=\"wppb_login\" value=\"true\"\/>\n\t\t\t<input type=\"hidden\" name=\"wppb_form_location\" value=\"widget\"\/>\n\t\t\t<input type=\"hidden\" name=\"wppb_request_url\" value=\"https:\/\/hippocrateslap.hu\/tanfolyam\/wp-json\/wp\/v2\/pages\/3620\"\/>\n\t\t\t<input type=\"hidden\" name=\"wppb_lostpassword_url\" value=\"\"\/>\n\t\t\t<input type=\"hidden\" name=\"wppb_redirect_priority\" value=\"\"\/>\n\t\t\t<input type=\"hidden\" name=\"wppb_referer_url\" value=\"\"\/>\n\t\t\t<input type=\"hidden\" id=\"CSRFToken-wppb\" name=\"CSRFToken-wppb\" value=\"a58200c07a\" \/><input type=\"hidden\" name=\"_wp_http_referer\" value=\"\/tanfolyam\/wp-json\/wp\/v2\/pages\/3620\" \/>\n\t\t\t<input type=\"hidden\" name=\"wppb_redirect_check\" value=\"true\"\/>\n\t\t\t\n\t\t<\/form><script>window.onload = function() { jQuery(document).ready(function($) { $(\"input[name=\\\"log\\\"]\").on(\"keyup\", function() { $(this).val( $.trim($(this).val()) ); }); }); }<\/script><script>if ( document.getElementById(\"rememberme\") ) document.getElementById(\"rememberme\").checked = true;<\/script><\/div><\/p>\n<p><a class=\"button\" href=\"https:\/\/hippocrateslap.hu\/tanfolyam\/regisztracio\/\">Regisztr\u00e1ci\u00f3<\/a><\/p>\n<p><a href=\"https:\/\/hippocrateslap.hu\/tanfolyam\/regisztracio\/uj-jelszo-letrehozasa\/\">Elfelejtette a jelszav\u00e1t?<\/a><\/p>\n<p>\n<p>&nbsp;<\/p>\n\n","protected":false},"excerpt":{"rendered":"<p>09.55.10.00 Megnyit\u00f3 Berlin-Chemie Menarini egy\u00fcttm\u0171k\u00f6d\u00e9s\u00e9vel 10.00-10.20 Dr. Antus Bal\u00e1zs: COPD diagnosztika \u00e9s betegutak 10.20-10.25 Diszkusszi\u00f3 Servier egy\u00fcttm\u0171k\u00f6d\u00e9s\u00e9vel 10.25-10.45 Dr. Vida Kl\u00e1ra: T2DM ell\u00e1t\u00e1s\u00e1nak h\u00e1ziorvosi gyakorlata 2025-ben 10.45-10.50 Diszkusszi\u00f3 10.50-11.10 Dr. M\u00e1t\u00e9 Mikl\u00f3s: Arany\u00e9rbetegs\u00e9g: konzervat\u00edv vagy invaz\u00edv kezel\u00e9s? \u00daj RWE adatok t\u00fckr\u00e9be 11.10-11.15 Diszkusszi\u00f3 Astellas egy\u00fcttm\u0171k\u00f6d\u00e9s\u00e9vel 11.15-11.35 Dr. Balogh Zolt\u00e1n: Az als\u00f3 h\u00fagy\u00fati t\u00fcnetek \u00e9s hiperakt\u00edv &#8230; <a title=\"Hippocrates V\u00e1ndorgy\u0171l\u00e9s Budapest, 2025. 01.18.\" class=\"read-more\" href=\"https:\/\/hippocrateslap.hu\/tanfolyam\/online-tovabbkepzesek-2025\/hippocrates-vandorgyules-budapest-2025-01-18\/\" aria-label=\"Read more about Hippocrates V\u00e1ndorgy\u0171l\u00e9s Budapest, 2025. 01.18.\">Olvass tov\u00e1bb<\/a><\/p>\n","protected":false},"author":82,"featured_media":0,"parent":3617,"menu_order":5,"comment_status":"closed","ping_status":"closed","template":"","meta":{"footnotes":""},"class_list":["post-3620","page","type-page","status-publish"],"publishpress_future_action":{"enabled":false,"date":"2026-05-08 15:00:46","action":"change-status","newStatus":"private","terms":[],"taxonomy":"","extraData":[]},"publishpress_future_workflow_manual_trigger":{"enabledWorkflows":[]},"_links":{"self":[{"href":"https:\/\/hippocrateslap.hu\/tanfolyam\/wp-json\/wp\/v2\/pages\/3620","targetHints":{"allow":["GET"]}}],"collection":[{"href":"https:\/\/hippocrateslap.hu\/tanfolyam\/wp-json\/wp\/v2\/pages"}],"about":[{"href":"https:\/\/hippocrateslap.hu\/tanfolyam\/wp-json\/wp\/v2\/types\/page"}],"author":[{"embeddable":true,"href":"https:\/\/hippocrateslap.hu\/tanfolyam\/wp-json\/wp\/v2\/users\/82"}],"replies":[{"embeddable":true,"href":"https:\/\/hippocrateslap.hu\/tanfolyam\/wp-json\/wp\/v2\/comments?post=3620"}],"version-history":[{"count":12,"href":"https:\/\/hippocrateslap.hu\/tanfolyam\/wp-json\/wp\/v2\/pages\/3620\/revisions"}],"predecessor-version":[{"id":3657,"href":"https:\/\/hippocrateslap.hu\/tanfolyam\/wp-json\/wp\/v2\/pages\/3620\/revisions\/3657"}],"up":[{"embeddable":true,"href":"https:\/\/hippocrateslap.hu\/tanfolyam\/wp-json\/wp\/v2\/pages\/3617"}],"wp:attachment":[{"href":"https:\/\/hippocrateslap.hu\/tanfolyam\/wp-json\/wp\/v2\/media?parent=3620"}],"curies":[{"name":"wp","href":"https:\/\/api.w.org\/{rel}","templated":true}]}}