{"id":3617,"date":"2023-07-28T13:45:24","date_gmt":"2025-01-08T14:57:00","guid":{"rendered":"https:\/\/hippocrateslap.hu\/tanfolyam\/?page_id=3617"},"modified":"2026-01-09T16:04:11","modified_gmt":"2026-01-09T15:04:11","slug":"online-tovabbkepzesek-2025","status":"publish","type":"page","link":"https:\/\/hippocrateslap.hu\/tanfolyam\/online-tovabbkepzesek-2025\/","title":{"rendered":"Online tov\u00e1bbk\u00e9pz\u00e9sek 2025"},"content":{"rendered":"<p><a class=\"button\" href=\"https:\/\/hippocrateslap.hu\/tanfolyam\/online-tovabbkepzesek-2025\/hippocrates-csaladorvosi-szimpoziumok-budapest-2025-szeptember-20\/\">Hippocrates Csal\u00e1dorvosi Szimp\u00f3ziumok\u00a0 Budapest\u00a0 &#8211; 2025.09.20.<\/a><\/p>\n<p><a class=\"button\" href=\"https:\/\/hippocrateslap.hu\/tanfolyam\/online-tovabbkepzesek-2025\/hippocrates-vandorgyules-debrecen-2025-03-22\/\">Hippocrates V\u00e1ndorgy\u0171l\u00e9s Debrecen &#8211;\u00a0 2025.03.22.<\/a><\/p>\n<p style=\"text-align: left;\"><a class=\"button\" href=\"https:\/\/hippocrateslap.hu\/tanfolyam\/online-tovabbkepzesek-2025\/hippocrates-vandorgyules-pecs-2025-03-01\/\">Hippocrates V\u00e1ndorgy\u0171l\u00e9s P\u00e9cs &#8211;\u00a0 2025.03.01.<\/a><\/p>\n<p><code><\/code><\/p>\n<p style=\"text-align: left;\"><a class=\"button\" href=\"https:\/\/hippocrateslap.hu\/tanfolyam\/online-tovabbkepzesek-2025\/hippocrates-vandorgyules-szeged-2025-02-15\/\">Hippocrates V\u00e1ndorgy\u0171l\u00e9s Szeged &#8211;\u00a0 2025.02.15.<\/a><\/p>\n<p style=\"text-align: left;\"><a class=\"button\" href=\"https:\/\/hippocrateslap.hu\/tanfolyam\/online-tovabbkepzesek-2025\/hippocrates-vandorgyules-miskolc-2025-02-01\/\">Hippocrates V\u00e1ndorgy\u0171l\u00e9s Miskolc &#8211;\u00a0 2025.02.01.<\/a><\/p>\n<p style=\"text-align: left;\"><a class=\"button\" href=\"https:\/\/hippocrateslap.hu\/tanfolyam\/online-tovabbkepzesek-2025\/hippocrates-vandorgyules-budapest-2025-01-18\/\">Hippocrates V\u00e1ndorgy\u0171l\u00e9s Budapest &#8211;\u00a0 2025.01.18.<\/a><\/p>\n<p style=\"text-align: left;\">\u00a0<\/p>\n","protected":false},"excerpt":{"rendered":"<p>Hippocrates Csal\u00e1dorvosi Szimp\u00f3ziumok\u00a0 Budapest\u00a0 &#8211; 2025.09.20. Hippocrates V\u00e1ndorgy\u0171l\u00e9s Debrecen &#8211;\u00a0 2025.03.22. Hippocrates V\u00e1ndorgy\u0171l\u00e9s P\u00e9cs &#8211;\u00a0 2025.03.01. Hippocrates V\u00e1ndorgy\u0171l\u00e9s Szeged &#8211;\u00a0 2025.02.15. Hippocrates V\u00e1ndorgy\u0171l\u00e9s Miskolc &#8211;\u00a0 2025.02.01. Hippocrates V\u00e1ndorgy\u0171l\u00e9s Budapest &#8211;\u00a0 2025.01.18. \u00a0<\/p>\n","protected":false},"author":82,"featured_media":0,"parent":0,"menu_order":2,"comment_status":"closed","ping_status":"closed","template":"","meta":{"footnotes":""},"class_list":["post-3617","page","type-page","status-publish"],"publishpress_future_action":{"enabled":false,"date":"2026-04-15 14:13:51","action":"change-status","newStatus":"private","terms":[],"taxonomy":"","extraData":[]},"publishpress_future_workflow_manual_trigger":{"enabledWorkflows":[]},"_links":{"self":[{"href":"https:\/\/hippocrateslap.hu\/tanfolyam\/wp-json\/wp\/v2\/pages\/3617","targetHints":{"allow":["GET"]}}],"collection":[{"href":"https:\/\/hippocrateslap.hu\/tanfolyam\/wp-json\/wp\/v2\/pages"}],"about":[{"href":"https:\/\/hippocrateslap.hu\/tanfolyam\/wp-json\/wp\/v2\/types\/page"}],"author":[{"embeddable":true,"href":"https:\/\/hippocrateslap.hu\/tanfolyam\/wp-json\/wp\/v2\/users\/82"}],"replies":[{"embeddable":true,"href":"https:\/\/hippocrateslap.hu\/tanfolyam\/wp-json\/wp\/v2\/comments?post=3617"}],"version-history":[{"count":35,"href":"https:\/\/hippocrateslap.hu\/tanfolyam\/wp-json\/wp\/v2\/pages\/3617\/revisions"}],"predecessor-version":[{"id":3808,"href":"https:\/\/hippocrateslap.hu\/tanfolyam\/wp-json\/wp\/v2\/pages\/3617\/revisions\/3808"}],"wp:attachment":[{"href":"https:\/\/hippocrateslap.hu\/tanfolyam\/wp-json\/wp\/v2\/media?parent=3617"}],"curies":[{"name":"wp","href":"https:\/\/api.w.org\/{rel}","templated":true}]}}