{"id":3574,"date":"2024-09-24T19:53:46","date_gmt":"2024-09-24T18:53:46","guid":{"rendered":"https:\/\/hippocrateslap.hu\/tanfolyam\/?page_id=3574"},"modified":"2025-02-28T09:21:44","modified_gmt":"2025-02-28T08:21:44","slug":"hippocrates-csaladorvosi-szimpoziumok-nyiregyhaza-2024-09-28","status":"publish","type":"page","link":"https:\/\/hippocrateslap.hu\/tanfolyam\/online-tovabbkepzesek-2024\/hippocrates-csaladorvosi-szimpoziumok-nyiregyhaza-2024-09-28\/","title":{"rendered":"Hippocrates Csal\u00e1dorvosi Szimp\u00f3ziumok &#8211; Ny\u00edregyh\u00e1za, 2024.09.28."},"content":{"rendered":"<p><code><\/code>A v\u00e1ndorgy\u0171l\u00e9s a <strong>PTE KK I. Belgy\u00f3gy\u00e1szati Klinika<\/strong> hivatalos, akkredit\u00e1lt el\u0151ad\u00e1sait tartalmazza.<br \/>\nA szabadon v\u00e1laszthat\u00f3 tov\u00e1bbk\u00e9pz\u00e9st <strong>h\u00e1ziorvosok, belgy\u00f3gy\u00e1szok, gyermekorvosok, \u00e9s \u00fczemorvosok<\/strong> r\u00e9sz\u00e9re akkredit\u00e1lt\u00e1k.<br \/>\nKredit\u00e9rt\u00e9k: <strong>14 pont<\/strong><\/p>\n<p>09.25-09.30 Megnyit\u00f3 <br \/>\nAz <strong>IBSA Pharma<\/strong> egy\u00fcttm\u0171k\u00f6d\u00e9s\u00e9vel:<br \/>\n09.30-09.50 <strong>Dr. Tar Bal\u00e1zs:<\/strong> F\u00e1jdalomcsillap\u00edt\u00e1s \u2013 F\u00f3kuszban a kardiovaszkul\u00e1ris rendszer<br \/>\n09.50-09.55 Diszkusszi\u00f3<br \/>\nA <strong>F\u00fcstmentes.hu<\/strong> egy\u00fcttm\u0171k\u00f6d\u00e9s\u00e9vel:<br \/>\n09.55-10.15 <strong>Prof. Dr. Balogh S\u00e1ndor:<\/strong> A doh\u00e1nyz\u00e1si szok\u00e1sok v\u00e1ltoz\u00e1sa, k\u00fcl\u00f6n\u00f6s tekintettel az elm\u00falt \u00e9vtizedre <br \/>\n10.15-10.20 Diszkusszi\u00f3<br \/>\n<strong>Hippocrates<\/strong> felk\u00e9r\u00e9s<br \/>\n10.20-10.40 <strong>Dr. Kukuly Mikl\u00f3s:<\/strong> T\u00fcd\u0151gy\u00f3gy\u00e1szati s\u0171rg\u0151ss\u00e9gi esetek preprospit\u00e1lis ell\u00e1t\u00e1sa<br \/>\n10.40-10.45 Diszkusszi\u00f3<br \/>\nA <strong>77 Elektronika<\/strong> egy\u00fcttm\u0171k\u00f6d\u00e9s\u00e9vel:<br \/>\n10.45-11.05 <strong>Dr. Varga Csaba:<\/strong> Technol\u00f3giai innov\u00e1ci\u00f3 a cukorbetegs\u00e9g menedzsel\u00e9s\u00e9ben \u2013 a j\u00f6v\u0151 m\u00e1r itt van?<br \/>\n11.05-11.10 Diszkusszi\u00f3<br \/>\n11.10-11.20 <em>Technikai sz\u00fcnet<\/em><br \/>\nA <strong>Supremex<\/strong> egy\u00fcttm\u0171k\u00f6d\u00e9s\u00e9vel:<br \/>\n11.20-11.40 <strong>Prof. Dr. Altorjay Istv\u00e1n:<\/strong> Az als\u00f3- \u00e9s fels\u0151 t\u00e1pcsatornai motilit\u00e1s zavarok \u00e9s kezel\u00e9si lehet\u0151s\u00e9geik<br \/>\n11.40-11.45 Diszkusszi\u00f3<br \/>\nA <strong>Sanofi Genzyme<\/strong> egy\u00fcttm\u0171k\u00f6d\u00e9s\u00e9vel:<br \/>\n11.45-12.05 <strong>Dr. R\u00e1k\u00f3czi \u00c9va:<\/strong> Fabry-k\u00f3r az alapell\u00e1t\u00e1sban <br \/>\n12.05-12.10 Diszkusszi\u00f3<br \/>\nA <strong>Servier Hung\u00e1ria<\/strong> egy\u00fcttm\u0171k\u00f6d\u00e9s\u00e9vel<br \/>\n12.10-12.30 <strong>Dr. Juh\u00e1sz Gy\u00f6rgy:<\/strong> A v\u00e9n\u00e1s rendszer betegs\u00e9gei \u00e9s ell\u00e1t\u00e1suk k\u00f6z\u00f6s von\u00e1sai<br \/>\n12.30-12.35 Diszkusszi\u00f3<br \/>\n12.35-\u00a0 <strong>Teszt\u00edr\u00e1s<\/strong><\/p>\n<p>\n<\/p>\n<p>&nbsp;<\/p>\n<\/p>\n<h3><strong>Bejelentkez\u00e9s<\/strong><\/h3>\n<p>A tanfolyam megtekint\u00e9s\u00e9hez \u00e9s a teszt kit\u00f6lt\u00e9s\u00e9hez jelentkezzen be, vagy regisztr\u00e1ljon! Ha m\u00e1r kor\u00e1bban regisztr\u00e1lt, akkor csak bejelentkeznie sz\u00fcks\u00e9ges.<\/p>\n<p>Technikai seg\u00edts\u00e9g telefonsz\u00e1ma a rendezv\u00e9ny napj\u00e1n: Tel.: +36303719165<\/p>\n<p><strong>A leggyorsabb,<\/strong> ha m\u00e1r kor\u00e1bban regisztr\u00e1lt \u00e9s most nem tud bel\u00e9pni, hogy megk\u00fcldi sms-ben a nev\u00e9t, e-mail c\u00edm\u00e9t \u00e9s pecs\u00e9tsz\u00e1m\u00e1t, \u00e9s mi be\u00e1ll\u00edtjuk a pecs\u00e9tsz\u00e1m\u00e1t jelsz\u00f3nak. SMS.: +36303719165<\/p>\n<p><div id=\"wppb-login-wrap\" class=\"wppb-user-forms\">\n\t\t<form name=\"wppb-loginform\" id=\"wppb-loginform\" class=\"\" action=\"https:\/\/hippocrateslap.hu\/tanfolyam\/wp-json\/wp\/v2\/pages\/3574\" method=\"post\">\n\t\t\t\n\t\t\t<p class=\"wppb-form-field login-username\">\n\t\t\t\t<label for=\"wppb_user_login\">Email<\/label>\n\t\t\t\t<input type=\"email\" name=\"log\" id=\"wppb_user_login\" class=\"input\" value=\"\" size=\"20\" \/>\n\t\t\t<\/p>\n\t\t\t<p class=\"wppb-form-field login-password\">\n\t\t\t\t<label for=\"wppb_user_pass\">Password<\/label>\n\t\t\t\t<span class=\"wppb-password-field-container\">\n\t\t\t\t    <input type=\"password\" name=\"pwd\" id=\"wppb_user_pass\" class=\"input\" value=\"\" size=\"20\" \/>\n\t\t\t\t     <!-- add the HTML for the visibility toggle -->\n\t\t\t\t<\/span>\n            <\/p>\n\t\t\t\n\t\t\t\n\t\t\t<p class=\"wppb-form-field login-remember\"><input name=\"rememberme\" type=\"checkbox\" id=\"rememberme\" value=\"forever\" \/><label for=\"rememberme\">Remember Me<\/label><\/p>\n\t\t\t<p class=\"login-submit\">\n\t\t\t\t<input type=\"submit\" name=\"wp-submit\" id=\"wppb-submit\" class=\"button button-primary\" value=\"Log In\"\" \/>\n\t\t\t\t<input type=\"hidden\" name=\"redirect_to\" value=\"https:\/\/hippocrateslap.hu\/tanfolyam\/wp-json\/wp\/v2\/pages\/3574\" \/>\n\t\t\t<\/p>\n\t\t\t<input type=\"hidden\" name=\"wppb_login\" value=\"true\"\/>\n\t\t\t<input type=\"hidden\" name=\"wppb_form_location\" value=\"widget\"\/>\n\t\t\t<input type=\"hidden\" name=\"wppb_request_url\" value=\"https:\/\/hippocrateslap.hu\/tanfolyam\/wp-json\/wp\/v2\/pages\/3574\"\/>\n\t\t\t<input type=\"hidden\" name=\"wppb_lostpassword_url\" value=\"\"\/>\n\t\t\t<input type=\"hidden\" name=\"wppb_redirect_priority\" value=\"\"\/>\n\t\t\t<input type=\"hidden\" name=\"wppb_referer_url\" value=\"\"\/>\n\t\t\t<input type=\"hidden\" id=\"CSRFToken-wppb\" name=\"CSRFToken-wppb\" value=\"9f10dafb93\" \/><input type=\"hidden\" name=\"_wp_http_referer\" value=\"\/tanfolyam\/wp-json\/wp\/v2\/pages\/3574\" \/>\n\t\t\t<input type=\"hidden\" name=\"wppb_redirect_check\" value=\"true\"\/>\n\t\t\t\n\t\t<\/form><script>window.onload = function() { jQuery(document).ready(function($) { $(\"input[name=\\\"log\\\"]\").on(\"keyup\", function() { $(this).val( $.trim($(this).val()) ); }); }); }<\/script><script>if ( document.getElementById(\"rememberme\") ) document.getElementById(\"rememberme\").checked = true;<\/script><\/div><\/p>\n<p><a class=\"button\" href=\"https:\/\/hippocrateslap.hu\/tanfolyam\/regisztracio\/\">Regisztr\u00e1ci\u00f3<\/a><\/p>\n<p><a href=\"https:\/\/hippocrateslap.hu\/tanfolyam\/regisztracio\/uj-jelszo-letrehozasa\/\">Elfelejtette a jelszav\u00e1t?<\/a><\/p>\n<p>\n<p>&nbsp;<\/p>\n\n<p>&nbsp;<\/p>\n","protected":false},"excerpt":{"rendered":"<p>A v\u00e1ndorgy\u0171l\u00e9s a PTE KK I. Belgy\u00f3gy\u00e1szati Klinika hivatalos, akkredit\u00e1lt el\u0151ad\u00e1sait tartalmazza. A szabadon v\u00e1laszthat\u00f3 tov\u00e1bbk\u00e9pz\u00e9st h\u00e1ziorvosok, belgy\u00f3gy\u00e1szok, gyermekorvosok, \u00e9s \u00fczemorvosok r\u00e9sz\u00e9re akkredit\u00e1lt\u00e1k. Kredit\u00e9rt\u00e9k: 14 pont 09.25-09.30 Megnyit\u00f3 Az IBSA Pharma egy\u00fcttm\u0171k\u00f6d\u00e9s\u00e9vel: 09.30-09.50 Dr. Tar Bal\u00e1zs: F\u00e1jdalomcsillap\u00edt\u00e1s \u2013 F\u00f3kuszban a kardiovaszkul\u00e1ris rendszer 09.50-09.55 Diszkusszi\u00f3 A F\u00fcstmentes.hu egy\u00fcttm\u0171k\u00f6d\u00e9s\u00e9vel: 09.55-10.15 Prof. Dr. Balogh S\u00e1ndor: A doh\u00e1nyz\u00e1si szok\u00e1sok &#8230; <a title=\"Hippocrates Csal\u00e1dorvosi Szimp\u00f3ziumok &#8211; Ny\u00edregyh\u00e1za, 2024.09.28.\" class=\"read-more\" href=\"https:\/\/hippocrateslap.hu\/tanfolyam\/online-tovabbkepzesek-2024\/hippocrates-csaladorvosi-szimpoziumok-nyiregyhaza-2024-09-28\/\" aria-label=\"Read more about Hippocrates Csal\u00e1dorvosi Szimp\u00f3ziumok &#8211; Ny\u00edregyh\u00e1za, 2024.09.28.\">Olvass tov\u00e1bb<\/a><\/p>\n","protected":false},"author":82,"featured_media":0,"parent":3327,"menu_order":1,"comment_status":"closed","ping_status":"closed","template":"","meta":{"footnotes":""},"class_list":["post-3574","page","type-page","status-publish"],"publishpress_future_action":{"enabled":false,"date":"2026-04-29 09:31:28","action":"change-status","newStatus":"private","terms":[],"taxonomy":"","extraData":[]},"publishpress_future_workflow_manual_trigger":{"enabledWorkflows":[]},"_links":{"self":[{"href":"https:\/\/hippocrateslap.hu\/tanfolyam\/wp-json\/wp\/v2\/pages\/3574","targetHints":{"allow":["GET"]}}],"collection":[{"href":"https:\/\/hippocrateslap.hu\/tanfolyam\/wp-json\/wp\/v2\/pages"}],"about":[{"href":"https:\/\/hippocrateslap.hu\/tanfolyam\/wp-json\/wp\/v2\/types\/page"}],"author":[{"embeddable":true,"href":"https:\/\/hippocrateslap.hu\/tanfolyam\/wp-json\/wp\/v2\/users\/82"}],"replies":[{"embeddable":true,"href":"https:\/\/hippocrateslap.hu\/tanfolyam\/wp-json\/wp\/v2\/comments?post=3574"}],"version-history":[{"count":6,"href":"https:\/\/hippocrateslap.hu\/tanfolyam\/wp-json\/wp\/v2\/pages\/3574\/revisions"}],"predecessor-version":[{"id":3616,"href":"https:\/\/hippocrateslap.hu\/tanfolyam\/wp-json\/wp\/v2\/pages\/3574\/revisions\/3616"}],"up":[{"embeddable":true,"href":"https:\/\/hippocrateslap.hu\/tanfolyam\/wp-json\/wp\/v2\/pages\/3327"}],"wp:attachment":[{"href":"https:\/\/hippocrateslap.hu\/tanfolyam\/wp-json\/wp\/v2\/media?parent=3574"}],"curies":[{"name":"wp","href":"https:\/\/api.w.org\/{rel}","templated":true}]}}