{"id":3520,"date":"2024-09-09T10:02:47","date_gmt":"2024-09-09T09:02:47","guid":{"rendered":"https:\/\/hippocrateslap.hu\/tanfolyam\/?page_id=3520"},"modified":"2025-02-28T09:21:45","modified_gmt":"2025-02-28T08:21:45","slug":"hippocrates-csaladorvosi-szimpoziumok-budapest-2024-ix-14","status":"publish","type":"page","link":"https:\/\/hippocrateslap.hu\/tanfolyam\/online-tovabbkepzesek-2024\/hippocrates-csaladorvosi-szimpoziumok-budapest-2024-ix-14\/","title":{"rendered":"Hippocrates Csal\u00e1dorvosi Szimp\u00f3ziumok  &#8211; Budapest, 2024. 09. 14."},"content":{"rendered":"<p>A v\u00e1ndorgy\u0171l\u00e9s a <strong>PTE KK I. Belgy\u00f3gy\u00e1szati Klinika<\/strong> hivatalos, akkredit\u00e1lt el\u0151ad\u00e1sait tartalmazza.<br \/>\nA szabadon v\u00e1laszthat\u00f3 tov\u00e1bbk\u00e9pz\u00e9st <strong>h\u00e1ziorvosok, belgy\u00f3gy\u00e1szok, gyermekorvosok, \u00e9s \u00fczemorvosok<\/strong> r\u00e9sz\u00e9re akkredit\u00e1lt\u00e1k.<br \/>\nKredit\u00e9rt\u00e9k: <strong>14 pont<\/strong><\/p>\n<p>09.55-10.0 Megnyit\u00f3<br \/>\nA <strong>Sanofi Genzyme <\/strong>egy\u00fcttm\u0171k\u00f6d\u00e9s\u00e9vel<br \/>\n10.00-10.20 <strong>Dr. Balicza P\u00e9ter: <\/strong>\u00a0Ritka betegs\u00e9gek a lizosz\u00f3m\u00e1k vil\u00e1g\u00e1ban \u2013 genetikai alapok \u00e9s klinikai megk\u00f6zel\u00edt\u00e9s\u00a0\u00a0<br \/>\n10.20-10.25 Diszkusszi\u00f3<br \/>\n10.25-10.45 <strong>Dr. Horv\u00e1th Laura:<\/strong> Gyakori t\u00fcnetek, ritka esetek \u2013 GD \u00e9s ASMD\u00a0<br \/>\n10.45-10.50 Diszkusszi\u00f3<br \/>\n10.50-11.10 <strong>Dr. Fekete B\u00e1lint Andr\u00e1s:<\/strong> Fabry-k\u00f3r, a csal\u00e1di k\u00f3r<br \/>\n11.10-11.15 Diszkusszi\u00f3<br \/>\nA <strong>Supremex<\/strong> egy\u00fcttm\u0171k\u00f6d\u00e9s\u00e9vel<br \/>\n11.15-11.35 <strong>Dr. M\u00fcllner Katalin:<\/strong> Az als\u00f3- \u00e9s fels\u0151 t\u00e1pcsatornai motilit\u00e1s zavarok \u00e9s kezel\u00e9si lehet\u0151s\u00e9geik<br \/>\n11.35-11.40 Diszkusszi\u00f3<br \/>\nA <strong>Richter<\/strong> egy\u00fcttm\u0171k\u00f6d\u00e9s\u00e9vel<br \/>\n11.40-12.00 <strong>Prof. Dr. Tam\u00e1si Lilla:<\/strong> Als\u00f3 l\u00e9g\u00fati infekci\u00f3k kezel\u00e9se a hazai rezisztencia t\u00fckr\u00e9ben<br \/>\n12.00-12.05 Diszkusszi\u00f3<br \/>\n12.05-13.15 <em>Eb\u00e9d<\/em><br \/>\n13.15-13.35 <strong>Prof. Dr. T\u00f3th K\u00e1lm\u00e1n:<\/strong> \u00daj kardiovaszkul\u00e1ris rizik\u00f3faktorok<br \/>\n13.35-13.40 Diszkusszi\u00f3<br \/>\nA <strong>Servier Hung\u00e1ria<\/strong> egy\u00fcttm\u0171k\u00f6d\u00e9s\u00e9vel<br \/>\n13.40-14.00 <strong>Dr. Lippai J\u00f3zsef:<\/strong> Koron\u00e1riabeteg ell\u00e1t\u00e1sa h\u00e1ziorvosi praxisban<br \/>\n14.00-14.05 Diszkusszi\u00f3<br \/>\n14.05-14.25 <strong>Dr. Vag\u00e1cs Tibor:<\/strong> A v\u00e9n\u00e1s rendszer betegs\u00e9gei \u00e9s ell\u00e1t\u00e1suk k\u00f6z\u00f6s von\u00e1sai\u00a0<br \/>\n14.25-14.30 Diszkusszi\u00f3<br \/>\n14.30-14.50 <strong>Dr. Nagy Erzs\u00e9bet:<\/strong> Glik\u00e9mi\u00e1s kontroll \u00e9s hossz\u00fa t\u00e1v\u00fa el\u0151ny\u00f6k \u2013 T2DM ell\u00e1t\u00e1sa<br \/>\n14.50-14.55 Diszkusszi\u00f3<br \/>\n14.55-15.15 <em>Sz\u00fcnet<\/em><br \/>\nA <strong>77 Elektronika<\/strong> egy\u00fcttm\u0171k\u00f6d\u00e9s\u00e9vel<br \/>\n15.15-15.35 <strong>Dr. Steier Ferenc:<\/strong> Technol\u00f3giai innov\u00e1ci\u00f3 a cukorbetegs\u00e9g menedzsel\u00e9s\u00e9ben \u2013 a j\u00f6v\u0151 m\u00e1r itt van?<br \/>\n15.35-15.40 Diszkusszi\u00f3 \u00a0 \u00a0 \u00a0 \u00a0 \u00a0\u00a0<br \/>\nA <strong>F\u00fcstmentes<\/strong> egy\u00fcttm\u0171k\u00f6d\u00e9s\u00e9vel<br \/>\n15.40-16.00 <strong>Dr. Petke Zsolt:<\/strong> Doh\u00e1nyz\u00e1s \u00e9s f\u00fcgg\u0151s\u00e9g<br \/>\n16.00-16.05 Diszkusszi\u00f3<br \/>\n16.05-\u00a0 <strong>Teszt\u00edr\u00e1s\u00a0<\/strong><\/p>\n<p>\n<\/p>\n<\/p>\n<h3><strong>Bejelentkez\u00e9s<\/strong><\/h3>\n<p>A tanfolyam megtekint\u00e9s\u00e9hez \u00e9s a teszt kit\u00f6lt\u00e9s\u00e9hez jelentkezzen be, vagy regisztr\u00e1ljon! Ha m\u00e1r kor\u00e1bban regisztr\u00e1lt, akkor csak bejelentkeznie sz\u00fcks\u00e9ges.<\/p>\n<p>Technikai seg\u00edts\u00e9g telefonsz\u00e1ma a rendezv\u00e9ny napj\u00e1n: Tel.: +36303719165<\/p>\n<p><strong>A leggyorsabb,<\/strong> ha m\u00e1r kor\u00e1bban regisztr\u00e1lt \u00e9s most nem tud bel\u00e9pni, hogy megk\u00fcldi sms-ben a nev\u00e9t, e-mail c\u00edm\u00e9t \u00e9s pecs\u00e9tsz\u00e1m\u00e1t, \u00e9s mi be\u00e1ll\u00edtjuk a pecs\u00e9tsz\u00e1m\u00e1t jelsz\u00f3nak. SMS.: +36303719165<\/p>\n<p><div id=\"wppb-login-wrap\" class=\"wppb-user-forms\">\n\t\t<form name=\"wppb-loginform\" id=\"wppb-loginform\" class=\"\" action=\"https:\/\/hippocrateslap.hu\/tanfolyam\/wp-json\/wp\/v2\/pages\/3520\" method=\"post\">\n\t\t\t\n\t\t\t<p class=\"wppb-form-field login-username\">\n\t\t\t\t<label for=\"wppb_user_login\">Email<\/label>\n\t\t\t\t<input type=\"email\" name=\"log\" id=\"wppb_user_login\" class=\"input\" value=\"\" size=\"20\" \/>\n\t\t\t<\/p>\n\t\t\t<p class=\"wppb-form-field login-password\">\n\t\t\t\t<label for=\"wppb_user_pass\">Password<\/label>\n\t\t\t\t<span class=\"wppb-password-field-container\">\n\t\t\t\t    <input type=\"password\" name=\"pwd\" id=\"wppb_user_pass\" class=\"input\" value=\"\" size=\"20\" \/>\n\t\t\t\t     <!-- add the HTML for the visibility toggle -->\n\t\t\t\t<\/span>\n            <\/p>\n\t\t\t\n\t\t\t\n\t\t\t<p class=\"wppb-form-field login-remember\"><input name=\"rememberme\" type=\"checkbox\" id=\"rememberme\" value=\"forever\" \/><label for=\"rememberme\">Remember Me<\/label><\/p>\n\t\t\t<p class=\"login-submit\">\n\t\t\t\t<input type=\"submit\" name=\"wp-submit\" id=\"wppb-submit\" class=\"button button-primary\" value=\"Log In\"\" \/>\n\t\t\t\t<input type=\"hidden\" name=\"redirect_to\" value=\"https:\/\/hippocrateslap.hu\/tanfolyam\/wp-json\/wp\/v2\/pages\/3520\" \/>\n\t\t\t<\/p>\n\t\t\t<input type=\"hidden\" name=\"wppb_login\" value=\"true\"\/>\n\t\t\t<input type=\"hidden\" name=\"wppb_form_location\" value=\"widget\"\/>\n\t\t\t<input type=\"hidden\" name=\"wppb_request_url\" value=\"https:\/\/hippocrateslap.hu\/tanfolyam\/wp-json\/wp\/v2\/pages\/3520\"\/>\n\t\t\t<input type=\"hidden\" name=\"wppb_lostpassword_url\" value=\"\"\/>\n\t\t\t<input type=\"hidden\" name=\"wppb_redirect_priority\" value=\"\"\/>\n\t\t\t<input type=\"hidden\" name=\"wppb_referer_url\" value=\"\"\/>\n\t\t\t<input type=\"hidden\" id=\"CSRFToken-wppb\" name=\"CSRFToken-wppb\" value=\"9f10dafb93\" \/><input type=\"hidden\" name=\"_wp_http_referer\" value=\"\/tanfolyam\/wp-json\/wp\/v2\/pages\/3520\" \/>\n\t\t\t<input type=\"hidden\" name=\"wppb_redirect_check\" value=\"true\"\/>\n\t\t\t\n\t\t<\/form><script>window.onload = function() { jQuery(document).ready(function($) { $(\"input[name=\\\"log\\\"]\").on(\"keyup\", function() { $(this).val( $.trim($(this).val()) ); }); }); }<\/script><script>if ( document.getElementById(\"rememberme\") ) document.getElementById(\"rememberme\").checked = true;<\/script><\/div><\/p>\n<p><a class=\"button\" href=\"https:\/\/hippocrateslap.hu\/tanfolyam\/regisztracio\/\">Regisztr\u00e1ci\u00f3<\/a><\/p>\n<p><a href=\"https:\/\/hippocrateslap.hu\/tanfolyam\/regisztracio\/uj-jelszo-letrehozasa\/\">Elfelejtette a jelszav\u00e1t?<\/a><\/p>\n<p>\n<p>&nbsp;<\/p>\n\n<p>&nbsp;<\/p>\n","protected":false},"excerpt":{"rendered":"<p>A v\u00e1ndorgy\u0171l\u00e9s a PTE KK I. Belgy\u00f3gy\u00e1szati Klinika hivatalos, akkredit\u00e1lt el\u0151ad\u00e1sait tartalmazza. A szabadon v\u00e1laszthat\u00f3 tov\u00e1bbk\u00e9pz\u00e9st h\u00e1ziorvosok, belgy\u00f3gy\u00e1szok, gyermekorvosok, \u00e9s \u00fczemorvosok r\u00e9sz\u00e9re akkredit\u00e1lt\u00e1k. Kredit\u00e9rt\u00e9k: 14 pont 09.55-10.0 Megnyit\u00f3 A Sanofi Genzyme egy\u00fcttm\u0171k\u00f6d\u00e9s\u00e9vel 10.00-10.20 Dr. Balicza P\u00e9ter: \u00a0Ritka betegs\u00e9gek a lizosz\u00f3m\u00e1k vil\u00e1g\u00e1ban \u2013 genetikai alapok \u00e9s klinikai megk\u00f6zel\u00edt\u00e9s\u00a0\u00a0 10.20-10.25 Diszkusszi\u00f3 10.25-10.45 Dr. Horv\u00e1th Laura: Gyakori t\u00fcnetek, &#8230; <a title=\"Hippocrates Csal\u00e1dorvosi Szimp\u00f3ziumok  &#8211; Budapest, 2024. 09. 14.\" class=\"read-more\" href=\"https:\/\/hippocrateslap.hu\/tanfolyam\/online-tovabbkepzesek-2024\/hippocrates-csaladorvosi-szimpoziumok-budapest-2024-ix-14\/\" aria-label=\"Read more about Hippocrates Csal\u00e1dorvosi Szimp\u00f3ziumok  &#8211; Budapest, 2024. 09. 14.\">Olvass tov\u00e1bb<\/a><\/p>\n","protected":false},"author":82,"featured_media":0,"parent":3327,"menu_order":3,"comment_status":"closed","ping_status":"closed","template":"","meta":{"footnotes":""},"class_list":["post-3520","page","type-page","status-publish"],"publishpress_future_action":{"enabled":false,"date":"2026-04-29 12:28:25","action":"change-status","newStatus":"private","terms":[],"taxonomy":"","extraData":[]},"publishpress_future_workflow_manual_trigger":{"enabledWorkflows":[]},"_links":{"self":[{"href":"https:\/\/hippocrateslap.hu\/tanfolyam\/wp-json\/wp\/v2\/pages\/3520","targetHints":{"allow":["GET"]}}],"collection":[{"href":"https:\/\/hippocrateslap.hu\/tanfolyam\/wp-json\/wp\/v2\/pages"}],"about":[{"href":"https:\/\/hippocrateslap.hu\/tanfolyam\/wp-json\/wp\/v2\/types\/page"}],"author":[{"embeddable":true,"href":"https:\/\/hippocrateslap.hu\/tanfolyam\/wp-json\/wp\/v2\/users\/82"}],"replies":[{"embeddable":true,"href":"https:\/\/hippocrateslap.hu\/tanfolyam\/wp-json\/wp\/v2\/comments?post=3520"}],"version-history":[{"count":11,"href":"https:\/\/hippocrateslap.hu\/tanfolyam\/wp-json\/wp\/v2\/pages\/3520\/revisions"}],"predecessor-version":[{"id":3580,"href":"https:\/\/hippocrateslap.hu\/tanfolyam\/wp-json\/wp\/v2\/pages\/3520\/revisions\/3580"}],"up":[{"embeddable":true,"href":"https:\/\/hippocrateslap.hu\/tanfolyam\/wp-json\/wp\/v2\/pages\/3327"}],"wp:attachment":[{"href":"https:\/\/hippocrateslap.hu\/tanfolyam\/wp-json\/wp\/v2\/media?parent=3520"}],"curies":[{"name":"wp","href":"https:\/\/api.w.org\/{rel}","templated":true}]}}