{"id":3497,"date":"2024-03-13T11:31:33","date_gmt":"2024-03-13T10:31:33","guid":{"rendered":"https:\/\/hippocrateslap.hu\/tanfolyam\/?page_id=3497"},"modified":"2025-02-28T09:21:45","modified_gmt":"2025-02-28T08:21:45","slug":"hippocrates-vandorgyules-debrecen-2024-03-23","status":"publish","type":"page","link":"https:\/\/hippocrateslap.hu\/tanfolyam\/online-tovabbkepzesek-2024\/hippocrates-vandorgyules-debrecen-2024-03-23\/","title":{"rendered":"Hippocrates V\u00e1ndorgy\u0171l\u00e9s \u2013 Debrecen, 2024. 03. 23."},"content":{"rendered":"<p>A v\u00e1ndorgy\u0171l\u00e9s a <strong>PTE KK I. Belgy\u00f3gy\u00e1szati Klinika<\/strong> hivatalos, akkredit\u00e1lt el\u0151ad\u00e1sait tartalmazza.<br \/>\nA szabadon v\u00e1laszthat\u00f3 tov\u00e1bbk\u00e9pz\u00e9st <strong>h\u00e1ziorvosok, belgy\u00f3gy\u00e1szok \u00e9s \u00fczemorvosok<\/strong> r\u00e9sz\u00e9re akkredit\u00e1lt\u00e1k.<br \/>\nKredit\u00e9rt\u00e9k: <strong>11 pont<\/strong><\/p>\n<p>09.25-09.30 Megnyit\u00f3<br \/>\n<strong>Merck Szimp\u00f3zium<\/strong><br \/>\n09.30-09.50 <strong>Dr. Berta Eszter:<\/strong> Obesit\u00e1s\/T\u00fals\u00faly endokrinol\u00f3giai vonatkoz\u00e1sai<br \/>\n09.50-09.55 Diszkusszi\u00f3<br \/>\n09.55-10.15 <strong>Dr. Katona \u00c9va:<\/strong> Obesit\u00e1s\/T\u00fals\u00faly diabetol\u00f3gus szemmel<br \/>\n10.15-10.20 Diszkusszi\u00f3<br \/>\n10.20-10.40 <strong>Dr. Homor\u00f3di N\u00f3ra:<\/strong> Obesit\u00e1s\/T\u00fals\u00faly kardiol\u00f3gus szemmel<br \/>\n10.40-10.45 Diszkusszi\u00f3<br \/>\n10.45-10.55 Technikai sz\u00fcnet<br \/>\n<strong>A F\u00fcstmentes egy\u00fcttm\u0171k\u00f6d\u00e9s\u00e9ve<\/strong>l<br \/>\n10.55-11.15 <strong>Dr. Halmy Eszter:<\/strong> Az \u00e1rtalomcs\u00f6kkent\u00e9s \u00e9s \u00e9letm\u00f3d m\u00f3dos\u00edt\u00e1s jelent\u0151s\u00e9ge \u00e9s lehet\u0151s\u00e9gei az eg\u00e9szs\u00e9gfejleszt\u00e9sben<br \/>\n11.15-11.20 Diszkusszi\u00f3<br \/>\n<strong>A Servier egy\u00fcttm\u0171k\u00f6d\u00e9s\u00e9vel<\/strong><br \/>\n11.20-11.40 <strong>Dr. Csiki Zolt\u00e1n:<\/strong> Kr\u00f3nikus v\u00e9n\u00e1s \u00e9s arany\u00e9r betegs\u00e9g kezel\u00e9se. Eg\u00e9szs\u00e9ges v\u00e9n\u00e1k, eg\u00e9szs\u00e9ges ember, javul\u00f3 \u00e9letmin\u0151s\u00e9g! <br \/>\n11.40-11.45 Diszkusszi\u00f3<br \/>\n11.45- vas\u00e1rnap 24.00-ig Teszt\u00edr\u00e1s<\/p>\n<\/p>\n<h3><strong>Bejelentkez\u00e9s<\/strong><\/h3>\n<p>A tanfolyam megtekint\u00e9s\u00e9hez \u00e9s a teszt kit\u00f6lt\u00e9s\u00e9hez jelentkezzen be, vagy regisztr\u00e1ljon! Ha m\u00e1r kor\u00e1bban regisztr\u00e1lt, akkor csak bejelentkeznie sz\u00fcks\u00e9ges.<\/p>\n<p>Technikai seg\u00edts\u00e9g telefonsz\u00e1ma a rendezv\u00e9ny napj\u00e1n: Tel.: +36303719165<\/p>\n<p><strong>A leggyorsabb,<\/strong> ha m\u00e1r kor\u00e1bban regisztr\u00e1lt \u00e9s most nem tud bel\u00e9pni, hogy megk\u00fcldi sms-ben a nev\u00e9t, e-mail c\u00edm\u00e9t \u00e9s pecs\u00e9tsz\u00e1m\u00e1t, \u00e9s mi be\u00e1ll\u00edtjuk a pecs\u00e9tsz\u00e1m\u00e1t jelsz\u00f3nak. SMS.: +36303719165<\/p>\n<p><div id=\"wppb-login-wrap\" class=\"wppb-user-forms\">\n\t\t<form name=\"wppb-loginform\" id=\"wppb-loginform\" class=\"\" action=\"https:\/\/hippocrateslap.hu\/tanfolyam\/wp-json\/wp\/v2\/pages\/3497\" method=\"post\">\n\t\t\t\n\t\t\t<p class=\"wppb-form-field login-username\">\n\t\t\t\t<label for=\"wppb_user_login\">Email<\/label>\n\t\t\t\t<input type=\"email\" name=\"log\" id=\"wppb_user_login\" class=\"input\" value=\"\" size=\"20\" \/>\n\t\t\t<\/p>\n\t\t\t<p class=\"wppb-form-field login-password\">\n\t\t\t\t<label for=\"wppb_user_pass\">Password<\/label>\n\t\t\t\t<span class=\"wppb-password-field-container\">\n\t\t\t\t    <input type=\"password\" name=\"pwd\" id=\"wppb_user_pass\" class=\"input\" value=\"\" size=\"20\" \/>\n\t\t\t\t     <!-- add the HTML for the visibility toggle -->\n\t\t\t\t<\/span>\n            <\/p>\n\t\t\t\n\t\t\t\n\t\t\t<p class=\"wppb-form-field login-remember\"><input name=\"rememberme\" type=\"checkbox\" id=\"rememberme\" value=\"forever\" \/><label for=\"rememberme\">Remember Me<\/label><\/p>\n\t\t\t<p class=\"login-submit\">\n\t\t\t\t<input type=\"submit\" name=\"wp-submit\" id=\"wppb-submit\" class=\"button button-primary\" value=\"Log In\"\" \/>\n\t\t\t\t<input type=\"hidden\" name=\"redirect_to\" value=\"https:\/\/hippocrateslap.hu\/tanfolyam\/wp-json\/wp\/v2\/pages\/3497\" \/>\n\t\t\t<\/p>\n\t\t\t<input type=\"hidden\" name=\"wppb_login\" value=\"true\"\/>\n\t\t\t<input type=\"hidden\" name=\"wppb_form_location\" value=\"widget\"\/>\n\t\t\t<input type=\"hidden\" name=\"wppb_request_url\" value=\"https:\/\/hippocrateslap.hu\/tanfolyam\/wp-json\/wp\/v2\/pages\/3497\"\/>\n\t\t\t<input type=\"hidden\" name=\"wppb_lostpassword_url\" value=\"\"\/>\n\t\t\t<input type=\"hidden\" name=\"wppb_redirect_priority\" value=\"\"\/>\n\t\t\t<input type=\"hidden\" name=\"wppb_referer_url\" value=\"\"\/>\n\t\t\t<input type=\"hidden\" id=\"CSRFToken-wppb\" name=\"CSRFToken-wppb\" value=\"9f10dafb93\" \/><input type=\"hidden\" name=\"_wp_http_referer\" value=\"\/tanfolyam\/wp-json\/wp\/v2\/pages\/3497\" \/>\n\t\t\t<input type=\"hidden\" name=\"wppb_redirect_check\" value=\"true\"\/>\n\t\t\t\n\t\t<\/form><script>window.onload = function() { jQuery(document).ready(function($) { $(\"input[name=\\\"log\\\"]\").on(\"keyup\", function() { $(this).val( $.trim($(this).val()) ); }); }); }<\/script><script>if ( document.getElementById(\"rememberme\") ) document.getElementById(\"rememberme\").checked = true;<\/script><\/div><\/p>\n<p><a class=\"button\" href=\"https:\/\/hippocrateslap.hu\/tanfolyam\/regisztracio\/\">Regisztr\u00e1ci\u00f3<\/a><\/p>\n<p><a href=\"https:\/\/hippocrateslap.hu\/tanfolyam\/regisztracio\/uj-jelszo-letrehozasa\/\">Elfelejtette a jelszav\u00e1t?<\/a><\/p>\n<p>\n<p>&nbsp;<\/p>\n\n<p>&nbsp;<\/p>\n","protected":false},"excerpt":{"rendered":"<p>A v\u00e1ndorgy\u0171l\u00e9s a PTE KK I. Belgy\u00f3gy\u00e1szati Klinika hivatalos, akkredit\u00e1lt el\u0151ad\u00e1sait tartalmazza. A szabadon v\u00e1laszthat\u00f3 tov\u00e1bbk\u00e9pz\u00e9st h\u00e1ziorvosok, belgy\u00f3gy\u00e1szok \u00e9s \u00fczemorvosok r\u00e9sz\u00e9re akkredit\u00e1lt\u00e1k. Kredit\u00e9rt\u00e9k: 11 pont 09.25-09.30 Megnyit\u00f3 Merck Szimp\u00f3zium 09.30-09.50 Dr. Berta Eszter: Obesit\u00e1s\/T\u00fals\u00faly endokrinol\u00f3giai vonatkoz\u00e1sai 09.50-09.55 Diszkusszi\u00f3 09.55-10.15 Dr. Katona \u00c9va: Obesit\u00e1s\/T\u00fals\u00faly diabetol\u00f3gus szemmel 10.15-10.20 Diszkusszi\u00f3 10.20-10.40 Dr. Homor\u00f3di N\u00f3ra: Obesit\u00e1s\/T\u00fals\u00faly kardiol\u00f3gus szemmel 10.40-10.45 &#8230; <a title=\"Hippocrates V\u00e1ndorgy\u0171l\u00e9s \u2013 Debrecen, 2024. 03. 23.\" class=\"read-more\" href=\"https:\/\/hippocrateslap.hu\/tanfolyam\/online-tovabbkepzesek-2024\/hippocrates-vandorgyules-debrecen-2024-03-23\/\" aria-label=\"Read more about Hippocrates V\u00e1ndorgy\u0171l\u00e9s \u2013 Debrecen, 2024. 03. 23.\">Olvass tov\u00e1bb<\/a><\/p>\n","protected":false},"author":82,"featured_media":0,"parent":3327,"menu_order":4,"comment_status":"closed","ping_status":"closed","template":"","meta":{"footnotes":""},"class_list":["post-3497","page","type-page","status-publish"],"publishpress_future_action":{"enabled":false,"date":"2026-04-29 09:39:03","action":"change-status","newStatus":"private","terms":[],"taxonomy":"","extraData":[]},"publishpress_future_workflow_manual_trigger":{"enabledWorkflows":[]},"_links":{"self":[{"href":"https:\/\/hippocrateslap.hu\/tanfolyam\/wp-json\/wp\/v2\/pages\/3497","targetHints":{"allow":["GET"]}}],"collection":[{"href":"https:\/\/hippocrateslap.hu\/tanfolyam\/wp-json\/wp\/v2\/pages"}],"about":[{"href":"https:\/\/hippocrateslap.hu\/tanfolyam\/wp-json\/wp\/v2\/types\/page"}],"author":[{"embeddable":true,"href":"https:\/\/hippocrateslap.hu\/tanfolyam\/wp-json\/wp\/v2\/users\/82"}],"replies":[{"embeddable":true,"href":"https:\/\/hippocrateslap.hu\/tanfolyam\/wp-json\/wp\/v2\/comments?post=3497"}],"version-history":[{"count":6,"href":"https:\/\/hippocrateslap.hu\/tanfolyam\/wp-json\/wp\/v2\/pages\/3497\/revisions"}],"predecessor-version":[{"id":3506,"href":"https:\/\/hippocrateslap.hu\/tanfolyam\/wp-json\/wp\/v2\/pages\/3497\/revisions\/3506"}],"up":[{"embeddable":true,"href":"https:\/\/hippocrateslap.hu\/tanfolyam\/wp-json\/wp\/v2\/pages\/3327"}],"wp:attachment":[{"href":"https:\/\/hippocrateslap.hu\/tanfolyam\/wp-json\/wp\/v2\/media?parent=3497"}],"curies":[{"name":"wp","href":"https:\/\/api.w.org\/{rel}","templated":true}]}}