{"id":3411,"date":"2024-02-07T11:27:06","date_gmt":"2024-02-07T10:27:06","guid":{"rendered":"https:\/\/hippocrateslap.hu\/tanfolyam\/?page_id=3411"},"modified":"2025-02-28T09:21:45","modified_gmt":"2025-02-28T08:21:45","slug":"hippocrates-vandorgyules-szeged-2024-02-17","status":"publish","type":"page","link":"https:\/\/hippocrateslap.hu\/tanfolyam\/online-tovabbkepzesek-2024\/hippocrates-vandorgyules-szeged-2024-02-17\/","title":{"rendered":"Hippocrates V\u00e1ndorgy\u0171l\u00e9s &#8211; Szeged, 2024.02.17."},"content":{"rendered":"<p>A v\u00e1ndorgy\u0171l\u00e9s a <strong>PTE KK I. Belgy\u00f3gy\u00e1szati Klinika<\/strong> hivatalos, akkredit\u00e1lt el\u0151ad\u00e1sait tartalmazza.<br \/>\nA szabadon v\u00e1laszthat\u00f3 tov\u00e1bbk\u00e9pz\u00e9st <strong>h\u00e1ziorvosok, belgy\u00f3gy\u00e1szok \u00e9s \u00fczemorvosok<\/strong> r\u00e9sz\u00e9re akkredit\u00e1lt\u00e1k.<br \/>\nKredit\u00e9rt\u00e9k: <strong>9 pont<\/strong><\/p>\n<p>09.25-09.30 Megnyit\u00f3<br \/>\n<strong>Merck Szimp\u00f3zium<\/strong><br \/>\n09.30-09-50 <strong>Dr. Sepp Kriszti\u00e1n:<\/strong> Obesit\u00e1s\/T\u00fals\u00faly endokrinol\u00f3giai vonatkoz\u00e1sai<br \/>\n09.50-09.55 Diszkusszi\u00f3<br \/>\n09.55-10.15 <strong>Dr. Magony S\u00e1ndor:<\/strong> Obesit\u00e1s\/T\u00fals\u00faly diabetol\u00f3gus szemmel<br \/>\n10.15-10.20 Diszkusszi\u00f3<br \/>\n10.20-10.40 <strong>Prof. Dr. Varga Albert:<\/strong> Obesit\u00e1s\/T\u00fals\u00faly kardiol\u00f3gus szemmel<br \/>\n10.40-10.45 Diszkusszi\u00f3<br \/>\n10.45-10.55 <em>Technikai sz\u00fcnet<\/em><br \/>\n<strong>A F\u00fcstmentes egy\u00fcttm\u0171k\u00f6d\u00e9s\u00e9vel<\/strong><br \/>\n10.55-11.15 <strong>Prof. Dr. Balogh S\u00e1ndor:<\/strong> A doh\u00e1nyz\u00e1s kock\u00e1zatainak cs\u00f6kkent\u00e9se<br \/>\n11.15-11.20 Diszkusszi\u00f3<br \/>\n<strong>A Servier egy\u00fcttm\u0171k\u00f6d\u00e9s\u00e9vel<\/strong><br \/>\n11.20-11.40 <strong>Dr. Baradnay Gell\u00e9rt:<\/strong> Mit jelent a siker a kr\u00f3nikus v\u00e9n\u00e1s el\u00e9gtelen \u00e9s arany\u00e9rbetegek kezel\u00e9s\u00e9ben?<br \/>\n11.40-11.45 Diszkusszi\u00f3<br \/>\n11.45- vas\u00e1rnap 24.00-\u00f3r\u00e1ig <strong>Teszt\u00edr\u00e1s<\/strong><\/p>\n<\/p>\n<h3><strong>Bejelentkez\u00e9s<\/strong><\/h3>\n<p>A tanfolyam megtekint\u00e9s\u00e9hez \u00e9s a teszt kit\u00f6lt\u00e9s\u00e9hez jelentkezzen be, vagy regisztr\u00e1ljon! Ha m\u00e1r kor\u00e1bban regisztr\u00e1lt, akkor csak bejelentkeznie sz\u00fcks\u00e9ges.<\/p>\n<p>Technikai seg\u00edts\u00e9g telefonsz\u00e1ma a rendezv\u00e9ny napj\u00e1n: +36303719165<\/p>\n<p><div id=\"wppb-login-wrap\" class=\"wppb-user-forms\">\n\t\t<form name=\"wppb-loginform\" id=\"wppb-loginform\" class=\"\" action=\"https:\/\/hippocrateslap.hu\/tanfolyam\/wp-json\/wp\/v2\/pages\/3411\" method=\"post\">\n\t\t\t\n\t\t\t<p class=\"wppb-form-field login-username\">\n\t\t\t\t<label for=\"wppb_user_login\">Email<\/label>\n\t\t\t\t<input type=\"email\" name=\"log\" id=\"wppb_user_login\" class=\"input\" value=\"\" size=\"20\" \/>\n\t\t\t<\/p>\n\t\t\t<p class=\"wppb-form-field login-password\">\n\t\t\t\t<label for=\"wppb_user_pass\">Password<\/label>\n\t\t\t\t<span class=\"wppb-password-field-container\">\n\t\t\t\t    <input type=\"password\" name=\"pwd\" id=\"wppb_user_pass\" class=\"input\" value=\"\" size=\"20\" \/>\n\t\t\t\t     <!-- add the HTML for the visibility toggle -->\n\t\t\t\t<\/span>\n            <\/p>\n\t\t\t\n\t\t\t\n\t\t\t<p class=\"wppb-form-field login-remember\"><input name=\"rememberme\" type=\"checkbox\" id=\"rememberme\" value=\"forever\" \/><label for=\"rememberme\">Remember Me<\/label><\/p>\n\t\t\t<p class=\"login-submit\">\n\t\t\t\t<input type=\"submit\" name=\"wp-submit\" id=\"wppb-submit\" class=\"button button-primary\" value=\"Log In\"\" \/>\n\t\t\t\t<input type=\"hidden\" name=\"redirect_to\" value=\"https:\/\/hippocrateslap.hu\/tanfolyam\/wp-json\/wp\/v2\/pages\/3411\" \/>\n\t\t\t<\/p>\n\t\t\t<input type=\"hidden\" name=\"wppb_login\" value=\"true\"\/>\n\t\t\t<input type=\"hidden\" name=\"wppb_form_location\" value=\"widget\"\/>\n\t\t\t<input type=\"hidden\" name=\"wppb_request_url\" value=\"https:\/\/hippocrateslap.hu\/tanfolyam\/wp-json\/wp\/v2\/pages\/3411\"\/>\n\t\t\t<input type=\"hidden\" name=\"wppb_lostpassword_url\" value=\"\"\/>\n\t\t\t<input type=\"hidden\" name=\"wppb_redirect_priority\" value=\"\"\/>\n\t\t\t<input type=\"hidden\" name=\"wppb_referer_url\" value=\"\"\/>\n\t\t\t<input type=\"hidden\" id=\"CSRFToken-wppb\" name=\"CSRFToken-wppb\" value=\"c6a0c1a47b\" \/><input type=\"hidden\" name=\"_wp_http_referer\" value=\"\/tanfolyam\/wp-json\/wp\/v2\/pages\/3411\" \/>\n\t\t\t<input type=\"hidden\" name=\"wppb_redirect_check\" value=\"true\"\/>\n\t\t\t\n\t\t<\/form><script>window.onload = function() { jQuery(document).ready(function($) { $(\"input[name=\\\"log\\\"]\").on(\"keyup\", function() { $(this).val( $.trim($(this).val()) ); }); }); }<\/script><script>if ( document.getElementById(\"rememberme\") ) document.getElementById(\"rememberme\").checked = true;<\/script><\/div><\/p>\n<p><a class=\"button\" href=\"https:\/\/hippocrateslap.hu\/tanfolyam\/regisztracio\/\">Regisztr\u00e1ci\u00f3<\/a><\/p>\n<p><a href=\"https:\/\/hippocrateslap.hu\/tanfolyam\/regisztracio\/uj-jelszo-letrehozasa\/\">Elfelejtette a jelszav\u00e1t?<\/a><\/p>\n<p>\n<p>&nbsp;<\/p>\n<p>&nbsp;<\/p>\n\n","protected":false},"excerpt":{"rendered":"<p>A v\u00e1ndorgy\u0171l\u00e9s a PTE KK I. Belgy\u00f3gy\u00e1szati Klinika hivatalos, akkredit\u00e1lt el\u0151ad\u00e1sait tartalmazza. A szabadon v\u00e1laszthat\u00f3 tov\u00e1bbk\u00e9pz\u00e9st h\u00e1ziorvosok, belgy\u00f3gy\u00e1szok \u00e9s \u00fczemorvosok r\u00e9sz\u00e9re akkredit\u00e1lt\u00e1k. Kredit\u00e9rt\u00e9k: 9 pont 09.25-09.30 Megnyit\u00f3 Merck Szimp\u00f3zium 09.30-09-50 Dr. Sepp Kriszti\u00e1n: Obesit\u00e1s\/T\u00fals\u00faly endokrinol\u00f3giai vonatkoz\u00e1sai 09.50-09.55 Diszkusszi\u00f3 09.55-10.15 Dr. Magony S\u00e1ndor: Obesit\u00e1s\/T\u00fals\u00faly diabetol\u00f3gus szemmel 10.15-10.20 Diszkusszi\u00f3 10.20-10.40 Prof. Dr. Varga Albert: Obesit\u00e1s\/T\u00fals\u00faly kardiol\u00f3gus szemmel &#8230; <a title=\"Hippocrates V\u00e1ndorgy\u0171l\u00e9s &#8211; Szeged, 2024.02.17.\" class=\"read-more\" href=\"https:\/\/hippocrateslap.hu\/tanfolyam\/online-tovabbkepzesek-2024\/hippocrates-vandorgyules-szeged-2024-02-17\/\" aria-label=\"Read more about Hippocrates V\u00e1ndorgy\u0171l\u00e9s &#8211; Szeged, 2024.02.17.\">Olvass tov\u00e1bb<\/a><\/p>\n","protected":false},"author":82,"featured_media":0,"parent":3327,"menu_order":6,"comment_status":"closed","ping_status":"closed","template":"","meta":{"footnotes":""},"class_list":["post-3411","page","type-page","status-publish"],"publishpress_future_action":{"enabled":false,"date":"2026-04-24 06:26:01","action":"change-status","newStatus":"private","terms":[],"taxonomy":"","extraData":[]},"publishpress_future_workflow_manual_trigger":{"enabledWorkflows":[]},"_links":{"self":[{"href":"https:\/\/hippocrateslap.hu\/tanfolyam\/wp-json\/wp\/v2\/pages\/3411","targetHints":{"allow":["GET"]}}],"collection":[{"href":"https:\/\/hippocrateslap.hu\/tanfolyam\/wp-json\/wp\/v2\/pages"}],"about":[{"href":"https:\/\/hippocrateslap.hu\/tanfolyam\/wp-json\/wp\/v2\/types\/page"}],"author":[{"embeddable":true,"href":"https:\/\/hippocrateslap.hu\/tanfolyam\/wp-json\/wp\/v2\/users\/82"}],"replies":[{"embeddable":true,"href":"https:\/\/hippocrateslap.hu\/tanfolyam\/wp-json\/wp\/v2\/comments?post=3411"}],"version-history":[{"count":5,"href":"https:\/\/hippocrateslap.hu\/tanfolyam\/wp-json\/wp\/v2\/pages\/3411\/revisions"}],"predecessor-version":[{"id":3431,"href":"https:\/\/hippocrateslap.hu\/tanfolyam\/wp-json\/wp\/v2\/pages\/3411\/revisions\/3431"}],"up":[{"embeddable":true,"href":"https:\/\/hippocrateslap.hu\/tanfolyam\/wp-json\/wp\/v2\/pages\/3327"}],"wp:attachment":[{"href":"https:\/\/hippocrateslap.hu\/tanfolyam\/wp-json\/wp\/v2\/media?parent=3411"}],"curies":[{"name":"wp","href":"https:\/\/api.w.org\/{rel}","templated":true}]}}