{"id":3330,"date":"2024-01-05T17:55:25","date_gmt":"2024-01-05T16:55:25","guid":{"rendered":"https:\/\/hippocrateslap.hu\/tanfolyam\/?page_id=3330"},"modified":"2025-02-28T09:21:45","modified_gmt":"2025-02-28T08:21:45","slug":"hippocrates-vandorgyules-budapest-2024-01-20","status":"publish","type":"page","link":"https:\/\/hippocrateslap.hu\/tanfolyam\/online-tovabbkepzesek-2024\/hippocrates-vandorgyules-budapest-2024-01-20\/","title":{"rendered":"Hippocrates V\u00e1ndorgy\u0171l\u00e9s &#8211; Budapest, 2024.01.20."},"content":{"rendered":"<p>A v\u00e1ndorgy\u0171l\u00e9s a PTE KK I. Belgy\u00f3gy\u00e1szati Klinika hivatalos, akkredit\u00e1lt el\u0151ad\u00e1sait tartalmazza.<br \/>\nA szabadon v\u00e1laszthat\u00f3 tov\u00e1bbk\u00e9pz\u00e9st h\u00e1ziorvosok, belgy\u00f3gy\u00e1szok \u00e9s \u00fczemorvosok r\u00e9sz\u00e9re akkredit\u00e1lt\u00e1k.<br \/>\nKredit\u00e9rt\u00e9k: <strong>13 pont<\/strong><\/p>\n<p>09.15-09.20 Megnyit\u00f3<br \/>\n<strong>Merck Szimp\u00f3zium<\/strong><br \/>\n09.20-09.40 <strong>Dr. Bal\u00e1zsovics Judit:<\/strong> Obesit\u00e1s\/T\u00fals\u00faly endokrinol\u00f3giai vonatkoz\u00e1sai<br \/>\n09.40-09.45 Diszkusszi\u00f3<br \/>\n09.45-10.05 <strong>Dr. Nagy Erzs\u00e9bet:<\/strong> Obesit\u00e1s\/T\u00fals\u00faly diabetol\u00f3gus szemmel<br \/>\n10.05-10.10 Diszkusszi\u00f3<br \/>\n10.10-10.30 <strong>Dr. N\u00e1dh\u00e1zi Zolt\u00e1n:<\/strong> Obesit\u00e1s\/T\u00fals\u00faly kardiol\u00f3gus szemmel<br \/>\n10.30-10.35 Diszkusszi\u00f3<br \/>\n<strong>F\u00fcstmentes egy\u00fcttm\u0171k\u00f6d\u00e9s\u00e9vel<\/strong><br \/>\n10.35-10.55 <strong>Dr. Halmy Eszter:<\/strong> Doh\u00e1nyz\u00e1s \u00e9s tests\u00faly \u2013 Egyes eg\u00e9szs\u00e9g kock\u00e1zatok m\u00e9rs\u00e9kl\u00e9se \u00e1rtalomcs\u00f6kkent\u00e9ssel \u00e9s \u00e9letm\u00f3d-m\u00f3dos\u00edt\u00e1ssal <br \/>\n10.55-11.00 Diszkusszi\u00f3<br \/>\n11.00-11.10 <em>Sz\u00fcnet<\/em> <br \/>\n<strong>Servier Szimp\u00f3zium<\/strong><br \/>\n11.10-11.30 <strong>Dr. T\u00e4nczer T\u00edmea:<\/strong> A 2-es t\u00edpus\u00fa diab\u00e9tesz kezel\u00e9se naprak\u00e9szen<br \/>\n11.30-11.35 Diszkusszi\u00f3<br \/>\n11.35-11.55 <strong>Dr. Tomcsik Zolt\u00e1n:<\/strong> Mit jelent a siker a kr\u00f3nikus v\u00e9n\u00e1s el\u00e9gtelen \u00e9s arany\u00e9rbetegek kezel\u00e9s\u00e9ben?<br \/>\n11.55-12.00 Diszkusszi\u00f3<\/p>\n<p>12.00-12.20 <strong>Dr. Orb\u00e1n Gy\u0151z\u0151:<\/strong> K\u00e1rt\u00e9r\u00edt\u00e9si felel\u0151ss\u00e9g a s\u00fcrg\u0151ss\u00e9gi ell\u00e1t\u00e1sban<br \/>\n12.20-vas\u00e1rnap 24.00-\u00f3r\u00e1ig Teszt\u00edr\u00e1s<\/p>\n<\/p>\n<h3><strong>Bejelentkez\u00e9s<\/strong><\/h3>\n<p>A tanfolyam megtekint\u00e9s\u00e9hez \u00e9s a teszt kit\u00f6lt\u00e9s\u00e9hez jelentkezzen be, vagy regisztr\u00e1ljon! Ha m\u00e1r kor\u00e1bban regisztr\u00e1lt, akkor csak bejelentkeznie sz\u00fcks\u00e9ges.<\/p>\n<p>Technikai seg\u00edts\u00e9g telefonsz\u00e1ma a rendezv\u00e9ny napj\u00e1n: +36303719165<\/p>\n<p><div id=\"wppb-login-wrap\" class=\"wppb-user-forms\">\n\t\t<form name=\"wppb-loginform\" id=\"wppb-loginform\" class=\"\" action=\"https:\/\/hippocrateslap.hu\/tanfolyam\/wp-json\/wp\/v2\/pages\/3330\" method=\"post\">\n\t\t\t\n\t\t\t<p class=\"wppb-form-field login-username\">\n\t\t\t\t<label for=\"wppb_user_login\">Email<\/label>\n\t\t\t\t<input type=\"email\" name=\"log\" id=\"wppb_user_login\" class=\"input\" value=\"\" size=\"20\" \/>\n\t\t\t<\/p>\n\t\t\t<p class=\"wppb-form-field login-password\">\n\t\t\t\t<label for=\"wppb_user_pass\">Password<\/label>\n\t\t\t\t<span class=\"wppb-password-field-container\">\n\t\t\t\t    <input type=\"password\" name=\"pwd\" id=\"wppb_user_pass\" class=\"input\" value=\"\" size=\"20\" \/>\n\t\t\t\t     <!-- add the HTML for the visibility toggle -->\n\t\t\t\t<\/span>\n            <\/p>\n\t\t\t\n\t\t\t\n\t\t\t<p class=\"wppb-form-field login-remember\"><input name=\"rememberme\" type=\"checkbox\" id=\"rememberme\" value=\"forever\" \/><label for=\"rememberme\">Remember Me<\/label><\/p>\n\t\t\t<p class=\"login-submit\">\n\t\t\t\t<input type=\"submit\" name=\"wp-submit\" id=\"wppb-submit\" class=\"button button-primary\" value=\"Log In\"\" \/>\n\t\t\t\t<input type=\"hidden\" name=\"redirect_to\" value=\"https:\/\/hippocrateslap.hu\/tanfolyam\/wp-json\/wp\/v2\/pages\/3330\" \/>\n\t\t\t<\/p>\n\t\t\t<input type=\"hidden\" name=\"wppb_login\" value=\"true\"\/>\n\t\t\t<input type=\"hidden\" name=\"wppb_form_location\" value=\"widget\"\/>\n\t\t\t<input type=\"hidden\" name=\"wppb_request_url\" value=\"https:\/\/hippocrateslap.hu\/tanfolyam\/wp-json\/wp\/v2\/pages\/3330\"\/>\n\t\t\t<input type=\"hidden\" name=\"wppb_lostpassword_url\" value=\"\"\/>\n\t\t\t<input type=\"hidden\" name=\"wppb_redirect_priority\" value=\"\"\/>\n\t\t\t<input type=\"hidden\" name=\"wppb_referer_url\" value=\"\"\/>\n\t\t\t<input type=\"hidden\" id=\"CSRFToken-wppb\" name=\"CSRFToken-wppb\" value=\"9f10dafb93\" \/><input type=\"hidden\" name=\"_wp_http_referer\" value=\"\/tanfolyam\/wp-json\/wp\/v2\/pages\/3330\" \/>\n\t\t\t<input type=\"hidden\" name=\"wppb_redirect_check\" value=\"true\"\/>\n\t\t\t\n\t\t<\/form><script>window.onload = function() { jQuery(document).ready(function($) { $(\"input[name=\\\"log\\\"]\").on(\"keyup\", function() { $(this).val( $.trim($(this).val()) ); }); }); }<\/script><script>if ( document.getElementById(\"rememberme\") ) document.getElementById(\"rememberme\").checked = true;<\/script><\/div><\/p>\n<p><a class=\"button\" href=\"https:\/\/hippocrateslap.hu\/tanfolyam\/regisztracio\/\">Regisztr\u00e1ci\u00f3<\/a><\/p>\n<p><a href=\"https:\/\/hippocrateslap.hu\/tanfolyam\/regisztracio\/uj-jelszo-letrehozasa\/\">Elfelejtette a jelszav\u00e1t?<\/a><\/p>\n<p>\n<p>&nbsp;<\/p>\n<p>&nbsp;<\/p>\n\n","protected":false},"excerpt":{"rendered":"<p>A v\u00e1ndorgy\u0171l\u00e9s a PTE KK I. Belgy\u00f3gy\u00e1szati Klinika hivatalos, akkredit\u00e1lt el\u0151ad\u00e1sait tartalmazza. A szabadon v\u00e1laszthat\u00f3 tov\u00e1bbk\u00e9pz\u00e9st h\u00e1ziorvosok, belgy\u00f3gy\u00e1szok \u00e9s \u00fczemorvosok r\u00e9sz\u00e9re akkredit\u00e1lt\u00e1k. Kredit\u00e9rt\u00e9k: 13 pont 09.15-09.20 Megnyit\u00f3 Merck Szimp\u00f3zium 09.20-09.40 Dr. Bal\u00e1zsovics Judit: Obesit\u00e1s\/T\u00fals\u00faly endokrinol\u00f3giai vonatkoz\u00e1sai 09.40-09.45 Diszkusszi\u00f3 09.45-10.05 Dr. Nagy Erzs\u00e9bet: Obesit\u00e1s\/T\u00fals\u00faly diabetol\u00f3gus szemmel 10.05-10.10 Diszkusszi\u00f3 10.10-10.30 Dr. N\u00e1dh\u00e1zi Zolt\u00e1n: Obesit\u00e1s\/T\u00fals\u00faly kardiol\u00f3gus szemmel 10.30-10.35 &#8230; <a title=\"Hippocrates V\u00e1ndorgy\u0171l\u00e9s &#8211; Budapest, 2024.01.20.\" class=\"read-more\" href=\"https:\/\/hippocrateslap.hu\/tanfolyam\/online-tovabbkepzesek-2024\/hippocrates-vandorgyules-budapest-2024-01-20\/\" aria-label=\"Read more about Hippocrates V\u00e1ndorgy\u0171l\u00e9s &#8211; Budapest, 2024.01.20.\">Olvass tov\u00e1bb<\/a><\/p>\n","protected":false},"author":82,"featured_media":0,"parent":3327,"menu_order":8,"comment_status":"closed","ping_status":"closed","template":"","meta":{"footnotes":""},"class_list":["post-3330","page","type-page","status-publish"],"publishpress_future_action":{"enabled":false,"date":"2026-04-29 11:00:40","action":"change-status","newStatus":"private","terms":[],"taxonomy":"","extraData":[]},"publishpress_future_workflow_manual_trigger":{"enabledWorkflows":[]},"_links":{"self":[{"href":"https:\/\/hippocrateslap.hu\/tanfolyam\/wp-json\/wp\/v2\/pages\/3330","targetHints":{"allow":["GET"]}}],"collection":[{"href":"https:\/\/hippocrateslap.hu\/tanfolyam\/wp-json\/wp\/v2\/pages"}],"about":[{"href":"https:\/\/hippocrateslap.hu\/tanfolyam\/wp-json\/wp\/v2\/types\/page"}],"author":[{"embeddable":true,"href":"https:\/\/hippocrateslap.hu\/tanfolyam\/wp-json\/wp\/v2\/users\/82"}],"replies":[{"embeddable":true,"href":"https:\/\/hippocrateslap.hu\/tanfolyam\/wp-json\/wp\/v2\/comments?post=3330"}],"version-history":[{"count":7,"href":"https:\/\/hippocrateslap.hu\/tanfolyam\/wp-json\/wp\/v2\/pages\/3330\/revisions"}],"predecessor-version":[{"id":3433,"href":"https:\/\/hippocrateslap.hu\/tanfolyam\/wp-json\/wp\/v2\/pages\/3330\/revisions\/3433"}],"up":[{"embeddable":true,"href":"https:\/\/hippocrateslap.hu\/tanfolyam\/wp-json\/wp\/v2\/pages\/3327"}],"wp:attachment":[{"href":"https:\/\/hippocrateslap.hu\/tanfolyam\/wp-json\/wp\/v2\/media?parent=3330"}],"curies":[{"name":"wp","href":"https:\/\/api.w.org\/{rel}","templated":true}]}}