{"id":3290,"date":"2023-09-26T09:24:46","date_gmt":"2023-09-26T08:24:46","guid":{"rendered":"https:\/\/hippocrateslap.hu\/tanfolyam\/?page_id=3290"},"modified":"2025-02-28T09:21:45","modified_gmt":"2025-02-28T08:21:45","slug":"hippocrates-csaladorvosi-szimpoziumok-pecs-2023-09-30","status":"publish","type":"page","link":"https:\/\/hippocrateslap.hu\/tanfolyam\/online-tovabbkepzesek-2023\/hippocrates-csaladorvosi-szimpoziumok-pecs-2023-09-30\/","title":{"rendered":"Hippocrates Csal\u00e1dorvosi Szimp\u00f3ziumok &#8211; P\u00e9cs, 2023.09.30."},"content":{"rendered":"<p>A p\u00e9csi v\u00e1ndorgy\u0171l\u00e9s a <strong>PTE KK I. Belgy\u00f3gy\u00e1szati Klinika<\/strong> hivatalos, akkredit\u00e1lt el\u0151ad\u00e1sait tartalmazza.<br \/>\nA tanfolyamokat belgy\u00f3gy\u00e1szok, h\u00e1ziorvosok, csecsem\u0151- \u00e9s gyermekgy\u00f3gy\u00e1szok, \u00fczemorvosok r\u00e9sz\u00e9re akkredit\u00e1lt\u00e1k.<br \/>\nKredit\u00e9rt\u00e9k: <strong>8 pont<\/strong><\/p>\n<p>10.00-10.10 Megnyit\u00f3<br \/>\n<strong>Astra-Zeneca Szimp\u00f3zium:<\/strong><br \/>\n10.10-10.30 <strong>Dr. Papp M\u00e1rta:<\/strong> A COPD korai felismer\u00e9se a h\u00e1ziorvosi gyakorlatban<br \/>\n10.30-10.35 Diszkusszi\u00f3 <br \/>\n10.35-10.55 <strong>Dr. Lov\u00e1sz Orsolya:<\/strong> Asztma menedzsment <br \/>\n10.55-11.00 Diszkusszi\u00f3 <br \/>\n<strong>Vitaminkos\u00e1r egy\u00fcttm\u0171k\u00f6d\u00e9s\u00e9vel:<\/strong><br \/>\n11.00-11.20 <strong>Barna Dorina:<\/strong> Fert\u0151z\u00e9sek elleni term\u00e9szetes sz\u00f6vets\u00e9geseink: a probiotikumok I.<br \/>\n11.20-11.25 Diszkusszi\u00f3<br \/>\n11.25-11.45 <strong>Dr. Bencz Zolt\u00e1n:<\/strong> Fert\u0151z\u00e9sek elleni term\u00e9szetes sz\u00f6vets\u00e9geseink: a probiotikumok II.<br \/>\n11.45-11.50 Diszkusszi\u00f3<br \/>\n<strong>Supremex egy\u00fcttm\u0171k\u00f6d\u00e9s\u00e9vel:<\/strong><br \/>\n11.50-12.10 <strong>Dr. Czimmer J\u00f3zsef:<\/strong> Motilit\u00e1si zavarok ter\u00e1pi\u00e1s lehet\u0151s\u00e9gei <br \/>\n<strong>12.10-12.15 <\/strong>Diszkusszi\u00f3<br \/>\n<strong>F\u00fcstmentes egy\u00fcttm\u0171k\u00f6d\u00e9s\u00e9vel:<\/strong><br \/>\n12.15-12.35 <strong>Dr. Szondy Kl\u00e1ra:<\/strong> H\u00e1ziorvosok (alapell\u00e1t\u00e1s) szerepe a doh\u00e1nyz\u00e1s okozta betegs\u00e9gek megel\u0151z\u00e9s\u00e9ben <br \/>\n12.35-12.40 Diszkusszi\u00f3<\/p>\n<p>12.40- vas\u00e1rnap 24.00-ig <strong>Teszt<\/strong> kit\u00f6lt\u00e9se<\/p>\n<p>\u00a0<br \/>\nAz el\u0151ad\u00e1sokban szerepl\u0151 inform\u00e1ci\u00f3k az el\u0151ad\u00f3(k) eredm\u00e9nyeit \u00e9s v\u00e9lem\u00e9ny\u00e9t t\u00fckr\u00f6zik. A megeml\u00edtett term\u00e9kek haszn\u00e1latakor az \u00e9rv\u00e9nyes alkalmaz\u00e1si el\u0151\u00edr\u00e1s az ir\u00e1nyad\u00f3.<\/p>\n<\/p>\n<h3><strong>Bejelentkez\u00e9s<\/strong><\/h3>\n<p>A tanfolyam megtekint\u00e9s\u00e9hez \u00e9s a teszt kit\u00f6lt\u00e9s\u00e9hez jelentkezzen be, vagy regisztr\u00e1ljon! Ha m\u00e1r kor\u00e1bban regisztr\u00e1lt, akkor csak bejelentkeznie sz\u00fcks\u00e9ges.<\/p>\n<p>Technikai seg\u00edts\u00e9g telefonsz\u00e1ma a rendezv\u00e9ny napj\u00e1n: +36303719165<\/p>\n<p><div id=\"wppb-login-wrap\" class=\"wppb-user-forms\">\n\t\t<form name=\"wppb-loginform\" id=\"wppb-loginform\" class=\"\" action=\"https:\/\/hippocrateslap.hu\/tanfolyam\/wp-json\/wp\/v2\/pages\/3290\" method=\"post\">\n\t\t\t\n\t\t\t<p class=\"wppb-form-field login-username\">\n\t\t\t\t<label for=\"wppb_user_login\">Email<\/label>\n\t\t\t\t<input type=\"email\" name=\"log\" id=\"wppb_user_login\" class=\"input\" value=\"\" size=\"20\" \/>\n\t\t\t<\/p>\n\t\t\t<p class=\"wppb-form-field login-password\">\n\t\t\t\t<label for=\"wppb_user_pass\">Password<\/label>\n\t\t\t\t<span class=\"wppb-password-field-container\">\n\t\t\t\t    <input type=\"password\" name=\"pwd\" id=\"wppb_user_pass\" class=\"input\" value=\"\" size=\"20\" \/>\n\t\t\t\t     <!-- add the HTML for the visibility toggle -->\n\t\t\t\t<\/span>\n            <\/p>\n\t\t\t\n\t\t\t\n\t\t\t<p class=\"wppb-form-field login-remember\"><input name=\"rememberme\" type=\"checkbox\" id=\"rememberme\" value=\"forever\" \/><label for=\"rememberme\">Remember Me<\/label><\/p>\n\t\t\t<p class=\"login-submit\">\n\t\t\t\t<input type=\"submit\" name=\"wp-submit\" id=\"wppb-submit\" class=\"button button-primary\" value=\"Log In\"\" \/>\n\t\t\t\t<input type=\"hidden\" name=\"redirect_to\" value=\"https:\/\/hippocrateslap.hu\/tanfolyam\/wp-json\/wp\/v2\/pages\/3290\" \/>\n\t\t\t<\/p>\n\t\t\t<input type=\"hidden\" name=\"wppb_login\" value=\"true\"\/>\n\t\t\t<input type=\"hidden\" name=\"wppb_form_location\" value=\"widget\"\/>\n\t\t\t<input type=\"hidden\" name=\"wppb_request_url\" value=\"https:\/\/hippocrateslap.hu\/tanfolyam\/wp-json\/wp\/v2\/pages\/3290\"\/>\n\t\t\t<input type=\"hidden\" name=\"wppb_lostpassword_url\" value=\"\"\/>\n\t\t\t<input type=\"hidden\" name=\"wppb_redirect_priority\" value=\"\"\/>\n\t\t\t<input type=\"hidden\" name=\"wppb_referer_url\" value=\"\"\/>\n\t\t\t<input type=\"hidden\" id=\"CSRFToken-wppb\" name=\"CSRFToken-wppb\" value=\"26188badc6\" \/><input type=\"hidden\" name=\"_wp_http_referer\" value=\"\/tanfolyam\/wp-json\/wp\/v2\/pages\/3290\" \/>\n\t\t\t<input type=\"hidden\" name=\"wppb_redirect_check\" value=\"true\"\/>\n\t\t\t\n\t\t<\/form><script>window.onload = function() { jQuery(document).ready(function($) { $(\"input[name=\\\"log\\\"]\").on(\"keyup\", function() { $(this).val( $.trim($(this).val()) ); }); }); }<\/script><script>if ( document.getElementById(\"rememberme\") ) document.getElementById(\"rememberme\").checked = true;<\/script><\/div><\/p>\n<p style=\"text-align: center;\"><a class=\"button\" href=\"https:\/\/hippocrateslap.hu\/tanfolyam\/regisztracio\/\">Regisztr\u00e1ci\u00f3<\/a><\/p>\n<p style=\"text-align: center;\"><a href=\"https:\/\/hippocrateslap.hu\/tanfolyam\/regisztracio\/uj-jelszo-letrehozasa\/\">Elfelejtette a jelszav\u00e1t?<\/a><\/p>\n<p style=\"text-align: center;\">\n<p style=\"text-align: center;\">\u00a0<\/p>\n<p>&nbsp;<\/p>\n\n","protected":false},"excerpt":{"rendered":"<p>A p\u00e9csi v\u00e1ndorgy\u0171l\u00e9s a PTE KK I. Belgy\u00f3gy\u00e1szati Klinika hivatalos, akkredit\u00e1lt el\u0151ad\u00e1sait tartalmazza. A tanfolyamokat belgy\u00f3gy\u00e1szok, h\u00e1ziorvosok, csecsem\u0151- \u00e9s gyermekgy\u00f3gy\u00e1szok, \u00fczemorvosok r\u00e9sz\u00e9re akkredit\u00e1lt\u00e1k. Kredit\u00e9rt\u00e9k: 8 pont 10.00-10.10 Megnyit\u00f3 Astra-Zeneca Szimp\u00f3zium: 10.10-10.30 Dr. Papp M\u00e1rta: A COPD korai felismer\u00e9se a h\u00e1ziorvosi gyakorlatban 10.30-10.35 Diszkusszi\u00f3 10.35-10.55 Dr. Lov\u00e1sz Orsolya: Asztma menedzsment 10.55-11.00 Diszkusszi\u00f3 Vitaminkos\u00e1r egy\u00fcttm\u0171k\u00f6d\u00e9s\u00e9vel: 11.00-11.20 Barna &#8230; <a title=\"Hippocrates Csal\u00e1dorvosi Szimp\u00f3ziumok &#8211; P\u00e9cs, 2023.09.30.\" class=\"read-more\" href=\"https:\/\/hippocrateslap.hu\/tanfolyam\/online-tovabbkepzesek-2023\/hippocrates-csaladorvosi-szimpoziumok-pecs-2023-09-30\/\" aria-label=\"Read more about Hippocrates Csal\u00e1dorvosi Szimp\u00f3ziumok &#8211; P\u00e9cs, 2023.09.30.\">Olvass tov\u00e1bb<\/a><\/p>\n","protected":false},"author":82,"featured_media":0,"parent":3007,"menu_order":1,"comment_status":"closed","ping_status":"closed","template":"","meta":{"footnotes":""},"class_list":["post-3290","page","type-page","status-publish"],"publishpress_future_action":{"enabled":false,"date":"2026-04-14 09:22:43","action":"change-status","newStatus":"private","terms":[],"taxonomy":"","extraData":[]},"publishpress_future_workflow_manual_trigger":{"enabledWorkflows":[]},"_links":{"self":[{"href":"https:\/\/hippocrateslap.hu\/tanfolyam\/wp-json\/wp\/v2\/pages\/3290","targetHints":{"allow":["GET"]}}],"collection":[{"href":"https:\/\/hippocrateslap.hu\/tanfolyam\/wp-json\/wp\/v2\/pages"}],"about":[{"href":"https:\/\/hippocrateslap.hu\/tanfolyam\/wp-json\/wp\/v2\/types\/page"}],"author":[{"embeddable":true,"href":"https:\/\/hippocrateslap.hu\/tanfolyam\/wp-json\/wp\/v2\/users\/82"}],"replies":[{"embeddable":true,"href":"https:\/\/hippocrateslap.hu\/tanfolyam\/wp-json\/wp\/v2\/comments?post=3290"}],"version-history":[{"count":7,"href":"https:\/\/hippocrateslap.hu\/tanfolyam\/wp-json\/wp\/v2\/pages\/3290\/revisions"}],"predecessor-version":[{"id":3435,"href":"https:\/\/hippocrateslap.hu\/tanfolyam\/wp-json\/wp\/v2\/pages\/3290\/revisions\/3435"}],"up":[{"embeddable":true,"href":"https:\/\/hippocrateslap.hu\/tanfolyam\/wp-json\/wp\/v2\/pages\/3007"}],"wp:attachment":[{"href":"https:\/\/hippocrateslap.hu\/tanfolyam\/wp-json\/wp\/v2\/media?parent=3290"}],"curies":[{"name":"wp","href":"https:\/\/api.w.org\/{rel}","templated":true}]}}