{"id":3224,"date":"2023-09-08T09:19:47","date_gmt":"2023-09-08T08:19:47","guid":{"rendered":"https:\/\/hippocrateslap.hu\/tanfolyam\/?page_id=3224"},"modified":"2025-02-28T09:21:45","modified_gmt":"2025-02-28T08:21:45","slug":"hippocrates-csaladorvosi-szimpoziumok-budapest-2023-09-16","status":"publish","type":"page","link":"https:\/\/hippocrateslap.hu\/tanfolyam\/online-tovabbkepzesek-2023\/hippocrates-csaladorvosi-szimpoziumok-budapest-2023-09-16\/","title":{"rendered":"Hippocrates Csal\u00e1dorvosi Szimp\u00f3ziumok &#8211; Budapest, 2023.09.16."},"content":{"rendered":"<p>A v\u00e1ndorgy\u0171l\u00e9s a <strong>PTE KK I. Belgy\u00f3gy\u00e1szati Klinika<\/strong> hivatalos, akkredit\u00e1lt el\u0151ad\u00e1sait tartalmazza.<br \/>\nA tanfolyamokat belgy\u00f3gy\u00e1szok, h\u00e1ziorvosok, csecsem\u0151- \u00e9s gyermekgy\u00f3gy\u00e1szok, \u00fczemorvosok r\u00e9sz\u00e9re akkredit\u00e1lt\u00e1k.<br \/>\nKredit\u00e9rt\u00e9k: <strong>12 pont<\/strong><\/p>\n<p>Az el\u0151ad\u00e1sokban szerepl\u0151 inform\u00e1ci\u00f3k az el\u0151ad\u00f3(k) eredm\u00e9nyeit \u00e9s v\u00e9lem\u00e9ny\u00e9t t\u00fckr\u00f6zik. A megeml\u00edtett term\u00e9kek haszn\u00e1latakor az \u00e9rv\u00e9nyes alkalmaz\u00e1si el\u0151\u00edr\u00e1s az ir\u00e1nyad\u00f3.<\/p>\n<\/p>\n<h3><strong>Bejelentkez\u00e9s<\/strong><\/h3>\n<p>A tanfolyam megtekint\u00e9s\u00e9hez \u00e9s a teszt kit\u00f6lt\u00e9s\u00e9hez jelentkezzen be, vagy regisztr\u00e1ljon! Ha m\u00e1r kor\u00e1bban regisztr\u00e1lt, akkor csak bejelentkeznie sz\u00fcks\u00e9ges.<\/p>\n<p>Technikai seg\u00edts\u00e9g telefonsz\u00e1ma a rendezv\u00e9ny napj\u00e1n: +36303719165<\/p>\n<p><div id=\"wppb-login-wrap\" class=\"wppb-user-forms\">\n\t\t<form name=\"wppb-loginform\" id=\"wppb-loginform\" class=\"\" action=\"https:\/\/hippocrateslap.hu\/tanfolyam\/wp-json\/wp\/v2\/pages\/3224\" method=\"post\">\n\t\t\t\n\t\t\t<p class=\"wppb-form-field login-username\">\n\t\t\t\t<label for=\"wppb_user_login\">Email<\/label>\n\t\t\t\t<input type=\"email\" name=\"log\" id=\"wppb_user_login\" class=\"input\" value=\"\" size=\"20\" \/>\n\t\t\t<\/p>\n\t\t\t<p class=\"wppb-form-field login-password\">\n\t\t\t\t<label for=\"wppb_user_pass\">Password<\/label>\n\t\t\t\t<span class=\"wppb-password-field-container\">\n\t\t\t\t    <input type=\"password\" name=\"pwd\" id=\"wppb_user_pass\" class=\"input\" value=\"\" size=\"20\" \/>\n\t\t\t\t     <!-- add the HTML for the visibility toggle -->\n\t\t\t\t<\/span>\n            <\/p>\n\t\t\t\n\t\t\t\n\t\t\t<p class=\"wppb-form-field login-remember\"><input name=\"rememberme\" type=\"checkbox\" id=\"rememberme\" value=\"forever\" \/><label for=\"rememberme\">Remember Me<\/label><\/p>\n\t\t\t<p class=\"login-submit\">\n\t\t\t\t<input type=\"submit\" name=\"wp-submit\" id=\"wppb-submit\" class=\"button button-primary\" value=\"Log In\"\" \/>\n\t\t\t\t<input type=\"hidden\" name=\"redirect_to\" value=\"https:\/\/hippocrateslap.hu\/tanfolyam\/wp-json\/wp\/v2\/pages\/3224\" \/>\n\t\t\t<\/p>\n\t\t\t<input type=\"hidden\" name=\"wppb_login\" value=\"true\"\/>\n\t\t\t<input type=\"hidden\" name=\"wppb_form_location\" value=\"widget\"\/>\n\t\t\t<input type=\"hidden\" name=\"wppb_request_url\" value=\"https:\/\/hippocrateslap.hu\/tanfolyam\/wp-json\/wp\/v2\/pages\/3224\"\/>\n\t\t\t<input type=\"hidden\" name=\"wppb_lostpassword_url\" value=\"\"\/>\n\t\t\t<input type=\"hidden\" name=\"wppb_redirect_priority\" value=\"\"\/>\n\t\t\t<input type=\"hidden\" name=\"wppb_referer_url\" value=\"\"\/>\n\t\t\t<input type=\"hidden\" id=\"CSRFToken-wppb\" name=\"CSRFToken-wppb\" value=\"7a134b1c44\" \/><input type=\"hidden\" name=\"_wp_http_referer\" value=\"\/tanfolyam\/wp-json\/wp\/v2\/pages\/3224\" \/>\n\t\t\t<input type=\"hidden\" name=\"wppb_redirect_check\" value=\"true\"\/>\n\t\t\t\n\t\t<\/form><script>window.onload = function() { jQuery(document).ready(function($) { $(\"input[name=\\\"log\\\"]\").on(\"keyup\", function() { $(this).val( $.trim($(this).val()) ); }); }); }<\/script><script>if ( document.getElementById(\"rememberme\") ) document.getElementById(\"rememberme\").checked = true;<\/script><\/div><\/p>\n<p style=\"text-align: center;\"><a class=\"button\" href=\"https:\/\/hippocrateslap.hu\/tanfolyam\/regisztracio\/\">Regisztr\u00e1ci\u00f3<\/a><\/p>\n<p style=\"text-align: center;\"><a href=\"https:\/\/hippocrateslap.hu\/tanfolyam\/regisztracio\/uj-jelszo-letrehozasa\/\">Elfelejtette a jelszav\u00e1t?<\/a><\/p>\n<p style=\"text-align: center;\">\n<p style=\"text-align: center;\">\u00a0<\/p>\n<p>&nbsp;<\/p>\n\n<h3><strong>Program:<\/strong><\/h3>\n<p>09.20-09.30 Megnyit\u00f3<br \/>\n<strong>Sanofi Genzyme Szimp\u00f3zium:<\/strong><br \/>\n09.30-09.50 <strong>Dr. Grosz Zolt\u00e1n:<\/strong> Szokatlan t\u00fcnetegy\u00fcttes \u2013 kacs\u00e1z\u00f3 j\u00e1r\u00e1s \u00e9s fejf\u00e1j\u00e1s \u2013h\u00e1tter\u00e9ben rejl\u0151 k\u00f3rk\u00e9p <br \/>\n09.50-09.55 Diszkusszi\u00f3 <br \/>\n09.55-10.15 <strong>Dr. Reismann P\u00e9ter:<\/strong> Amit a Fabry k\u00f3rr\u00f3l tudni kell <br \/>\n10.15-10.20 Diszkusszi\u00f3<br \/>\n10.20-10.40 <strong>Dr. Csacsovszki Ott\u00f3:<\/strong> Trombocytopenia differenci\u00e1l diagnosztik\u00e1ja \u2013 ritka \u00e9s kezelhet\u0151 betegs\u00e9gek<br \/>\n10.40-10.45 Diszkusszi\u00f3<br \/>\n<strong>Richter egy\u00fcttm\u0171k\u00f6d\u00e9s\u00e9vel:<\/strong><br \/>\n10.45-11.05 <strong>Prof. Dr. Tam\u00e1si Lilla:<\/strong> T\u00edpusos vagy at\u00edpusos? A pneum\u00f3nia rejtelmei<br \/>\n11.05-11.10 Diszkusszi\u00f3 <br \/>\n<strong>Astra-Zeneca Szimp\u00f3zium:<\/strong><br \/>\n11.10-11.30 <strong>Dr. Papp M\u00e1rta:<\/strong> A COPD korai felismer\u00e9se a h\u00e1ziorvosi gyakorlatban<br \/>\n11.30-11.35 Diszkusszi\u00f3 <br \/>\n11.35-11.55 <strong>Dr. Herke Paula:<\/strong> Asztma menedzsment<br \/>\n11.55-12.00 Diszkusszi\u00f3<\/p>\n<p>12.00-13.20 <em>Eb\u00e9dsz\u00fcnet<\/em><\/p>\n<p><strong>Hippocrates felk\u00e9r\u00e9s<\/strong><br \/>\n13.20-13.40 <strong>Prof. Dr. T\u00f3th K\u00e1lm\u00e1n:<\/strong> Kr\u00f3nikus koszor\u00fa\u00e9r szindr\u00f3ma (CCS) aktualit\u00e1sai <br \/>\n13.40-13.45 Diszkusszi\u00f3<br \/>\n<strong>Servier Szimp\u00f3zium:<\/strong><br \/>\n13.45-14.05 <strong>Dr. Masszi Gabriella:<\/strong> A kr\u00f3nikus koron\u00e1ria betegek szem\u00e9lyre szabott ter\u00e1pi\u00e1ja \u2013 f\u00f3kuszban a n\u0151k<br \/>\n14.05-14.10 Diszkusszi\u00f3<br \/>\n14.10-14.30 <strong>Dr. Tak\u00e1cs \u00c9va:<\/strong> A guideline-ok alkalmaz\u00e1sa a napi gyakorlatban<br \/>\n14.30-14.35 Diszkusszi\u00f3<br \/>\n<strong>F\u00fcstmentes egy\u00fcttm\u0171k\u00f6d\u00e9s\u00e9vel:<\/strong><br \/>\n14.35-14.55 <strong>Dr. Szondy Kl\u00e1ra:<\/strong> H\u00e1ziorvosok (alapell\u00e1t\u00e1s) szerepe a doh\u00e1nyz\u00e1s okozta betegs\u00e9gek megel\u0151z\u00e9s\u00e9ben <br \/>\n14.55-15.00 Diszkusszi\u00f3<br \/>\n15.00-15.15 S<em>z\u00fcnet<\/em><br \/>\n<strong>Supremex egy\u00fcttm\u0171k\u00f6d\u00e9s\u00e9vel:<\/strong><br \/>\n15.15-15.35 <strong>Dr. M\u00fcllner Katalin:<\/strong> Motilit\u00e1si zavarok ter\u00e1pi\u00e1s lehet\u0151s\u00e9gei <br \/>\n15.35-15.40 Diszkusszi\u00f3<br \/>\n<strong>Vitaminkos\u00e1r egy\u00fcttm\u0171k\u00f6d\u00e9s\u00e9vel:<\/strong><br \/>\n15.40-16.00 <strong>Barna Dorina:<\/strong> Fert\u0151z\u00e9sek elleni term\u00e9szetes sz\u00f6vets\u00e9geseink: a probiotikumok <br \/>\n16.00-16.05 Diszkusszi\u00f3<br \/>\n16.05-16.30 <strong>Teszt\u00edr\u00e1s<\/strong><\/p>\n<p>&nbsp;<\/p>\n","protected":false},"excerpt":{"rendered":"<p>A v\u00e1ndorgy\u0171l\u00e9s a PTE KK I. Belgy\u00f3gy\u00e1szati Klinika hivatalos, akkredit\u00e1lt el\u0151ad\u00e1sait tartalmazza. A tanfolyamokat belgy\u00f3gy\u00e1szok, h\u00e1ziorvosok, csecsem\u0151- \u00e9s gyermekgy\u00f3gy\u00e1szok, \u00fczemorvosok r\u00e9sz\u00e9re akkredit\u00e1lt\u00e1k. Kredit\u00e9rt\u00e9k: 12 pont Az el\u0151ad\u00e1sokban szerepl\u0151 inform\u00e1ci\u00f3k az el\u0151ad\u00f3(k) eredm\u00e9nyeit \u00e9s v\u00e9lem\u00e9ny\u00e9t t\u00fckr\u00f6zik. A megeml\u00edtett term\u00e9kek haszn\u00e1latakor az \u00e9rv\u00e9nyes alkalmaz\u00e1si el\u0151\u00edr\u00e1s az ir\u00e1nyad\u00f3. \u00a0 &nbsp; Program: 09.20-09.30 Megnyit\u00f3 Sanofi Genzyme Szimp\u00f3zium: 09.30-09.50 Dr. &#8230; <a title=\"Hippocrates Csal\u00e1dorvosi Szimp\u00f3ziumok &#8211; Budapest, 2023.09.16.\" class=\"read-more\" href=\"https:\/\/hippocrateslap.hu\/tanfolyam\/online-tovabbkepzesek-2023\/hippocrates-csaladorvosi-szimpoziumok-budapest-2023-09-16\/\" aria-label=\"Read more about Hippocrates Csal\u00e1dorvosi Szimp\u00f3ziumok &#8211; Budapest, 2023.09.16.\">Olvass tov\u00e1bb<\/a><\/p>\n","protected":false},"author":82,"featured_media":0,"parent":3007,"menu_order":3,"comment_status":"closed","ping_status":"closed","template":"","meta":{"footnotes":""},"class_list":["post-3224","page","type-page","status-publish"],"publishpress_future_action":{"enabled":false,"date":"2026-04-27 11:08:58","action":"change-status","newStatus":"private","terms":[],"taxonomy":"","extraData":[]},"publishpress_future_workflow_manual_trigger":{"enabledWorkflows":[]},"_links":{"self":[{"href":"https:\/\/hippocrateslap.hu\/tanfolyam\/wp-json\/wp\/v2\/pages\/3224","targetHints":{"allow":["GET"]}}],"collection":[{"href":"https:\/\/hippocrateslap.hu\/tanfolyam\/wp-json\/wp\/v2\/pages"}],"about":[{"href":"https:\/\/hippocrateslap.hu\/tanfolyam\/wp-json\/wp\/v2\/types\/page"}],"author":[{"embeddable":true,"href":"https:\/\/hippocrateslap.hu\/tanfolyam\/wp-json\/wp\/v2\/users\/82"}],"replies":[{"embeddable":true,"href":"https:\/\/hippocrateslap.hu\/tanfolyam\/wp-json\/wp\/v2\/comments?post=3224"}],"version-history":[{"count":24,"href":"https:\/\/hippocrateslap.hu\/tanfolyam\/wp-json\/wp\/v2\/pages\/3224\/revisions"}],"predecessor-version":[{"id":3438,"href":"https:\/\/hippocrateslap.hu\/tanfolyam\/wp-json\/wp\/v2\/pages\/3224\/revisions\/3438"}],"up":[{"embeddable":true,"href":"https:\/\/hippocrateslap.hu\/tanfolyam\/wp-json\/wp\/v2\/pages\/3007"}],"wp:attachment":[{"href":"https:\/\/hippocrateslap.hu\/tanfolyam\/wp-json\/wp\/v2\/media?parent=3224"}],"curies":[{"name":"wp","href":"https:\/\/api.w.org\/{rel}","templated":true}]}}