{"id":3166,"date":"2023-04-13T16:17:37","date_gmt":"2023-04-13T15:17:37","guid":{"rendered":"https:\/\/hippocrateslap.hu\/tanfolyam\/?page_id=3166"},"modified":"2025-02-28T09:21:45","modified_gmt":"2025-02-28T08:21:45","slug":"hippocrates-diabetologiai-hetvege","status":"publish","type":"page","link":"https:\/\/hippocrateslap.hu\/tanfolyam\/online-tovabbkepzesek-2023\/hippocrates-diabetologiai-hetvege\/","title":{"rendered":"Hippocrates Diabetol\u00f3giai H\u00e9tv\u00e9ge &#8211; Budapest, 2023. 05.13."},"content":{"rendered":"<p>A k\u00f6zvet\u00edt\u00e9s helysz\u00edne: Budapest, Magyar Tudom\u00e1nyos Akad\u00e9mia<\/p>\n<p><strong>13 kreditpont<\/strong> szerezhet\u0151 az al\u00e1bbi szakter\u00fcleteken:<br \/>\n&#8211; belgy\u00f3gy\u00e1szat<br \/>\n&#8211; diabetol\u00f3gia<br \/>\n&#8211; endokrinol\u00f3gia<br \/>\n&#8211; h\u00e1ziorvostan<\/p>\n<p>Regisztr\u00e1ci\u00f3s d\u00edj: 40.000 Ft<\/p>\n<p>&nbsp;<\/p>\n<\/p>\n<h3><strong>Bejelentkez\u00e9s<\/strong><\/h3>\n<p>A tanfolyam megtekint\u00e9s\u00e9hez \u00e9s a teszt kit\u00f6lt\u00e9s\u00e9hez jelentkezzen be, vagy regisztr\u00e1ljon! Ha m\u00e1r kor\u00e1bban regisztr\u00e1lt, akkor csak bejelentkeznie sz\u00fcks\u00e9ges.<\/p>\n<p>Technikai seg\u00edts\u00e9g telefonsz\u00e1ma a rendezv\u00e9ny napj\u00e1n: +36303719165<\/p>\n<p><div id=\"wppb-login-wrap\" class=\"wppb-user-forms\">\n\t\t<form name=\"wppb-loginform\" id=\"wppb-loginform\" class=\"\" action=\"https:\/\/hippocrateslap.hu\/tanfolyam\/wp-json\/wp\/v2\/pages\/3166\" method=\"post\">\n\t\t\t\n\t\t\t<p class=\"wppb-form-field login-username\">\n\t\t\t\t<label for=\"wppb_user_login\">Email<\/label>\n\t\t\t\t<input type=\"email\" name=\"log\" id=\"wppb_user_login\" class=\"input\" value=\"\" size=\"20\" \/>\n\t\t\t<\/p>\n\t\t\t<p class=\"wppb-form-field login-password\">\n\t\t\t\t<label for=\"wppb_user_pass\">Password<\/label>\n\t\t\t\t<span class=\"wppb-password-field-container\">\n\t\t\t\t    <input type=\"password\" name=\"pwd\" id=\"wppb_user_pass\" class=\"input\" value=\"\" size=\"20\" \/>\n\t\t\t\t     <!-- add the HTML for the visibility toggle -->\n\t\t\t\t<\/span>\n            <\/p>\n\t\t\t\n\t\t\t\n\t\t\t<p class=\"wppb-form-field login-remember\"><input name=\"rememberme\" type=\"checkbox\" id=\"rememberme\" value=\"forever\" \/><label for=\"rememberme\">Remember Me<\/label><\/p>\n\t\t\t<p class=\"login-submit\">\n\t\t\t\t<input type=\"submit\" name=\"wp-submit\" id=\"wppb-submit\" class=\"button button-primary\" value=\"Log In\"\" \/>\n\t\t\t\t<input type=\"hidden\" name=\"redirect_to\" value=\"https:\/\/hippocrateslap.hu\/tanfolyam\/wp-json\/wp\/v2\/pages\/3166\" \/>\n\t\t\t<\/p>\n\t\t\t<input type=\"hidden\" name=\"wppb_login\" value=\"true\"\/>\n\t\t\t<input type=\"hidden\" name=\"wppb_form_location\" value=\"widget\"\/>\n\t\t\t<input type=\"hidden\" name=\"wppb_request_url\" value=\"https:\/\/hippocrateslap.hu\/tanfolyam\/wp-json\/wp\/v2\/pages\/3166\"\/>\n\t\t\t<input type=\"hidden\" name=\"wppb_lostpassword_url\" value=\"\"\/>\n\t\t\t<input type=\"hidden\" name=\"wppb_redirect_priority\" value=\"\"\/>\n\t\t\t<input type=\"hidden\" name=\"wppb_referer_url\" value=\"\"\/>\n\t\t\t<input type=\"hidden\" id=\"CSRFToken-wppb\" name=\"CSRFToken-wppb\" value=\"c92f71ac34\" \/><input type=\"hidden\" name=\"_wp_http_referer\" value=\"\/tanfolyam\/wp-json\/wp\/v2\/pages\/3166\" \/>\n\t\t\t<input type=\"hidden\" name=\"wppb_redirect_check\" value=\"true\"\/>\n\t\t\t\n\t\t<\/form><script>window.onload = function() { jQuery(document).ready(function($) { $(\"input[name=\\\"log\\\"]\").on(\"keyup\", function() { $(this).val( $.trim($(this).val()) ); }); }); }<\/script><script>if ( document.getElementById(\"rememberme\") ) document.getElementById(\"rememberme\").checked = true;<\/script><\/div><\/p>\n<p><a class=\"button\" href=\"https:\/\/hippocrateslap.hu\/tanfolyam\/regisztracio\/\">Regisztr\u00e1ci\u00f3<\/a><\/p>\n<p><a href=\"https:\/\/hippocrateslap.hu\/tanfolyam\/regisztracio\/uj-jelszo-letrehozasa\/\">Elfelejtette a jelszav\u00e1t?<\/a><\/p>\n<p>\n\n<p>&nbsp;<\/p>\n<h2>PROGRAM:<\/h2>\n<p>09.15-09.30 Megnyit\u00f3<br \/>\n\u00a0 \u00a0 \u00a0 \u00a0 \u00a0 \u00a0 <strong>Prof. Dr. Winkler G\u00e1bor<\/strong> \u00fcl\u00e9seln\u00f6k \u00a0\u00a0<br \/>\n\u00a0 \u00a0 \u00a0 \u00a0 \u00a0 \u00a0 <strong>T\u00e9ma:<\/strong> Diab\u00e9tesz mellitus ma a szakorvos szemsz\u00f6g\u00e9b\u0151l<br \/>\n09.30-10.00 <strong>Dr. K\u00f6rei Anna:<\/strong> Csak a v\u00e1ltoz\u00e1s \u00e1lland\u00f3 a diabetol\u00f3gi\u00e1ban. OAD Fact Checking program<br \/>\n10.00-10.30 <strong>Dr. N\u00e1das Judit:<\/strong> Multidiszciplin\u00e1ris megk\u00f6zel\u00edt\u00e9s a diabetesz ell\u00e1t\u00e1s\u00e1ban<br \/>\n10.30-11.00 <strong>Dr. T\u00e4nczer T\u00edmea:<\/strong> A 2-es t\u00edpus\u00fa diab\u00e9tesz kezel\u00e9se a leg\u00fajabb ir\u00e1nyelv alapj\u00e1n <br \/>\n11.00-11.30 <strong>Dr. F\u00fcl\u00f6p G\u00e1bor:<\/strong> Mit\u0151l f\u00fcgg a diabetesz mellitus eredm\u00e9nyes gondoz\u00e1sa?<br \/>\n11.30-11.45 Diszkusszi\u00f3\u00a0<br \/>\n11.45-12.00 Sz\u00fcnet \u00a0 \u00a0 \u00a0 \u00a0 \u00a0 \u00a0 \u00a0\u00a0<br \/>\n\u00a0 \u00a0 \u00a0 \u00a0 \u00a0 \u00a0 <strong>Prof. Dr. Rurik Imre<\/strong> \u00fcl\u00e9seln\u00f6k \u00a0 \u00a0\u00a0<br \/>\n\u00a0 \u00a0 \u00a0 \u00a0 \u00a0 \u00a0 <strong>T\u00e9ma:<\/strong> Diab\u00e9tesz mellitus ell\u00e1t\u00e1sa \u00e9s gondoz\u00e1sa a h\u00e1ziorvosi gyakorlatban<br \/>\n12.00-12.30 <strong>Dr. Ol\u00e1h Ilona:<\/strong> A h\u00e1ziorvosi indik\u00e1torrendszer v\u00e1ltoz\u00e1sainak hat\u00e1sa a diab\u00e9teszes betegek ell\u00e1t\u00e1s\u00e1ra<br \/>\n12.30-13.00 <strong>Dr. Kajet\u00e1n Mikl\u00f3s:<\/strong> Diabetesz mellitus sz\u00f6v\u0151dm\u00e9nyeinek megel\u0151z\u00e9s \u00e9s gondoz\u00e1sa a h\u00e1ziorvos szemsz\u00f6g\u00e9b\u0151l<br \/>\n13.00-13.15 Diszkusszi\u00f3<br \/>\n13.15- m\u00e1jus 15. 24.00-ig <strong>Teszt\u00edr\u00e1s<\/strong><\/p>\n","protected":false},"excerpt":{"rendered":"<p>A k\u00f6zvet\u00edt\u00e9s helysz\u00edne: Budapest, Magyar Tudom\u00e1nyos Akad\u00e9mia 13 kreditpont szerezhet\u0151 az al\u00e1bbi szakter\u00fcleteken: &#8211; belgy\u00f3gy\u00e1szat &#8211; diabetol\u00f3gia &#8211; endokrinol\u00f3gia &#8211; h\u00e1ziorvostan Regisztr\u00e1ci\u00f3s d\u00edj: 40.000 Ft &nbsp; &nbsp; PROGRAM: 09.15-09.30 Megnyit\u00f3 \u00a0 \u00a0 \u00a0 \u00a0 \u00a0 \u00a0 Prof. Dr. Winkler G\u00e1bor \u00fcl\u00e9seln\u00f6k \u00a0\u00a0 \u00a0 \u00a0 \u00a0 \u00a0 \u00a0 \u00a0 T\u00e9ma: Diab\u00e9tesz mellitus ma a szakorvos szemsz\u00f6g\u00e9b\u0151l &#8230; <a title=\"Hippocrates Diabetol\u00f3giai H\u00e9tv\u00e9ge &#8211; Budapest, 2023. 05.13.\" class=\"read-more\" href=\"https:\/\/hippocrateslap.hu\/tanfolyam\/online-tovabbkepzesek-2023\/hippocrates-diabetologiai-hetvege\/\" aria-label=\"Read more about Hippocrates Diabetol\u00f3giai H\u00e9tv\u00e9ge &#8211; Budapest, 2023. 05.13.\">Olvass tov\u00e1bb<\/a><\/p>\n","protected":false},"author":82,"featured_media":0,"parent":3007,"menu_order":4,"comment_status":"closed","ping_status":"closed","template":"","meta":{"footnotes":""},"class_list":["post-3166","page","type-page","status-publish"],"publishpress_future_action":{"enabled":false,"date":"2026-04-17 13:10:20","action":"change-status","newStatus":"private","terms":[],"taxonomy":"","extraData":[]},"publishpress_future_workflow_manual_trigger":{"enabledWorkflows":[]},"_links":{"self":[{"href":"https:\/\/hippocrateslap.hu\/tanfolyam\/wp-json\/wp\/v2\/pages\/3166","targetHints":{"allow":["GET"]}}],"collection":[{"href":"https:\/\/hippocrateslap.hu\/tanfolyam\/wp-json\/wp\/v2\/pages"}],"about":[{"href":"https:\/\/hippocrateslap.hu\/tanfolyam\/wp-json\/wp\/v2\/types\/page"}],"author":[{"embeddable":true,"href":"https:\/\/hippocrateslap.hu\/tanfolyam\/wp-json\/wp\/v2\/users\/82"}],"replies":[{"embeddable":true,"href":"https:\/\/hippocrateslap.hu\/tanfolyam\/wp-json\/wp\/v2\/comments?post=3166"}],"version-history":[{"count":15,"href":"https:\/\/hippocrateslap.hu\/tanfolyam\/wp-json\/wp\/v2\/pages\/3166\/revisions"}],"predecessor-version":[{"id":3439,"href":"https:\/\/hippocrateslap.hu\/tanfolyam\/wp-json\/wp\/v2\/pages\/3166\/revisions\/3439"}],"up":[{"embeddable":true,"href":"https:\/\/hippocrateslap.hu\/tanfolyam\/wp-json\/wp\/v2\/pages\/3007"}],"wp:attachment":[{"href":"https:\/\/hippocrateslap.hu\/tanfolyam\/wp-json\/wp\/v2\/media?parent=3166"}],"curies":[{"name":"wp","href":"https:\/\/api.w.org\/{rel}","templated":true}]}}