{"id":3015,"date":"2023-01-09T08:58:32","date_gmt":"2023-01-09T08:58:32","guid":{"rendered":"https:\/\/hippocrateslap.hu\/tanfolyam\/?page_id=3015"},"modified":"2025-02-28T09:21:45","modified_gmt":"2025-02-28T08:21:45","slug":"hippocrates-vandorgyules-debrecen-2023-02-18","status":"publish","type":"page","link":"https:\/\/hippocrateslap.hu\/tanfolyam\/online-tovabbkepzesek-2023\/hippocrates-vandorgyules-debrecen-2023-02-18\/","title":{"rendered":"Hippocrates V\u00e1ndorgy\u0171l\u00e9s \u2013 Debrecen, 2023. 02. 18."},"content":{"rendered":"<p>2023. febru\u00e1r 18. szombat<br \/>\nDebrecen, Hotel Aquaticum (Nagyerdei park 1.)<\/p>\n<p>A szabadon v\u00e1laszthat\u00f3 V\u00e1ndorgy\u0171l\u00e9s a<strong> PTE KK I. Belgy\u00f3gy\u00e1szati Klinika<\/strong> hivatalos, akkredit\u00e1lt el\u0151ad\u00e1sait tartalmazza.<br \/>\nA h\u00e1ziorvosok, belgy\u00f3gy\u00e1szok \u00e9s \u00fczemorvosok r\u00e9sz\u00e9re ker\u00fclt akkredit\u00e1l\u00e1sra.<br \/>\n<strong>Kredit\u00e9rt\u00e9k: 13 pont<\/strong><\/p>\n<p>&nbsp;<\/p>\n<\/p>\n<h3><strong>Bejelentkez\u00e9s<\/strong><\/h3>\n<p>A tanfolyam megtekint\u00e9s\u00e9hez \u00e9s a teszt kit\u00f6lt\u00e9s\u00e9hez jelentkezzen be, vagy regisztr\u00e1ljon! Ha m\u00e1r kor\u00e1bban regisztr\u00e1lt, akkor csak bejelentkeznie sz\u00fcks\u00e9ges.<\/p>\n<p>Technikai seg\u00edts\u00e9g telefonsz\u00e1ma a rendezv\u00e9ny napj\u00e1n: +36303719165<\/p>\n<p><div id=\"wppb-login-wrap\" class=\"wppb-user-forms\">\n\t\t<form name=\"wppb-loginform\" id=\"wppb-loginform\" class=\"\" action=\"https:\/\/hippocrateslap.hu\/tanfolyam\/wp-json\/wp\/v2\/pages\/3015\" method=\"post\">\n\t\t\t\n\t\t\t<p class=\"wppb-form-field login-username\">\n\t\t\t\t<label for=\"wppb_user_login\">Email<\/label>\n\t\t\t\t<input type=\"email\" name=\"log\" id=\"wppb_user_login\" class=\"input\" value=\"\" size=\"20\" \/>\n\t\t\t<\/p>\n\t\t\t<p class=\"wppb-form-field login-password\">\n\t\t\t\t<label for=\"wppb_user_pass\">Password<\/label>\n\t\t\t\t<span class=\"wppb-password-field-container\">\n\t\t\t\t    <input type=\"password\" name=\"pwd\" id=\"wppb_user_pass\" class=\"input\" value=\"\" size=\"20\" \/>\n\t\t\t\t     <!-- add the HTML for the visibility toggle -->\n\t\t\t\t<\/span>\n            <\/p>\n\t\t\t\n\t\t\t\n\t\t\t<p class=\"wppb-form-field login-remember\"><input name=\"rememberme\" type=\"checkbox\" id=\"rememberme\" value=\"forever\" \/><label for=\"rememberme\">Remember Me<\/label><\/p>\n\t\t\t<p class=\"login-submit\">\n\t\t\t\t<input type=\"submit\" name=\"wp-submit\" id=\"wppb-submit\" class=\"button button-primary\" value=\"Log In\"\" \/>\n\t\t\t\t<input type=\"hidden\" name=\"redirect_to\" value=\"https:\/\/hippocrateslap.hu\/tanfolyam\/wp-json\/wp\/v2\/pages\/3015\" \/>\n\t\t\t<\/p>\n\t\t\t<input type=\"hidden\" name=\"wppb_login\" value=\"true\"\/>\n\t\t\t<input type=\"hidden\" name=\"wppb_form_location\" value=\"widget\"\/>\n\t\t\t<input type=\"hidden\" name=\"wppb_request_url\" value=\"https:\/\/hippocrateslap.hu\/tanfolyam\/wp-json\/wp\/v2\/pages\/3015\"\/>\n\t\t\t<input type=\"hidden\" name=\"wppb_lostpassword_url\" value=\"\"\/>\n\t\t\t<input type=\"hidden\" name=\"wppb_redirect_priority\" value=\"\"\/>\n\t\t\t<input type=\"hidden\" name=\"wppb_referer_url\" value=\"\"\/>\n\t\t\t<input type=\"hidden\" id=\"CSRFToken-wppb\" name=\"CSRFToken-wppb\" value=\"c92f71ac34\" \/><input type=\"hidden\" name=\"_wp_http_referer\" value=\"\/tanfolyam\/wp-json\/wp\/v2\/pages\/3015\" \/>\n\t\t\t<input type=\"hidden\" name=\"wppb_redirect_check\" value=\"true\"\/>\n\t\t\t\n\t\t<\/form><script>window.onload = function() { jQuery(document).ready(function($) { $(\"input[name=\\\"log\\\"]\").on(\"keyup\", function() { $(this).val( $.trim($(this).val()) ); }); }); }<\/script><script>if ( document.getElementById(\"rememberme\") ) document.getElementById(\"rememberme\").checked = true;<\/script><\/div><\/p>\n<p><a class=\"button\" href=\"https:\/\/hippocrateslap.hu\/tanfolyam\/regisztracio\/\">Regisztr\u00e1ci\u00f3<\/a><\/p>\n<p><a href=\"https:\/\/hippocrateslap.hu\/tanfolyam\/regisztracio\/uj-jelszo-letrehozasa\/\">Elfelejtette a jelszav\u00e1t?<\/a><\/p>\n<p>\n\n<p>&nbsp;<\/p>\n<p>&nbsp;<\/p>\n<h2>PROGRAM:<\/h2>\n<p>09.45\u201310.20 Regisztr\u00e1ci\u00f3, welcome k\u00e1v\u00e9sz\u00fcnet<br \/>\n10.15\u201310.20 Megnyit\u00f3<br \/>\nA <strong>Vitaminkos\u00e1r Kft.<\/strong> egy\u00fcttm\u0171k\u00f6d\u00e9s\u00e9vel:<br \/>\n10.20\u201310.45\u00a0 <strong>Barna Dorina:<\/strong> T\u00e1pl\u00e1lkoz\u00e1si szok\u00e1saink, mikrobiom, b\u00e9l-agy tengely \u00f6sszef\u00fcgg\u00e9sei\u00a0<br \/>\n10.45\u201310.50 Diszkusszi\u00f3<br \/>\n<strong>Merck Szimp\u00f3zium<\/strong><br \/>\n10.50\u201311-15 <strong>Dr. F\u00fcl\u00f6p Tibor:<\/strong> Kardiovaszkul\u00e1ris kih\u00edv\u00e1sok peri- \u00e9s posztmenopauz\u00e1lis n\u0151k eset\u00e9ben<br \/>\n11.15\u201311.20 Diszkusszi\u00f3<br \/>\n11.20\u201311.45 <strong>Dr. Sira L\u00edvia:<\/strong> A n\u0151k pajzsmirigy betegs\u00e9gei a k\u00fcl\u00f6nb\u00f6z\u0151 \u00e9letszakaszokban<br \/>\n11.45\u201311.50 Diszkusszi\u00f3<br \/>\nA <strong>Servier Hung\u00e1ria Kft.<\/strong> egy\u00fcttm\u0171k\u00f6d\u00e9s\u00e9vel:<br \/>\n11.50\u201312.20 <strong>Dr. Sz\u0171cs Istv\u00e1n:<\/strong> Beteg adherencia jelent\u0151s\u00e9ge a v\u00e9n\u00e1s betegek gondoz\u00e1s\u00e1ban<br \/>\n12.20\u201312.25 Diszkusszi\u00f3<br \/>\n12.25\u201313.30 <em>Eb\u00e9d<\/em><br \/>\n<strong>Merck Szimp\u00f3zium<\/strong><br \/>\n13.30\u201313.50 \u00a0<strong>Dr. Valicsk\u00f3 Vikt\u00f3ria:<\/strong> Sz\u00e9nhidr\u00e1t anyagcserezavarok \u00e9s kezel\u00e9s\u00fck n\u0151k k\u00fcl\u00f6nleges \u00e9letszakaszaiban<br \/>\n13.50\u201313.55 Diszkusszi\u00f3<br \/>\nA <strong>Merz Pharma<\/strong> egy\u00fcttm\u0171k\u00f6d\u00e9s\u00e9vel:<br \/>\n13.55\u201314.15 <strong>Prof. Dr. Juh\u00e1sz Istv\u00e1n:<\/strong> Hegek korszer\u0171 kezel\u00e9se<br \/>\n14.15\u201314.20 Diszkusszi\u00f3<br \/>\nA <strong>Sandoz Hung\u00e1ria Kft.<\/strong> egy\u00fcttm\u0171k\u00f6d\u00e9s\u00e9vel:<br \/>\n14.20\u201314.40 <strong>Dr. Vangel S\u00e1ndor:<\/strong> A 2-es t\u00edpus\u00fa diab\u00e9teszes betegek antihyperglik\u00e9mi\u00e1s kezel\u00e9s\u00e9nek szempontjai a h\u00e1ziorvosi praxisokban<br \/>\n14.40\u201314.45 Diszkusszi\u00f3<br \/>\nA <strong>F\u00fcstmentes<\/strong> k\u00f6zrem\u0171k\u00f6d\u00e9s\u00e9vel:<br \/>\n14.45\u201315.05 <strong>Dr. Toldy-Schedel Emil:<\/strong> A f\u00fcgg\u0151s\u00e9gek v\u00e1ltoz\u00e1s\u00e1nak lehet\u0151s\u00e9gei az \u00e1rtalomcs\u00f6kkent\u00e9sben \u2013 A doh\u00e1nyz\u00e1s \u00e1talakul\u00e1s\u00e1nak \u00e9s szab\u00e1lyoz\u00e1s\u00e1nak trendje a vil\u00e1gban \u00e9s Eur\u00f3p\u00e1ban<br \/>\n15.05\u201315.10 Diszkusszi\u00f3<br \/>\n15.10\u201319-\u00e9n 24.00-ig <strong>Teszt\u00edr\u00e1s<\/strong><\/p>\n","protected":false},"excerpt":{"rendered":"<p>2023. febru\u00e1r 18. szombat Debrecen, Hotel Aquaticum (Nagyerdei park 1.) A szabadon v\u00e1laszthat\u00f3 V\u00e1ndorgy\u0171l\u00e9s a PTE KK I. Belgy\u00f3gy\u00e1szati Klinika hivatalos, akkredit\u00e1lt el\u0151ad\u00e1sait tartalmazza. A h\u00e1ziorvosok, belgy\u00f3gy\u00e1szok \u00e9s \u00fczemorvosok r\u00e9sz\u00e9re ker\u00fclt akkredit\u00e1l\u00e1sra. Kredit\u00e9rt\u00e9k: 13 pont &nbsp; &nbsp; &nbsp; PROGRAM: 09.45\u201310.20 Regisztr\u00e1ci\u00f3, welcome k\u00e1v\u00e9sz\u00fcnet 10.15\u201310.20 Megnyit\u00f3 A Vitaminkos\u00e1r Kft. egy\u00fcttm\u0171k\u00f6d\u00e9s\u00e9vel: 10.20\u201310.45\u00a0 Barna Dorina: T\u00e1pl\u00e1lkoz\u00e1si szok\u00e1saink, mikrobiom, &#8230; <a title=\"Hippocrates V\u00e1ndorgy\u0171l\u00e9s \u2013 Debrecen, 2023. 02. 18.\" class=\"read-more\" href=\"https:\/\/hippocrateslap.hu\/tanfolyam\/online-tovabbkepzesek-2023\/hippocrates-vandorgyules-debrecen-2023-02-18\/\" aria-label=\"Read more about Hippocrates V\u00e1ndorgy\u0171l\u00e9s \u2013 Debrecen, 2023. 02. 18.\">Olvass tov\u00e1bb<\/a><\/p>\n","protected":false},"author":1,"featured_media":0,"parent":3007,"menu_order":8,"comment_status":"closed","ping_status":"closed","template":"","meta":{"footnotes":""},"class_list":["post-3015","page","type-page","status-publish"],"publishpress_future_action":{"enabled":false,"date":"2026-04-17 13:18:31","action":"change-status","newStatus":"private","terms":[],"taxonomy":"","extraData":[]},"publishpress_future_workflow_manual_trigger":{"enabledWorkflows":[]},"_links":{"self":[{"href":"https:\/\/hippocrateslap.hu\/tanfolyam\/wp-json\/wp\/v2\/pages\/3015","targetHints":{"allow":["GET"]}}],"collection":[{"href":"https:\/\/hippocrateslap.hu\/tanfolyam\/wp-json\/wp\/v2\/pages"}],"about":[{"href":"https:\/\/hippocrateslap.hu\/tanfolyam\/wp-json\/wp\/v2\/types\/page"}],"author":[{"embeddable":true,"href":"https:\/\/hippocrateslap.hu\/tanfolyam\/wp-json\/wp\/v2\/users\/1"}],"replies":[{"embeddable":true,"href":"https:\/\/hippocrateslap.hu\/tanfolyam\/wp-json\/wp\/v2\/comments?post=3015"}],"version-history":[{"count":13,"href":"https:\/\/hippocrateslap.hu\/tanfolyam\/wp-json\/wp\/v2\/pages\/3015\/revisions"}],"predecessor-version":[{"id":3442,"href":"https:\/\/hippocrateslap.hu\/tanfolyam\/wp-json\/wp\/v2\/pages\/3015\/revisions\/3442"}],"up":[{"embeddable":true,"href":"https:\/\/hippocrateslap.hu\/tanfolyam\/wp-json\/wp\/v2\/pages\/3007"}],"wp:attachment":[{"href":"https:\/\/hippocrateslap.hu\/tanfolyam\/wp-json\/wp\/v2\/media?parent=3015"}],"curies":[{"name":"wp","href":"https:\/\/api.w.org\/{rel}","templated":true}]}}