{"id":3010,"date":"2023-01-06T14:44:15","date_gmt":"2023-01-06T14:44:15","guid":{"rendered":"https:\/\/hippocrateslap.hu\/tanfolyam\/?page_id=3010"},"modified":"2025-02-28T09:21:46","modified_gmt":"2025-02-28T08:21:46","slug":"hippocrates-vandorgyules-budapest-2023-01-21","status":"publish","type":"page","link":"https:\/\/hippocrateslap.hu\/tanfolyam\/online-tovabbkepzesek-2023\/hippocrates-vandorgyules-budapest-2023-01-21\/","title":{"rendered":"Hippocrates V\u00e1ndorgy\u0171l\u00e9s \u2013 Budapest, 2023. 01. 21."},"content":{"rendered":"<p>2023. janu\u00e1r 21. szombat<br \/>\nBudapest, Hotel Mercure Castle Hill (I., Krisztina krt. 41-43.)<\/p>\n<p>&nbsp;<\/p>\n<\/p>\n<h3><strong>Bejelentkez\u00e9s<\/strong><\/h3>\n<p>A tanfolyam megtekint\u00e9s\u00e9hez \u00e9s a teszt kit\u00f6lt\u00e9s\u00e9hez jelentkezzen be, vagy regisztr\u00e1ljon! Ha m\u00e1r kor\u00e1bban regisztr\u00e1lt, akkor csak bejelentkeznie sz\u00fcks\u00e9ges.<\/p>\n<p>Technikai seg\u00edts\u00e9g telefonsz\u00e1ma a rendezv\u00e9ny napj\u00e1n: +36303719165<\/p>\n<p><div id=\"wppb-login-wrap\" class=\"wppb-user-forms\">\n\t\t<form name=\"wppb-loginform\" id=\"wppb-loginform\" class=\"\" action=\"https:\/\/hippocrateslap.hu\/tanfolyam\/wp-json\/wp\/v2\/pages\/3010\" method=\"post\">\n\t\t\t\n\t\t\t<p class=\"wppb-form-field login-username\">\n\t\t\t\t<label for=\"wppb_user_login\">Email<\/label>\n\t\t\t\t<input type=\"email\" name=\"log\" id=\"wppb_user_login\" class=\"input\" value=\"\" size=\"20\" \/>\n\t\t\t<\/p>\n\t\t\t<p class=\"wppb-form-field login-password\">\n\t\t\t\t<label for=\"wppb_user_pass\">Password<\/label>\n\t\t\t\t<span class=\"wppb-password-field-container\">\n\t\t\t\t    <input type=\"password\" name=\"pwd\" id=\"wppb_user_pass\" class=\"input\" value=\"\" size=\"20\" \/>\n\t\t\t\t     <!-- add the HTML for the visibility toggle -->\n\t\t\t\t<\/span>\n            <\/p>\n\t\t\t\n\t\t\t\n\t\t\t<p class=\"wppb-form-field login-remember\"><input name=\"rememberme\" type=\"checkbox\" id=\"rememberme\" value=\"forever\" \/><label for=\"rememberme\">Remember Me<\/label><\/p>\n\t\t\t<p class=\"login-submit\">\n\t\t\t\t<input type=\"submit\" name=\"wp-submit\" id=\"wppb-submit\" class=\"button button-primary\" value=\"Log In\"\" \/>\n\t\t\t\t<input type=\"hidden\" name=\"redirect_to\" value=\"https:\/\/hippocrateslap.hu\/tanfolyam\/wp-json\/wp\/v2\/pages\/3010\" \/>\n\t\t\t<\/p>\n\t\t\t<input type=\"hidden\" name=\"wppb_login\" value=\"true\"\/>\n\t\t\t<input type=\"hidden\" name=\"wppb_form_location\" value=\"widget\"\/>\n\t\t\t<input type=\"hidden\" name=\"wppb_request_url\" value=\"https:\/\/hippocrateslap.hu\/tanfolyam\/wp-json\/wp\/v2\/pages\/3010\"\/>\n\t\t\t<input type=\"hidden\" name=\"wppb_lostpassword_url\" value=\"\"\/>\n\t\t\t<input type=\"hidden\" name=\"wppb_redirect_priority\" value=\"\"\/>\n\t\t\t<input type=\"hidden\" name=\"wppb_referer_url\" value=\"\"\/>\n\t\t\t<input type=\"hidden\" id=\"CSRFToken-wppb\" name=\"CSRFToken-wppb\" value=\"e657d91cc7\" \/><input type=\"hidden\" name=\"_wp_http_referer\" value=\"\/tanfolyam\/wp-json\/wp\/v2\/pages\/3010\" \/>\n\t\t\t<input type=\"hidden\" name=\"wppb_redirect_check\" value=\"true\"\/>\n\t\t\t\n\t\t<\/form><script>window.onload = function() { jQuery(document).ready(function($) { $(\"input[name=\\\"log\\\"]\").on(\"keyup\", function() { $(this).val( $.trim($(this).val()) ); }); }); }<\/script><script>if ( document.getElementById(\"rememberme\") ) document.getElementById(\"rememberme\").checked = true;<\/script><\/div><\/p>\n<p><a class=\"button\" href=\"https:\/\/hippocrateslap.hu\/tanfolyam\/regisztracio\/\">Regisztr\u00e1ci\u00f3<\/a><\/p>\n<p><a href=\"https:\/\/hippocrateslap.hu\/tanfolyam\/regisztracio\/uj-jelszo-letrehozasa\/\">Elfelejtette a jelszav\u00e1t?<\/a><\/p>\n<p>\n<p>&nbsp;<\/p>\n<p>&nbsp;<\/p>\n\n<p>A szabadon v\u00e1laszthat\u00f3 V\u00e1ndorgy\u0171l\u00e9s a <strong>PTE KK I. Belgy\u00f3gy\u00e1szati Klinika<\/strong> hivatalos, akkredit\u00e1lt el\u0151ad\u00e1sait tartalmazza.<br \/>\nA h\u00e1ziorvosok, belgy\u00f3gy\u00e1szok \u00e9s\u00a0 \u00fczemorvosok\u00a0 r\u00e9sz\u00e9re ker\u00fclt akkredit\u00e1l\u00e1sra. <br \/>\nKredit\u00e9rt\u00e9k: <strong>16 pont<\/strong><\/p>\n<h2>PROGRAM:<\/h2>\n<p>09.45\u201310.20 Regisztr\u00e1ci\u00f3, welcome k\u00e1v\u00e9sz\u00fcnet<br \/>\n10.15\u201310.20 Megnyit\u00f3<br \/>\n<strong>Merck Szimp\u00f3zium<\/strong><br \/>\n10.20\u201310.45 <strong>Dr. Luk\u00e1cs Krisztina:<\/strong> Sz\u00e9nhidr\u00e1t anyagcserezavarok \u00e9s keze\u00adl\u00e9s\u00fck n\u0151k k\u00fcl\u00f6nleges \u00e9letszakaszaiban<br \/>\n10.45\u201310.50 Diszkusszi\u00f3<br \/>\n10.50\u201311-15 <strong>Dr. Toldy-Schedel Emil:<\/strong> Kardiovaszkul\u00e1ris kih\u00edv\u00e1sok peri- \u00e9s posztmenopauz\u00e1lis n\u0151k eset\u00e9ben<br \/>\n11.15\u201311.20 Diszkusszi\u00f3<br \/>\n11.20\u201311.45 <strong>Dr. Sz\u00fccs Nikolette:<\/strong> A n\u0151k pajzsmirigy betegs\u00e9gei a k\u00fcl\u00f6nb\u00f6z\u0151 \u00e9letszakaszokban<br \/>\n11.45\u201311.50 Diszkusszi\u00f3<br \/>\n<strong>A Sandoz Hung\u00e1ria Kft. egy\u00fcttm\u0171k\u00f6d\u00e9s\u00e9vel:<\/strong><br \/>\n11.50\u201312.10 <strong>Dr. Wolf Szilvia:<\/strong> A 2-es t\u00edpus\u00fa diab\u00e9teszes betegek anti\u00adhy\u00adper\u00adglik\u00e9mi\u00e1s kezel\u00e9s\u00e9nek szempontjai a h\u00e1ziorvosi praxisokban<br \/>\n12.10\u201312.15 Diszkusszi\u00f3<br \/>\n12.15\u201313.30 Eb\u00e9d<br \/>\n<strong>A Servier Hung\u00e1ria Kft. egy\u00fcttm\u0171k\u00f6d\u00e9s\u00e9vel:<\/strong><br \/>\n13.30\u201313.50 <strong>Prof. Dr. P\u00e9csv\u00e1rady Zsolt:<\/strong> Beteg adherencia jelent\u0151s\u00e9ge a v\u00e9n\u00e1s betegek gondoz\u00e1s\u00e1ban<br \/>\n13.50\u201313.55 Diszkusszi\u00f3<br \/>\n13.55\u201314.25 <strong>Dr. T\u00e4nczer T\u00edmea:<\/strong> Aktualit\u00e1sok a diabetol\u00f3gi\u00e1ban<br \/>\n14.25\u201314.30 Diszkusszi\u00f3<br \/>\n<strong>A Vitaminkos\u00e1r Kft. egy\u00fcttm\u0171k\u00f6d\u00e9s\u00e9vel:<\/strong><br \/>\n14.30\u201314.50 <strong>Barna Dorina:<\/strong> T\u00e1pl\u00e1lkoz\u00e1si szok\u00e1saink, mikrobiom, b\u00e9l-agy tengely \u00f6sszef\u00fcgg\u00e9sei\u00a0<br \/>\n14.50\u201314.55 Diszkusszi\u00f3<br \/>\n14.55\u201315.10 K\u00e1v\u00e9sz\u00fcnet<br \/>\n<strong>A Merz Pharma egy\u00fcttm\u0171k\u00f6d\u00e9s\u00e9vel<\/strong><br \/>\n15.10\u201315.30 <strong>Dr. Horv\u00e1th G\u00e1bor:<\/strong> Hepatikus encephalopathia<br \/>\n15.30\u201315.35 Diszkusszi\u00f3<br \/>\n<strong>A F\u00fcstmentes egy\u00fcttm\u0171k\u00f6d\u00e9s\u00e9vel:<\/strong><br \/>\n15.35\u201315.55 <strong>Dr. Toldy-Schedel Emil:<\/strong> A f\u00fcgg\u0151s\u00e9gek v\u00e1ltoz\u00e1s\u00e1nak lehe\u00adt\u0151\u00ads\u00e9\u00adgei az \u00e1rtalomcs\u00f6kkent\u00e9sben \u2013 A doh\u00e1nyz\u00e1s \u00e1talakul\u00e1s\u00e1nak \u00e9s szab\u00e1lyoz\u00e1s\u00e1nak trendje a vil\u00e1gban \u00e9s Eur\u00f3p\u00e1ban<br \/>\n15.55\u201316.00 Diszkusszi\u00f3<br \/>\n16.00\u2013\u00a0 22-\u00e9n. 24.00-ig <strong>Teszt\u00edr\u00e1s<\/strong><\/p>\n<p>&nbsp;<\/p>\n<p>&nbsp;<\/p>\n<p>&nbsp;<\/p>\n","protected":false},"excerpt":{"rendered":"<p>2023. janu\u00e1r 21. szombat Budapest, Hotel Mercure Castle Hill (I., Krisztina krt. 41-43.) &nbsp; &nbsp; &nbsp; A szabadon v\u00e1laszthat\u00f3 V\u00e1ndorgy\u0171l\u00e9s a PTE KK I. Belgy\u00f3gy\u00e1szati Klinika hivatalos, akkredit\u00e1lt el\u0151ad\u00e1sait tartalmazza. A h\u00e1ziorvosok, belgy\u00f3gy\u00e1szok \u00e9s\u00a0 \u00fczemorvosok\u00a0 r\u00e9sz\u00e9re ker\u00fclt akkredit\u00e1l\u00e1sra. Kredit\u00e9rt\u00e9k: 16 pont PROGRAM: 09.45\u201310.20 Regisztr\u00e1ci\u00f3, welcome k\u00e1v\u00e9sz\u00fcnet 10.15\u201310.20 Megnyit\u00f3 Merck Szimp\u00f3zium 10.20\u201310.45 Dr. Luk\u00e1cs Krisztina: Sz\u00e9nhidr\u00e1t &#8230; <a title=\"Hippocrates V\u00e1ndorgy\u0171l\u00e9s \u2013 Budapest, 2023. 01. 21.\" class=\"read-more\" href=\"https:\/\/hippocrateslap.hu\/tanfolyam\/online-tovabbkepzesek-2023\/hippocrates-vandorgyules-budapest-2023-01-21\/\" aria-label=\"Read more about Hippocrates V\u00e1ndorgy\u0171l\u00e9s \u2013 Budapest, 2023. 01. 21.\">Olvass tov\u00e1bb<\/a><\/p>\n","protected":false},"author":1,"featured_media":0,"parent":3007,"menu_order":10,"comment_status":"closed","ping_status":"closed","template":"","meta":{"footnotes":""},"class_list":["post-3010","page","type-page","status-publish"],"publishpress_future_action":{"enabled":false,"date":"2026-05-06 07:47:15","action":"change-status","newStatus":"private","terms":[],"taxonomy":"","extraData":[]},"publishpress_future_workflow_manual_trigger":{"enabledWorkflows":[]},"_links":{"self":[{"href":"https:\/\/hippocrateslap.hu\/tanfolyam\/wp-json\/wp\/v2\/pages\/3010","targetHints":{"allow":["GET"]}}],"collection":[{"href":"https:\/\/hippocrateslap.hu\/tanfolyam\/wp-json\/wp\/v2\/pages"}],"about":[{"href":"https:\/\/hippocrateslap.hu\/tanfolyam\/wp-json\/wp\/v2\/types\/page"}],"author":[{"embeddable":true,"href":"https:\/\/hippocrateslap.hu\/tanfolyam\/wp-json\/wp\/v2\/users\/1"}],"replies":[{"embeddable":true,"href":"https:\/\/hippocrateslap.hu\/tanfolyam\/wp-json\/wp\/v2\/comments?post=3010"}],"version-history":[{"count":13,"href":"https:\/\/hippocrateslap.hu\/tanfolyam\/wp-json\/wp\/v2\/pages\/3010\/revisions"}],"predecessor-version":[{"id":3444,"href":"https:\/\/hippocrateslap.hu\/tanfolyam\/wp-json\/wp\/v2\/pages\/3010\/revisions\/3444"}],"up":[{"embeddable":true,"href":"https:\/\/hippocrateslap.hu\/tanfolyam\/wp-json\/wp\/v2\/pages\/3007"}],"wp:attachment":[{"href":"https:\/\/hippocrateslap.hu\/tanfolyam\/wp-json\/wp\/v2\/media?parent=3010"}],"curies":[{"name":"wp","href":"https:\/\/api.w.org\/{rel}","templated":true}]}}