{"id":3007,"date":"2023-07-28T13:45:24","date_gmt":"2023-01-06T14:30:52","guid":{"rendered":"https:\/\/hippocrateslap.hu\/tanfolyam\/?page_id=3007"},"modified":"2025-02-28T09:21:45","modified_gmt":"2025-02-28T08:21:45","slug":"online-tovabbkepzesek-2023","status":"publish","type":"page","link":"https:\/\/hippocrateslap.hu\/tanfolyam\/online-tovabbkepzesek-2023\/","title":{"rendered":"Online tov\u00e1bbk\u00e9pz\u00e9sek 2023"},"content":{"rendered":"<p><a class=\"button\" href=\"https:\/\/hippocrateslap.hu\/tanfolyam\/online-tovabbkepzesek-2023\/hippocrates-csaladorvosi-szimpoziumok-debrecen-2023-10-07\/\">Hippocrates Csal\u00e1dorvosi Szimp\u00f3ziumok &#8211; Debrecen, 2023.10.07.<\/a><\/p>\n<p><a class=\"button\" href=\"https:\/\/hippocrateslap.hu\/tanfolyam\/online-tovabbkepzesek-2023\/hippocrates-csaladorvosi-szimpoziumok-pecs-2023-09-30\/\">Hippocrates Csal\u00e1dorvosi Szimp\u00f3ziumok &#8211; P\u00e9cs, 2023.09.30.<\/a><\/p>\n<p><a class=\"button\" href=\"https:\/\/hippocrateslap.hu\/tanfolyam\/online-tovabbkepzesek-2023\/hippocrates-csaladorvosi-szimpoziumok-szeged-2023-09-23\/\">Hippocrates Csal\u00e1dorvosi Szimp\u00f3ziumok &#8211; Szeged, 2023.09.23.<\/a><\/p>\n<p><a class=\"button\" href=\"https:\/\/hippocrateslap.hu\/tanfolyam\/online-tovabbkepzesek-2023\/hippocrates-csaladorvosi-szimpoziumok-budapest-2023-09-16\/\">Hippocrates Csal\u00e1dorvosi Szimp\u00f3ziumok &#8211; Budapest, 2023.09.16.<\/a><\/p>\n<p><a class=\"button\" href=\"https:\/\/hippocrateslap.hu\/tanfolyam\/online-tovabbkepzesek-2023\/hippocrates-diabetologiai-hetvege\/\">Hippocrates Diabetol\u00f3giai H\u00e9tv\u00e9ge &#8211; Budapest, 2023.05.13.<\/a><\/p>\n<p><a class=\"button\" href=\"https:\/\/hippocrateslap.hu\/tanfolyam\/online-tovabbkepzesek-2023\/hippocrates-vandorgyules-budapest-2023-01-21\/\"><span class=\"title\">Hippocrates V\u00e1ndorgy\u0171l\u00e9s \u2013 Budapest, 2023. 01. 21.<\/span><\/a><\/p>\n<p><a class=\"button\" href=\"https:\/\/hippocrateslap.hu\/tanfolyam\/online-tovabbkepzesek-2023\/hippocrates-vandorgyules-szeged-2023-02-04\/\">Hippocrates V\u00e1ndorgy\u0171l\u00e9s \u2013 Szeged, 2023. 02. 04.<\/a><\/p>\n<p><a class=\"button\" href=\"https:\/\/hippocrateslap.hu\/tanfolyam\/online-tovabbkepzesek-2023\/hippocrates-vandorgyules-debrecen-2023-02-18\/\">Hippocrates V\u00e1ndorgy\u0171l\u00e9s \u2013 Debrecen, 2023. 02. 18.<\/a><\/p>\n<p><a class=\"button\" href=\"https:\/\/hippocrateslap.hu\/tanfolyam\/online-tovabbkepzesek-2023\/hippocrates-vandorgyules-pecs-2023-03-4\/\">Hippocrates V\u00e1ndorgy\u0171l\u00e9s \u2013 P\u00e9cs, 2023. 03. 4.<\/a><\/p>\n<p><a class=\"button\" href=\"https:\/\/hippocrateslap.hu\/tanfolyam\/online-tovabbkepzesek-2023\/hippocrates-vandorgyules-miskolc-2023-03-18\/\">Hippocrates V\u00e1ndorgy\u0171l\u00e9s \u2013 Miskolc, 2023. 03. 18.<\/a><\/p>\n<p>&nbsp;<\/p>\n<p>&nbsp;<\/p>\n","protected":false},"excerpt":{"rendered":"<p>Hippocrates Csal\u00e1dorvosi Szimp\u00f3ziumok &#8211; Debrecen, 2023.10.07. Hippocrates Csal\u00e1dorvosi Szimp\u00f3ziumok &#8211; P\u00e9cs, 2023.09.30. Hippocrates Csal\u00e1dorvosi Szimp\u00f3ziumok &#8211; Szeged, 2023.09.23. Hippocrates Csal\u00e1dorvosi Szimp\u00f3ziumok &#8211; Budapest, 2023.09.16. Hippocrates Diabetol\u00f3giai H\u00e9tv\u00e9ge &#8211; Budapest, 2023.05.13. Hippocrates V\u00e1ndorgy\u0171l\u00e9s \u2013 Budapest, 2023. 01. 21. Hippocrates V\u00e1ndorgy\u0171l\u00e9s \u2013 Szeged, 2023. 02. 04. Hippocrates V\u00e1ndorgy\u0171l\u00e9s \u2013 Debrecen, 2023. 02. 18. Hippocrates V\u00e1ndorgy\u0171l\u00e9s \u2013 P\u00e9cs, &#8230; <a title=\"Online tov\u00e1bbk\u00e9pz\u00e9sek 2023\" class=\"read-more\" href=\"https:\/\/hippocrateslap.hu\/tanfolyam\/online-tovabbkepzesek-2023\/\" aria-label=\"Read more about Online tov\u00e1bbk\u00e9pz\u00e9sek 2023\">Olvass tov\u00e1bb<\/a><\/p>\n","protected":false},"author":1,"featured_media":0,"parent":0,"menu_order":5,"comment_status":"closed","ping_status":"closed","template":"","meta":{"footnotes":""},"class_list":["post-3007","page","type-page","status-publish"],"publishpress_future_action":{"enabled":false,"date":"2026-04-27 09:18:25","action":"change-status","newStatus":"private","terms":[],"taxonomy":"","extraData":[]},"publishpress_future_workflow_manual_trigger":{"enabledWorkflows":[]},"_links":{"self":[{"href":"https:\/\/hippocrateslap.hu\/tanfolyam\/wp-json\/wp\/v2\/pages\/3007","targetHints":{"allow":["GET"]}}],"collection":[{"href":"https:\/\/hippocrateslap.hu\/tanfolyam\/wp-json\/wp\/v2\/pages"}],"about":[{"href":"https:\/\/hippocrateslap.hu\/tanfolyam\/wp-json\/wp\/v2\/types\/page"}],"author":[{"embeddable":true,"href":"https:\/\/hippocrateslap.hu\/tanfolyam\/wp-json\/wp\/v2\/users\/1"}],"replies":[{"embeddable":true,"href":"https:\/\/hippocrateslap.hu\/tanfolyam\/wp-json\/wp\/v2\/comments?post=3007"}],"version-history":[{"count":29,"href":"https:\/\/hippocrateslap.hu\/tanfolyam\/wp-json\/wp\/v2\/pages\/3007\/revisions"}],"predecessor-version":[{"id":3643,"href":"https:\/\/hippocrateslap.hu\/tanfolyam\/wp-json\/wp\/v2\/pages\/3007\/revisions\/3643"}],"wp:attachment":[{"href":"https:\/\/hippocrateslap.hu\/tanfolyam\/wp-json\/wp\/v2\/media?parent=3007"}],"curies":[{"name":"wp","href":"https:\/\/api.w.org\/{rel}","templated":true}]}}