{"id":2822,"date":"2022-09-07T13:46:57","date_gmt":"2022-09-07T13:46:57","guid":{"rendered":"https:\/\/hippocrateslap.hu\/tanfolyam\/online-tovabbkepzesek-2022\/hippocrates-csaladorvosi-szimpoziumok-veszprem-2\/"},"modified":"2025-02-28T09:21:46","modified_gmt":"2025-02-28T08:21:46","slug":"hippocrates-csaladorvosi-szimpoziumok-veszprem-2","status":"publish","type":"page","link":"https:\/\/hippocrateslap.hu\/tanfolyam\/online-tovabbkepzesek-2022\/hippocrates-csaladorvosi-szimpoziumok-veszprem-2\/","title":{"rendered":"HIPPOCRATES CSAL\u00c1DORVOSI SZIMP\u00d3ZIUMOK \u2013 Veszpr\u00e9m"},"content":{"rendered":"<p>2022. szeptember 10.<\/p>\n<p>A v\u00e1ndorgy\u0171l\u00e9s a <strong>PTE KK I. Belgy\u00f3gy\u00e1szati Klinika<\/strong> hivatalos, akkredit\u00e1lt el\u0151ad\u00e1sait tartalmazza.<br \/>\nA tanfolyamokat belgy\u00f3gy\u00e1szok, h\u00e1ziorvosok, csecsem\u0151- \u00e9s gyermekgy\u00f3gy\u00e1szok, \u00fczemorvosok r\u00e9sz\u00e9re akkredit\u00e1lt\u00e1k.<br \/>\nKredit\u00e9rt\u00e9k: <strong>11 pont<\/strong><\/p>\n<p>Az el\u0151ad\u00e1sokban szerepl\u0151 inform\u00e1ci\u00f3k az el\u0151ad\u00f3(k) eredm\u00e9nyeit \u00e9s v\u00e9lem\u00e9ny\u00e9t t\u00fckr\u00f6zik. A megeml\u00edtett term\u00e9kek haszn\u00e1latakor az \u00e9rv\u00e9nyes alkalmaz\u00e1si el\u0151\u00edr\u00e1s az ir\u00e1nyad\u00f3.<\/p>\n<\/p>\n<h3><strong>Bejelentkez\u00e9s<\/strong><\/h3>\n<p>A tanfolyam megtekint\u00e9s\u00e9hez \u00e9s a teszt kit\u00f6lt\u00e9s\u00e9hez jelentkezzen be, vagy regisztr\u00e1ljon! Ha m\u00e1r kor\u00e1bban regisztr\u00e1lt, akkor csak bejelentkeznie sz\u00fcks\u00e9ges.<\/p>\n<p>Technikai seg\u00edts\u00e9g telefonsz\u00e1ma a rendezv\u00e9ny napj\u00e1n: +36303719165<\/p>\n<p><div id=\"wppb-login-wrap\" class=\"wppb-user-forms\">\n\t\t<form name=\"wppb-loginform\" id=\"wppb-loginform\" class=\"\" action=\"https:\/\/hippocrateslap.hu\/tanfolyam\/wp-json\/wp\/v2\/pages\/2822\" method=\"post\">\n\t\t\t\n\t\t\t<p class=\"wppb-form-field login-username\">\n\t\t\t\t<label for=\"wppb_user_login\">Email<\/label>\n\t\t\t\t<input type=\"email\" name=\"log\" id=\"wppb_user_login\" class=\"input\" value=\"\" size=\"20\" \/>\n\t\t\t<\/p>\n\t\t\t<p class=\"wppb-form-field login-password\">\n\t\t\t\t<label for=\"wppb_user_pass\">Password<\/label>\n\t\t\t\t<span class=\"wppb-password-field-container\">\n\t\t\t\t    <input type=\"password\" name=\"pwd\" id=\"wppb_user_pass\" class=\"input\" value=\"\" size=\"20\" \/>\n\t\t\t\t     <!-- add the HTML for the visibility toggle -->\n\t\t\t\t<\/span>\n            <\/p>\n\t\t\t\n\t\t\t\n\t\t\t<p class=\"wppb-form-field login-remember\"><input name=\"rememberme\" type=\"checkbox\" id=\"rememberme\" value=\"forever\" \/><label for=\"rememberme\">Remember Me<\/label><\/p>\n\t\t\t<p class=\"login-submit\">\n\t\t\t\t<input type=\"submit\" name=\"wp-submit\" id=\"wppb-submit\" class=\"button button-primary\" value=\"Log In\"\" \/>\n\t\t\t\t<input type=\"hidden\" name=\"redirect_to\" value=\"https:\/\/hippocrateslap.hu\/tanfolyam\/wp-json\/wp\/v2\/pages\/2822\" \/>\n\t\t\t<\/p>\n\t\t\t<input type=\"hidden\" name=\"wppb_login\" value=\"true\"\/>\n\t\t\t<input type=\"hidden\" name=\"wppb_form_location\" value=\"widget\"\/>\n\t\t\t<input type=\"hidden\" name=\"wppb_request_url\" value=\"https:\/\/hippocrateslap.hu\/tanfolyam\/wp-json\/wp\/v2\/pages\/2822\"\/>\n\t\t\t<input type=\"hidden\" name=\"wppb_lostpassword_url\" value=\"\"\/>\n\t\t\t<input type=\"hidden\" name=\"wppb_redirect_priority\" value=\"\"\/>\n\t\t\t<input type=\"hidden\" name=\"wppb_referer_url\" value=\"\"\/>\n\t\t\t<input type=\"hidden\" id=\"CSRFToken-wppb\" name=\"CSRFToken-wppb\" value=\"af79479814\" \/><input type=\"hidden\" name=\"_wp_http_referer\" value=\"\/tanfolyam\/wp-json\/wp\/v2\/pages\/2822\" \/>\n\t\t\t<input type=\"hidden\" name=\"wppb_redirect_check\" value=\"true\"\/>\n\t\t\t\n\t\t<\/form><script>window.onload = function() { jQuery(document).ready(function($) { $(\"input[name=\\\"log\\\"]\").on(\"keyup\", function() { $(this).val( $.trim($(this).val()) ); }); }); }<\/script><script>if ( document.getElementById(\"rememberme\") ) document.getElementById(\"rememberme\").checked = true;<\/script><\/div><\/p>\n<p style=\"text-align: center;\"><a class=\"button\" href=\"https:\/\/hippocrateslap.hu\/tanfolyam\/regisztracio\/\">Regisztr\u00e1ci\u00f3<\/a><\/p>\n<p style=\"text-align: center;\"><a href=\"https:\/\/hippocrateslap.hu\/tanfolyam\/regisztracio\/uj-jelszo-letrehozasa\/\">Elfelejtette a jelszav\u00e1t?<\/a><\/p>\n<p style=\"text-align: center;\">\n<p style=\"text-align: center;\">\u00a0<\/p>\n<p>&nbsp;<\/p>\n\n<h3><strong>Program:<\/strong><\/h3>\n<p>10.55 \u2013 11.00 K\u00f6sz\u00f6nt\u0151<br \/>\n11.00 \u2013 11.20 <strong>Dr. Fulcz \u00c1gnes:<\/strong> Obesitas: kezelj\u00fck?!<br \/>\n11.20 \u2013 11.25 Diszkusszi\u00f3<br \/>\n11.25 \u2013 11.45 <strong>Dr. S\u00e1nta Hermina:<\/strong> Ritka k\u00f3rk\u00e9p a splenomegalia h\u00e1tter\u00e9ben: a Gaucher k\u00f3r<br \/>\n11.45 \u2013 11.50 Diszkusszi\u00f3<br \/>\n11.50 \u2013 12.10 <strong>Dr. Ker\u00e9nyi Levente:<\/strong> A Pompe-k\u00f3r differenci\u00e1ldiagnosztik\u00e1ja <br \/>\n12.10 \u2013 12.15 Diszkusszi\u00f3<br \/>\n12.15 \u2013 12.35 <strong>Dr. Gyimesi Tam\u00e1s:<\/strong> Fabry-k\u00f3r a h\u00e1ziorvosi gyakorlatban<br \/>\n12.35 \u2013 12.40 Diszkusszi\u00f3<br \/>\n12.40 \u2013 13.00 <strong>Dr. Beny\u00f3 G\u00e1bor:<\/strong> T\u0171 a sz\u00e9nakazalban: az ASMD felismer\u00e9se <br \/>\n13.00 \u2013 13.05 Diszkusszi\u00f3<br \/>\n13.05 \u2013 14.00 Eb\u00e9d <br \/>\n14.00 \u2013 14.20 <strong>Prof. Dr. Tam\u00e1si Lilla:<\/strong> T\u00edpusos vagy at\u00edpusos? A pneun\u00f3mia rejtelmei<br \/>\n14.20 \u2013 14.25 Diszkusszi\u00f3<br \/>\n14.25 \u2013 14.45 <strong>Dr. Simonyi G\u00e1bor:<\/strong> Alv\u00e1szavarok jelent\u0151s\u00e9ge a klinikai gyakorlatban<br \/>\n14.45 \u2013 14.50 Diszkusszi\u00f3<br \/>\n14.50 \u2013 15.10 <strong>Dr. S\u00e1rv\u00e1ri Dalma:<\/strong> Az MPSI pr\u00f3b\u00e1ra teszi a tud\u00e1sunk <br \/>\n15.10 \u2013 15.15 Diszkusszi\u00f3<br \/>\n15.15 \u2013 15.25 K\u00e1v\u00e9sz\u00fcnet<br \/>\n15.25 \u2013 15.45 <strong>Dr. Durcs\u00e1n Henryka:<\/strong> Az epesav malabsorptio szerepe kr\u00f3nikus hasmen\u00e9sben<br \/>\n15.45 \u2013 15.50 Diszkusszi\u00f3<br \/>\n15.50 \u2013 16.10 <strong>Dr. Hidv\u00e9gi Edit:<\/strong> C\u00e9lkeresztben a migr\u00e9n <br \/>\n16.10 \u2013 16.15 Diszkusszi\u00f3<br \/>\n16.15 \u2013 16.35 <strong>Dr. Toldy-Schedel Emil:<\/strong> Az \u00e1rtalom cs\u00f6kkent\u00e9s szerepe \u00e9s gyakorlata, fejl\u0151d\u00e9si lehet\u0151s\u00e9gei Magyarorsz\u00e1gon<br \/>\n16.35 \u2013 16.40 Diszkusszi\u00f3<br \/>\n16.40 \u2013 12-\u00e9n h\u00e9tf\u0151 24.00 \u00f3r\u00e1ig <strong>Teszt\u00edr\u00e1s<\/strong><\/p>\n<p>&nbsp;<\/p>\n","protected":false},"excerpt":{"rendered":"<p>2022. szeptember 10. A v\u00e1ndorgy\u0171l\u00e9s a PTE KK I. Belgy\u00f3gy\u00e1szati Klinika hivatalos, akkredit\u00e1lt el\u0151ad\u00e1sait tartalmazza. A tanfolyamokat belgy\u00f3gy\u00e1szok, h\u00e1ziorvosok, csecsem\u0151- \u00e9s gyermekgy\u00f3gy\u00e1szok, \u00fczemorvosok r\u00e9sz\u00e9re akkredit\u00e1lt\u00e1k. Kredit\u00e9rt\u00e9k: 11 pont Az el\u0151ad\u00e1sokban szerepl\u0151 inform\u00e1ci\u00f3k az el\u0151ad\u00f3(k) eredm\u00e9nyeit \u00e9s v\u00e9lem\u00e9ny\u00e9t t\u00fckr\u00f6zik. A megeml\u00edtett term\u00e9kek haszn\u00e1latakor az \u00e9rv\u00e9nyes alkalmaz\u00e1si el\u0151\u00edr\u00e1s az ir\u00e1nyad\u00f3. \u00a0 &nbsp; Program: 10.55 \u2013 11.00 K\u00f6sz\u00f6nt\u0151 &#8230; <a title=\"HIPPOCRATES CSAL\u00c1DORVOSI SZIMP\u00d3ZIUMOK \u2013 Veszpr\u00e9m\" class=\"read-more\" href=\"https:\/\/hippocrateslap.hu\/tanfolyam\/online-tovabbkepzesek-2022\/hippocrates-csaladorvosi-szimpoziumok-veszprem-2\/\" aria-label=\"Read more about HIPPOCRATES CSAL\u00c1DORVOSI SZIMP\u00d3ZIUMOK \u2013 Veszpr\u00e9m\">Olvass tov\u00e1bb<\/a><\/p>\n","protected":false},"author":334,"featured_media":0,"parent":1511,"menu_order":4,"comment_status":"closed","ping_status":"closed","template":"","meta":{"footnotes":""},"class_list":["post-2822","page","type-page","status-publish"],"publishpress_future_action":{"enabled":false,"date":"2026-04-15 15:10:20","action":"change-status","newStatus":"private","terms":[],"taxonomy":"","extraData":[]},"publishpress_future_workflow_manual_trigger":{"enabledWorkflows":[]},"_links":{"self":[{"href":"https:\/\/hippocrateslap.hu\/tanfolyam\/wp-json\/wp\/v2\/pages\/2822","targetHints":{"allow":["GET"]}}],"collection":[{"href":"https:\/\/hippocrateslap.hu\/tanfolyam\/wp-json\/wp\/v2\/pages"}],"about":[{"href":"https:\/\/hippocrateslap.hu\/tanfolyam\/wp-json\/wp\/v2\/types\/page"}],"author":[{"embeddable":true,"href":"https:\/\/hippocrateslap.hu\/tanfolyam\/wp-json\/wp\/v2\/users\/334"}],"replies":[{"embeddable":true,"href":"https:\/\/hippocrateslap.hu\/tanfolyam\/wp-json\/wp\/v2\/comments?post=2822"}],"version-history":[{"count":13,"href":"https:\/\/hippocrateslap.hu\/tanfolyam\/wp-json\/wp\/v2\/pages\/2822\/revisions"}],"predecessor-version":[{"id":3450,"href":"https:\/\/hippocrateslap.hu\/tanfolyam\/wp-json\/wp\/v2\/pages\/2822\/revisions\/3450"}],"up":[{"embeddable":true,"href":"https:\/\/hippocrateslap.hu\/tanfolyam\/wp-json\/wp\/v2\/pages\/1511"}],"wp:attachment":[{"href":"https:\/\/hippocrateslap.hu\/tanfolyam\/wp-json\/wp\/v2\/media?parent=2822"}],"curies":[{"name":"wp","href":"https:\/\/api.w.org\/{rel}","templated":true}]}}