{"id":2717,"date":"2022-05-18T15:56:15","date_gmt":"2022-05-18T15:56:15","guid":{"rendered":"https:\/\/hippocrateslap.hu\/tanfolyam\/?page_id=2717"},"modified":"2025-02-28T09:21:46","modified_gmt":"2025-02-28T08:21:46","slug":"mkt-hippocrates-online-estek","status":"publish","type":"page","link":"https:\/\/hippocrateslap.hu\/tanfolyam\/online-tovabbkepzesek-2022\/mkt-hippocrates-online-estek\/","title":{"rendered":"MKT \u2013 HIPPOCRATES ONLINE EST\u00c9K"},"content":{"rendered":"<p>&nbsp;<\/p>\n<p>Egy\u00fcttm\u0171k\u00f6d\u0151 partner: <img loading=\"lazy\" decoding=\"async\" class=\"\" src=\"https:\/\/hippocrateslap.hu\/tanfolyam\/wp-content\/uploads\/2022\/04\/servier_logo.jpg\" alt=\"\" width=\"237\" height=\"82\" \/><\/p>\n<p>Az el\u0151ad\u00e1sokban szerepl\u0151 inform\u00e1ci\u00f3k az el\u0151ad\u00f3(k) eredm\u00e9nyeit \u00e9s v\u00e9lem\u00e9ny\u00e9t t\u00fckr\u00f6zik. A megeml\u00edtett term\u00e9kek haszn\u00e1latakor az \u00e9rv\u00e9nyes alkalmaz\u00e1si el\u0151\u00edr\u00e1s az ir\u00e1nyad\u00f3.<\/p>\n<\/p>\n<h3><strong>Bejelentkez\u00e9s<\/strong><\/h3>\n<p>A tanfolyam megtekint\u00e9s\u00e9hez \u00e9s a teszt kit\u00f6lt\u00e9s\u00e9hez jelentkezzen be, vagy regisztr\u00e1ljon! Ha m\u00e1r kor\u00e1bban regisztr\u00e1lt, akkor csak bejelentkeznie sz\u00fcks\u00e9ges.<\/p>\n<p>Technikai seg\u00edts\u00e9g telefonsz\u00e1ma a rendezv\u00e9ny napj\u00e1n: +36303719165<\/p>\n<p><div id=\"wppb-login-wrap\" class=\"wppb-user-forms\">\n\t\t<form name=\"wppb-loginform\" id=\"wppb-loginform\" class=\"\" action=\"https:\/\/hippocrateslap.hu\/tanfolyam\/wp-json\/wp\/v2\/pages\/2717\" method=\"post\">\n\t\t\t\n\t\t\t<p class=\"wppb-form-field login-username\">\n\t\t\t\t<label for=\"wppb_user_login\">Email<\/label>\n\t\t\t\t<input type=\"email\" name=\"log\" id=\"wppb_user_login\" class=\"input\" value=\"\" size=\"20\" \/>\n\t\t\t<\/p>\n\t\t\t<p class=\"wppb-form-field login-password\">\n\t\t\t\t<label for=\"wppb_user_pass\">Password<\/label>\n\t\t\t\t<span class=\"wppb-password-field-container\">\n\t\t\t\t    <input type=\"password\" name=\"pwd\" id=\"wppb_user_pass\" class=\"input\" value=\"\" size=\"20\" \/>\n\t\t\t\t     <!-- add the HTML for the visibility toggle -->\n\t\t\t\t<\/span>\n            <\/p>\n\t\t\t\n\t\t\t\n\t\t\t<p class=\"wppb-form-field login-remember\"><input name=\"rememberme\" type=\"checkbox\" id=\"rememberme\" value=\"forever\" \/><label for=\"rememberme\">Remember Me<\/label><\/p>\n\t\t\t<p class=\"login-submit\">\n\t\t\t\t<input type=\"submit\" name=\"wp-submit\" id=\"wppb-submit\" class=\"button button-primary\" value=\"Log In\"\" \/>\n\t\t\t\t<input type=\"hidden\" name=\"redirect_to\" value=\"https:\/\/hippocrateslap.hu\/tanfolyam\/wp-json\/wp\/v2\/pages\/2717\" \/>\n\t\t\t<\/p>\n\t\t\t<input type=\"hidden\" name=\"wppb_login\" value=\"true\"\/>\n\t\t\t<input type=\"hidden\" name=\"wppb_form_location\" value=\"widget\"\/>\n\t\t\t<input type=\"hidden\" name=\"wppb_request_url\" value=\"https:\/\/hippocrateslap.hu\/tanfolyam\/wp-json\/wp\/v2\/pages\/2717\"\/>\n\t\t\t<input type=\"hidden\" name=\"wppb_lostpassword_url\" value=\"\"\/>\n\t\t\t<input type=\"hidden\" name=\"wppb_redirect_priority\" value=\"\"\/>\n\t\t\t<input type=\"hidden\" name=\"wppb_referer_url\" value=\"\"\/>\n\t\t\t<input type=\"hidden\" id=\"CSRFToken-wppb\" name=\"CSRFToken-wppb\" value=\"26188badc6\" \/><input type=\"hidden\" name=\"_wp_http_referer\" value=\"\/tanfolyam\/wp-json\/wp\/v2\/pages\/2717\" \/>\n\t\t\t<input type=\"hidden\" name=\"wppb_redirect_check\" value=\"true\"\/>\n\t\t\t\n\t\t<\/form><script>window.onload = function() { jQuery(document).ready(function($) { $(\"input[name=\\\"log\\\"]\").on(\"keyup\", function() { $(this).val( $.trim($(this).val()) ); }); }); }<\/script><script>if ( document.getElementById(\"rememberme\") ) document.getElementById(\"rememberme\").checked = true;<\/script><\/div><\/p>\n<p style=\"text-align: center;\"><a class=\"button\" href=\"https:\/\/hippocrateslap.hu\/tanfolyam\/regisztracio\/\">Regisztr\u00e1ci\u00f3<\/a><\/p>\n<p style=\"text-align: center;\"><a href=\"https:\/\/hippocrateslap.hu\/tanfolyam\/regisztracio\/uj-jelszo-letrehozasa\/\">Elfelejtette a jelszav\u00e1t?<\/a><\/p>\n<p style=\"text-align: center;\">\n<p>&nbsp;<\/p>\n\n\n<p>&nbsp;<\/p>\n\n\n<p>&nbsp;<\/p>\n<p>&nbsp;<\/p>\n<p><a class=\"button\" href=\"https:\/\/hippocrateslap.hu\/tanfolyam\/online-tovabbkepzesek-2022\/mkt-hippocrates-online-estek\/kardiometabolikus-kitekinto\/\">Virtu\u00e1lis ki\u00e1ll\u00edt\u00e1s <\/a><\/p>\n<p>&nbsp;<\/p>\n<p><strong>MKT \u2013 HIPPOCRATES ONLINE EST\u00c9K<\/strong> <br \/>\n<strong>2022. j\u00fanius 02. cs\u00fct\u00f6rt\u00f6k,\u00a0 18.00 \u2013 19.30<\/strong><br \/>\n\u00dcl\u00e9seln\u00f6k: <strong>Prof. Dr. J\u00e1rai Zolt\u00e1n<\/strong><br \/>\n<strong>Prof. Dr. J\u00e1rai Zolt\u00e1n:<\/strong> Hipert\u00f3nia \u00e9s antihipertenz\u00edv kezel\u00e9s a COVID-19 j\u00e1rv\u00e1ny alatt \u00e9s ut\u00e1n<br \/>\n<strong>Prof. Dr. Gell\u00e9r L\u00e1szl\u00f3:<\/strong> Invaz\u00edv technik\u00e1k melletti gy\u00f3gyszeres ter\u00e1pia a koron\u00e1ria betegek ell\u00e1t\u00e1s\u00e1ban: aj\u00e1nl\u00e1sok \u00e9s klinikum<br \/>\n<strong>Dr. Simonyi G\u00e1bor:<\/strong> A kr\u00f3nikus koron\u00e1ria szindr\u00f3ma kezel\u00e9s\u00e9nek finomhangol\u00e1sa az egyes t\u00e1rsbeteges\u00e9gek alapj\u00e1n<br \/>\nDiszkusszi\u00f3<\/p>\n<p><strong>MKT \u2013 HIPPOCRATES ONLINE EST\u00c9K <\/strong><br \/>\n<strong>2022. j\u00fanius 08. szerda, 18.00 \u2013 19.45<\/strong><br \/>\n\u00dcl\u00e9seln\u00f6k: <strong>Prof. Dr. T\u00f3th K\u00e1lm\u00e1n<\/strong><br \/>\n<strong>Dr. Habon Tam\u00e1s:<\/strong> A sz\u00edvel\u00e9gtelens\u00e9g kezel\u00e9se \u00e9s a sz\u00edvel\u00e9gtelens\u00e9g vizsg\u00e1latok helyzete a COVID-19 j\u00e1rv\u00e1ny idej\u00e9n \u00e9s azt k\u00f6vet\u0151en <br \/>\n<strong>Prof. Dr. Halmosi R\u00f3bert:<\/strong> A gy\u00f3gyszer feltitr\u00e1l\u00e1sok szerepe a sz\u00edvel\u00e9gtelens\u00e9g kezel\u00e9s\u00e9ben <br \/>\n<strong>Dr. Faludi R\u00e9ka:<\/strong> A sz\u00edvel\u00e9gtelens\u00e9g ambulanci\u00e1k \u00fajraind\u00edt\u00e1sa a COVID pand\u00e9mi\u00e1t k\u00f6vet\u0151en<br \/>\n<strong>Dr. Szabados Eszter:<\/strong> Kardiovaszkul\u00e1ris prevenci\u00f3 speci\u00e1lis t\u00e1rsbetegs\u00e9gek eset\u00e9n \u00e9s id\u0151s korban<br \/>\nDiszkusszi\u00f3<\/p>\n<p><strong>MKT \u2013 HIPPOCRATES ONLINE EST\u00c9K <\/strong><br \/>\n<strong>2022. j\u00fanius 16. cs\u00fct\u00f6rt\u00f6k, 18.00 \u2013 19.30<\/strong><br \/>\n\u00dcl\u00e9seln\u00f6k: <strong>Prof. Dr. Tomcs\u00e1nyi J\u00e1nos<\/strong><br \/>\n<strong>Prof. Dr. Zima Endre:<\/strong> A COVID-19 j\u00e1rv\u00e1ny hat\u00e1sa a kardiol\u00f3giai s\u00fcrg\u0151ss\u00e9gi ell\u00e1t\u00e1sra \u00e9s annak \u00fajraind\u00edt\u00e1sa COVID ut\u00e1n<br \/>\n<strong>Prof. Dr. Tomcs\u00e1nyi J\u00e1nos:<\/strong> Post-COVID kardiol\u00f3giai maradv\u00e1nyt\u00fcnetek \u00e9s az ivabradin<br \/>\n<strong>Prof. Dr. Kiss R\u00f3bert G\u00e1bor:<\/strong> Telemedicina relevanci\u00e1ja COVID idej\u00e9n \u00e9s ut\u00e1n<br \/>\nDiszkusszi\u00f3<\/p>\n<p><strong>Teszt kit\u00f6lt\u00e9se:<\/strong> 2022. j\u00fanius 16. 19.30 \u00f3r\u00e1t\u00f3l\u00a0 19-\u00e9n 24.00 \u00f3r\u00e1ig.<\/p>\n<p><strong>16 szakma specifikus pontot jelent<\/strong> az al\u00e1bbi szakmai csoportok k\u00e9pvisel\u0151i r\u00e9sz\u00e9re:<br \/>\n-belgy\u00f3gy\u00e1szat<br \/>\n-kardiol\u00f3gia<br \/>\n-kardiol\u00f3giai orvosi rehabilit\u00e1ci\u00f3<br \/>\n-tov\u00e1bbi szakmai csoportok k\u00e9pvisel\u0151inek \u201eegy\u00e9b elm\u00e9leti k\u00e9pz\u00e9s\u201d c\u00edmen jelent 16 pontot.<\/p>\n","protected":false},"excerpt":{"rendered":"<p>&nbsp; Egy\u00fcttm\u0171k\u00f6d\u0151 partner: Az el\u0151ad\u00e1sokban szerepl\u0151 inform\u00e1ci\u00f3k az el\u0151ad\u00f3(k) eredm\u00e9nyeit \u00e9s v\u00e9lem\u00e9ny\u00e9t t\u00fckr\u00f6zik. A megeml\u00edtett term\u00e9kek haszn\u00e1latakor az \u00e9rv\u00e9nyes alkalmaz\u00e1si el\u0151\u00edr\u00e1s az ir\u00e1nyad\u00f3. &nbsp; &nbsp; &nbsp; &nbsp; Virtu\u00e1lis ki\u00e1ll\u00edt\u00e1s &nbsp; MKT \u2013 HIPPOCRATES ONLINE EST\u00c9K 2022. j\u00fanius 02. cs\u00fct\u00f6rt\u00f6k,\u00a0 18.00 \u2013 19.30 \u00dcl\u00e9seln\u00f6k: Prof. Dr. J\u00e1rai Zolt\u00e1n Prof. Dr. J\u00e1rai Zolt\u00e1n: Hipert\u00f3nia \u00e9s antihipertenz\u00edv kezel\u00e9s &#8230; <a title=\"MKT \u2013 HIPPOCRATES ONLINE EST\u00c9K\" class=\"read-more\" href=\"https:\/\/hippocrateslap.hu\/tanfolyam\/online-tovabbkepzesek-2022\/mkt-hippocrates-online-estek\/\" aria-label=\"Read more about MKT \u2013 HIPPOCRATES ONLINE EST\u00c9K\">Olvass tov\u00e1bb<\/a><\/p>\n","protected":false},"author":82,"featured_media":0,"parent":1511,"menu_order":6,"comment_status":"closed","ping_status":"closed","template":"","meta":{"footnotes":""},"class_list":["post-2717","page","type-page","status-publish"],"publishpress_future_action":{"enabled":false,"date":"2026-04-14 03:34:36","action":"change-status","newStatus":"private","terms":[],"taxonomy":"","extraData":[]},"publishpress_future_workflow_manual_trigger":{"enabledWorkflows":[]},"_links":{"self":[{"href":"https:\/\/hippocrateslap.hu\/tanfolyam\/wp-json\/wp\/v2\/pages\/2717","targetHints":{"allow":["GET"]}}],"collection":[{"href":"https:\/\/hippocrateslap.hu\/tanfolyam\/wp-json\/wp\/v2\/pages"}],"about":[{"href":"https:\/\/hippocrateslap.hu\/tanfolyam\/wp-json\/wp\/v2\/types\/page"}],"author":[{"embeddable":true,"href":"https:\/\/hippocrateslap.hu\/tanfolyam\/wp-json\/wp\/v2\/users\/82"}],"replies":[{"embeddable":true,"href":"https:\/\/hippocrateslap.hu\/tanfolyam\/wp-json\/wp\/v2\/comments?post=2717"}],"version-history":[{"count":17,"href":"https:\/\/hippocrateslap.hu\/tanfolyam\/wp-json\/wp\/v2\/pages\/2717\/revisions"}],"predecessor-version":[{"id":3453,"href":"https:\/\/hippocrateslap.hu\/tanfolyam\/wp-json\/wp\/v2\/pages\/2717\/revisions\/3453"}],"up":[{"embeddable":true,"href":"https:\/\/hippocrateslap.hu\/tanfolyam\/wp-json\/wp\/v2\/pages\/1511"}],"wp:attachment":[{"href":"https:\/\/hippocrateslap.hu\/tanfolyam\/wp-json\/wp\/v2\/media?parent=2717"}],"curies":[{"name":"wp","href":"https:\/\/api.w.org\/{rel}","templated":true}]}}