{"id":2655,"date":"2022-04-18T19:06:54","date_gmt":"2022-04-18T19:06:54","guid":{"rendered":"https:\/\/hippocrateslap.hu\/tanfolyam\/?page_id=2655"},"modified":"2025-02-28T09:21:46","modified_gmt":"2025-02-28T08:21:46","slug":"hippocrates-venas-specialista-hetvege","status":"publish","type":"page","link":"https:\/\/hippocrateslap.hu\/tanfolyam\/online-tovabbkepzesek-2022\/hippocrates-venas-specialista-hetvege\/","title":{"rendered":"HIPPOCRATES V\u00c9N\u00c1S SPECIALISTA H\u00c9TV\u00c9GE"},"content":{"rendered":"<h3>G\u00e1rdony, 2022. IV. 23-24.<\/h3>\n<p><strong>ONLINE<\/strong><\/p>\n<p>Egy\u00fcttm\u0171k\u00f6d\u0151 partner: <img loading=\"lazy\" decoding=\"async\" class=\"\" src=\"https:\/\/hippocrateslap.hu\/tanfolyam\/wp-content\/uploads\/2022\/04\/servier_logo.jpg\" alt=\"\" width=\"237\" height=\"82\" \/><\/p>\n<p>Az el\u0151ad\u00e1sokban szerepl\u0151 inform\u00e1ci\u00f3k az el\u0151ad\u00f3(k) eredm\u00e9nyeit \u00e9s v\u00e9lem\u00e9ny\u00e9t t\u00fckr\u00f6zik. A megeml\u00edtett term\u00e9kek haszn\u00e1latakor az \u00e9rv\u00e9nyes alkalmaz\u00e1si el\u0151\u00edr\u00e1s az ir\u00e1nyad\u00f3.<\/p>\n<\/p>\n<h3><strong>Bejelentkez\u00e9s<\/strong><\/h3>\n<p>A tanfolyam megtekint\u00e9s\u00e9hez \u00e9s a teszt kit\u00f6lt\u00e9s\u00e9hez jelentkezzen be, vagy regisztr\u00e1ljon! Ha m\u00e1r kor\u00e1bban regisztr\u00e1lt, akkor csak bejelentkeznie sz\u00fcks\u00e9ges.<\/p>\n<p>Technikai seg\u00edts\u00e9g telefonsz\u00e1ma a rendezv\u00e9ny napj\u00e1n: +36303719165<\/p>\n<p><div id=\"wppb-login-wrap\" class=\"wppb-user-forms\">\n\t\t<form name=\"wppb-loginform\" id=\"wppb-loginform\" class=\"\" action=\"https:\/\/hippocrateslap.hu\/tanfolyam\/wp-json\/wp\/v2\/pages\/2655\" method=\"post\">\n\t\t\t\n\t\t\t<p class=\"wppb-form-field login-username\">\n\t\t\t\t<label for=\"wppb_user_login\">Email<\/label>\n\t\t\t\t<input type=\"email\" name=\"log\" id=\"wppb_user_login\" class=\"input\" value=\"\" size=\"20\" \/>\n\t\t\t<\/p>\n\t\t\t<p class=\"wppb-form-field login-password\">\n\t\t\t\t<label for=\"wppb_user_pass\">Password<\/label>\n\t\t\t\t<span class=\"wppb-password-field-container\">\n\t\t\t\t    <input type=\"password\" name=\"pwd\" id=\"wppb_user_pass\" class=\"input\" value=\"\" size=\"20\" \/>\n\t\t\t\t     <!-- add the HTML for the visibility toggle -->\n\t\t\t\t<\/span>\n            <\/p>\n\t\t\t\n\t\t\t\n\t\t\t<p class=\"wppb-form-field login-remember\"><input name=\"rememberme\" type=\"checkbox\" id=\"rememberme\" value=\"forever\" \/><label for=\"rememberme\">Remember Me<\/label><\/p>\n\t\t\t<p class=\"login-submit\">\n\t\t\t\t<input type=\"submit\" name=\"wp-submit\" id=\"wppb-submit\" class=\"button button-primary\" value=\"Log In\"\" \/>\n\t\t\t\t<input type=\"hidden\" name=\"redirect_to\" value=\"https:\/\/hippocrateslap.hu\/tanfolyam\/wp-json\/wp\/v2\/pages\/2655\" \/>\n\t\t\t<\/p>\n\t\t\t<input type=\"hidden\" name=\"wppb_login\" value=\"true\"\/>\n\t\t\t<input type=\"hidden\" name=\"wppb_form_location\" value=\"widget\"\/>\n\t\t\t<input type=\"hidden\" name=\"wppb_request_url\" value=\"https:\/\/hippocrateslap.hu\/tanfolyam\/wp-json\/wp\/v2\/pages\/2655\"\/>\n\t\t\t<input type=\"hidden\" name=\"wppb_lostpassword_url\" value=\"\"\/>\n\t\t\t<input type=\"hidden\" name=\"wppb_redirect_priority\" value=\"\"\/>\n\t\t\t<input type=\"hidden\" name=\"wppb_referer_url\" value=\"\"\/>\n\t\t\t<input type=\"hidden\" id=\"CSRFToken-wppb\" name=\"CSRFToken-wppb\" value=\"9f10dafb93\" \/><input type=\"hidden\" name=\"_wp_http_referer\" value=\"\/tanfolyam\/wp-json\/wp\/v2\/pages\/2655\" \/>\n\t\t\t<input type=\"hidden\" name=\"wppb_redirect_check\" value=\"true\"\/>\n\t\t\t\n\t\t<\/form><script>window.onload = function() { jQuery(document).ready(function($) { $(\"input[name=\\\"log\\\"]\").on(\"keyup\", function() { $(this).val( $.trim($(this).val()) ); }); }); }<\/script><script>if ( document.getElementById(\"rememberme\") ) document.getElementById(\"rememberme\").checked = true;<\/script><\/div><\/p>\n<p style=\"text-align: center;\"><a class=\"button\" href=\"https:\/\/hippocrateslap.hu\/tanfolyam\/regisztracio\/\">Regisztr\u00e1ci\u00f3<\/a><\/p>\n<p style=\"text-align: center;\"><a href=\"https:\/\/hippocrateslap.hu\/tanfolyam\/regisztracio\/uj-jelszo-letrehozasa\/\">Elfelejtette a jelszav\u00e1t?<\/a><\/p>\n<p style=\"text-align: center;\">\n<p>&nbsp;<\/p>\n<p>&nbsp;<\/p>\n<p style=\"text-align: center;\">\u00a0<\/p>\n<p><strong>Szombat \u2013 \u00e1prilis 23.<\/strong><br \/>\n9:30-10:00 Regisztr\u00e1ci\u00f3<br \/>\n10:00-10:15 Megnyit\u00f3<br \/>\n10.15 &#8211; 11.00 A kr\u00f3nikus v\u00e9n\u00e1s betegs\u00e9g hazai \u00e9s nemzetk\u00f6zi aktualit\u00e1sai<br \/>\n\u00dcl\u00e9seln\u00f6k: <strong>Prof. Dr. Dzsinich Csaba<\/strong><br \/>\n<strong>Prof. Dr. Menyhei G\u00e1bor:<\/strong> A kr\u00f3nikus v\u00e9n\u00e1s betegs\u00e9g kezel\u00e9s\u00e9nek aktualit\u00e1sai, az \u00faj guideline aktu\u00e1lis vonatkoz\u00e1sai<br \/>\n11:00-11:15 Diszkusszi\u00f3<\/p>\n<p>11:15-11:30 <em>Sz\u00fcnet<\/em><\/p>\n<p>11:30-12:30 V\u00e9nabillenty\u0171k, mikrocirkul\u00e1ci\u00f3, diagnosztika<br \/>\n\u00dcl\u00e9seln\u00f6k: <strong>Prof. Dr. Dzsinich Csaba<\/strong><br \/>\n<strong>Prof. Dr. P\u00e9csv\u00e1rady Zsolt:<\/strong> A v\u00e9nabillenty\u0171k gyullad\u00e1sa \u00e9s a mikrocirkul\u00e1ci\u00f3 zavarai kr\u00f3nikus v\u00e9n\u00e1s el\u00e9gtelens\u00e9gben<br \/>\n<strong>Dr. D\u00f3sa Edit:<\/strong> Az akut m\u00e9lyv\u00e9n\u00e1s tromb\u00f3zis diagnosztik\u00e1ja \u00e9s endovaszkul\u00e1ris kezel\u00e9se<br \/>\n12:30-12:45 Diszkusszi\u00f3<\/p>\n<p>12:45- 14:00 <em>Eb\u00e9d<\/em><\/p>\n<p>14:00-15:00 \u00d6d\u00e9ma, fek\u00e9lykezel\u00e9s, kompresszi\u00f3<br \/>\n\u00dcl\u00e9seln\u00f6k: <strong>Dr. Szab\u00f3 \u00c9va<\/strong><br \/>\n<strong>Dr. Szab\u00f3 \u00c9va:<\/strong> Az \u00f6d\u00e9ma kezel\u00e9se, konzervat\u00edv ter\u00e1pia<br \/>\n<strong>Dr. K\u00f6k\u00e9ny Zolt\u00e1n:<\/strong> A kr\u00f3nikus sebek ell\u00e1t\u00e1sa<br \/>\n15:00-15:15 Diszkusszi\u00f3<\/p>\n<p>15:15-15:30 <em>Sz\u00fcnet<\/em><\/p>\n<p>15:30-16:30 Seb\u00e9szet, \u00faj technol\u00f3gi\u00e1k<br \/>\n\u00dcl\u00e9seln\u00f6k: <strong>Prof. Dr. Menyhei G\u00e1bor<\/strong><br \/>\n<strong>Dr. Szab\u00f3 Attila:<\/strong> Endov\u00e9n\u00e1s kezel\u00e9sek aktualit\u00e1sai<br \/>\n<strong>Dr. Darabos G\u00e1bor:<\/strong> Hagyom\u00e1nyos v\u00e9n\u00e1s seb\u00e9szeti technik\u00e1k alkalmaz\u00e1sa az \u00e9rseb\u00e9szetben<br \/>\n<strong>Dr. Rozsos Istv\u00e1n:<\/strong> L\u00e9zeres v\u00e9naseb\u00e9szet<br \/>\n16.30-16.45 Diszkusszi\u00f3<\/p>\n<p><strong>Vas\u00e1rnap \u2013 \u00e1prilis 24.<\/strong><br \/>\n9:00-10:00 Aktualit\u00e1sok a kr\u00f3nikus v\u00e9n\u00e1s betegs\u00e9gek ell\u00e1t\u00e1s\u00e1ban<br \/>\n\u00dcl\u00e9seln\u00f6k: <strong>Dr. Bihari Imre<\/strong><br \/>\n<strong>Dr. Bihari Imre: <\/strong>El\u0151re jelezhet\u0151-e a vissz\u00e9rt\u00e1gulatok ki\u00fajul\u00e1sa?<br \/>\n<strong>Dr. Szab\u00f3 \u00c9va:<\/strong>Telemedicina lehet\u0151s\u00e9gei \u00e9s COVID pand\u00e9mia alatti aktualit\u00e1sai kr\u00f3nikus v\u00e9n\u00e1s betegek ell\u00e1t\u00e1sa sor\u00e1n<br \/>\n<strong>Dr. Kolossv\u00e1ry Endre:<\/strong> A COVID kardiovaszkul\u00e1ris vonatkoz\u00e1sai, VTE<br \/>\n10.00-10.15 Diszkusszi\u00f3<\/p>\n<p>10.15-10.45 <em>Sz\u00fcnet<\/em><\/p>\n<p>10.45-11.45 F\u00f3kuszban a beteg \u2013 <strong>SERVIER SZIMP\u00d3ZIUM<\/strong><br \/>\n\u00dcl\u00e9seln\u00f6k: <strong>Prof. Dr. P\u00e9csv\u00e1rady Zsolt<\/strong><br \/>\n<strong>Dr. Varga Eszter:<\/strong> Kr\u00f3nikus v\u00e9n\u00e1s betegs\u00e9gek \u00e9s az \u00e9letmin\u0151s\u00e9g \u2013 nemzetk\u00f6zi kutat\u00e1si eredm\u00e9nyek<br \/>\n<strong>Dr. Pilling J\u00e1nos:<\/strong> \u00c9rz\u00e9keny t\u00e9m\u00e1k kommunik\u00e1ci\u00f3ja, beteg egy\u00fcttm\u0171k\u00f6d\u00e9s jav\u00edt\u00e1sa<br \/>\n11:45-12:00 Diszkusszi\u00f3<\/p>\n<p>12:00-12:05 Z\u00e1rsz\u00f3: <strong>Prof. Dr. Dzsinich Csaba<\/strong><\/p>\n<p>12:05- 28-\u00e9n, cs\u00fct\u00f6rt\u00f6k 10:00-ig\u00a0 meghosszab\u00edtva <strong>Teszt\u00edr\u00e1s<\/strong><\/p>\n<p>Megszerezhet\u0151 kredit\u00e9rt\u00e9k <strong>16 pont<\/strong> az al\u00e1bbi szakter\u00fcleteken:<br \/>\n<strong>&#8211; belgy\u00f3gy\u00e1szat<\/strong><br \/>\n<strong>&#8211; belgy\u00f3gy\u00e1szati angiol\u00f3gia<\/strong><br \/>\n<strong>&#8211; b\u0151rgy\u00f3gy\u00e1szat<\/strong><br \/>\n<strong>&#8211; \u00e9rseb\u00e9szet<\/strong><br \/>\n<strong>&#8211; seb\u00e9szet<\/strong><\/p>\n<p>&nbsp;<\/p>\n","protected":false},"excerpt":{"rendered":"<p>G\u00e1rdony, 2022. IV. 23-24. ONLINE Egy\u00fcttm\u0171k\u00f6d\u0151 partner: Az el\u0151ad\u00e1sokban szerepl\u0151 inform\u00e1ci\u00f3k az el\u0151ad\u00f3(k) eredm\u00e9nyeit \u00e9s v\u00e9lem\u00e9ny\u00e9t t\u00fckr\u00f6zik. A megeml\u00edtett term\u00e9kek haszn\u00e1latakor az \u00e9rv\u00e9nyes alkalmaz\u00e1si el\u0151\u00edr\u00e1s az ir\u00e1nyad\u00f3. &nbsp; &nbsp; \u00a0 Szombat \u2013 \u00e1prilis 23. 9:30-10:00 Regisztr\u00e1ci\u00f3 10:00-10:15 Megnyit\u00f3 10.15 &#8211; 11.00 A kr\u00f3nikus v\u00e9n\u00e1s betegs\u00e9g hazai \u00e9s nemzetk\u00f6zi aktualit\u00e1sai \u00dcl\u00e9seln\u00f6k: Prof. Dr. Dzsinich Csaba Prof. &#8230; <a title=\"HIPPOCRATES V\u00c9N\u00c1S SPECIALISTA H\u00c9TV\u00c9GE\" class=\"read-more\" href=\"https:\/\/hippocrateslap.hu\/tanfolyam\/online-tovabbkepzesek-2022\/hippocrates-venas-specialista-hetvege\/\" aria-label=\"Read more about HIPPOCRATES V\u00c9N\u00c1S SPECIALISTA H\u00c9TV\u00c9GE\">Olvass tov\u00e1bb<\/a><\/p>\n","protected":false},"author":82,"featured_media":0,"parent":1511,"menu_order":7,"comment_status":"closed","ping_status":"closed","template":"","meta":{"footnotes":""},"class_list":["post-2655","page","type-page","status-publish"],"publishpress_future_action":{"enabled":false,"date":"2026-04-29 12:30:39","action":"change-status","newStatus":"private","terms":[],"taxonomy":"","extraData":[]},"publishpress_future_workflow_manual_trigger":{"enabledWorkflows":[]},"_links":{"self":[{"href":"https:\/\/hippocrateslap.hu\/tanfolyam\/wp-json\/wp\/v2\/pages\/2655","targetHints":{"allow":["GET"]}}],"collection":[{"href":"https:\/\/hippocrateslap.hu\/tanfolyam\/wp-json\/wp\/v2\/pages"}],"about":[{"href":"https:\/\/hippocrateslap.hu\/tanfolyam\/wp-json\/wp\/v2\/types\/page"}],"author":[{"embeddable":true,"href":"https:\/\/hippocrateslap.hu\/tanfolyam\/wp-json\/wp\/v2\/users\/82"}],"replies":[{"embeddable":true,"href":"https:\/\/hippocrateslap.hu\/tanfolyam\/wp-json\/wp\/v2\/comments?post=2655"}],"version-history":[{"count":27,"href":"https:\/\/hippocrateslap.hu\/tanfolyam\/wp-json\/wp\/v2\/pages\/2655\/revisions"}],"predecessor-version":[{"id":3454,"href":"https:\/\/hippocrateslap.hu\/tanfolyam\/wp-json\/wp\/v2\/pages\/2655\/revisions\/3454"}],"up":[{"embeddable":true,"href":"https:\/\/hippocrateslap.hu\/tanfolyam\/wp-json\/wp\/v2\/pages\/1511"}],"wp:attachment":[{"href":"https:\/\/hippocrateslap.hu\/tanfolyam\/wp-json\/wp\/v2\/media?parent=2655"}],"curies":[{"name":"wp","href":"https:\/\/api.w.org\/{rel}","templated":true}]}}