{"id":2558,"date":"2022-01-24T14:46:10","date_gmt":"2022-01-24T14:46:10","guid":{"rendered":"https:\/\/hippocrateslap.hu\/tanfolyam\/?page_id=2558"},"modified":"2025-02-28T09:21:46","modified_gmt":"2025-02-28T08:21:46","slug":"hippocrates-vandorgyules-szeged","status":"publish","type":"page","link":"https:\/\/hippocrateslap.hu\/tanfolyam\/online-tovabbkepzesek-2022\/hippocrates-vandorgyules-szeged\/","title":{"rendered":"HIPPOCRATES V\u00c1NDORGY\u0170L\u00c9S &#8211; Szeged"},"content":{"rendered":"<p><strong>2022. febru\u00e1r 12.\u00a0<\/strong><\/p>\n<p>A v\u00e1ndorgy\u0171l\u00e9s a <strong>PTE KK I. Belgy\u00f3gy\u00e1szati Klinika<\/strong> hivatalos, akkredit\u00e1lt el\u0151ad\u00e1sait tartalmazza.<br \/>\nA szabadon v\u00e1laszthat\u00f3 tov\u00e1bbk\u00e9pz\u00e9st h\u00e1ziorvosok, belgy\u00f3gy\u00e1szok, \u00fczemorvosok \u00e9s szakir\u00e1ny\u00fa szakk\u00e9pes\u00edt\u00e9s n\u00e9lk\u00fcli orvosok r\u00e9sz\u00e9re akkredit\u00e1lt\u00e1k. <br \/>\nKredit\u00e9rt\u00e9k: <strong>13 pont<\/strong><\/p>\n<p>Az el\u0151ad\u00e1sokban szerepl\u0151 inform\u00e1ci\u00f3k az el\u0151ad\u00f3(k) eredm\u00e9nyeit \u00e9s v\u00e9lem\u00e9ny\u00e9t t\u00fckr\u00f6zik. A megeml\u00edtett term\u00e9kek haszn\u00e1latakor az \u00e9rv\u00e9nyes alkalmaz\u00e1si el\u0151\u00edr\u00e1s az ir\u00e1nyad\u00f3.<\/p>\n<\/p>\n<h3><strong>Bejelentkez\u00e9s<\/strong><\/h3>\n<p>A tanfolyam megtekint\u00e9s\u00e9hez \u00e9s a teszt kit\u00f6lt\u00e9s\u00e9hez jelentkezzen be, vagy regisztr\u00e1ljon! Ha m\u00e1r kor\u00e1bban regisztr\u00e1lt, akkor csak bejelentkeznie sz\u00fcks\u00e9ges.<\/p>\n<p>Technikai seg\u00edts\u00e9g telefonsz\u00e1ma a rendezv\u00e9ny napj\u00e1n: +36303719165<\/p>\n<p><div id=\"wppb-login-wrap\" class=\"wppb-user-forms\">\n\t\t<form name=\"wppb-loginform\" id=\"wppb-loginform\" class=\"\" action=\"https:\/\/hippocrateslap.hu\/tanfolyam\/wp-json\/wp\/v2\/pages\/2558\" method=\"post\">\n\t\t\t\n\t\t\t<p class=\"wppb-form-field login-username\">\n\t\t\t\t<label for=\"wppb_user_login\">Email<\/label>\n\t\t\t\t<input type=\"email\" name=\"log\" id=\"wppb_user_login\" class=\"input\" value=\"\" size=\"20\" \/>\n\t\t\t<\/p>\n\t\t\t<p class=\"wppb-form-field login-password\">\n\t\t\t\t<label for=\"wppb_user_pass\">Password<\/label>\n\t\t\t\t<span class=\"wppb-password-field-container\">\n\t\t\t\t    <input type=\"password\" name=\"pwd\" id=\"wppb_user_pass\" class=\"input\" value=\"\" size=\"20\" \/>\n\t\t\t\t     <!-- add the HTML for the visibility toggle -->\n\t\t\t\t<\/span>\n            <\/p>\n\t\t\t\n\t\t\t\n\t\t\t<p class=\"wppb-form-field login-remember\"><input name=\"rememberme\" type=\"checkbox\" id=\"rememberme\" value=\"forever\" \/><label for=\"rememberme\">Remember Me<\/label><\/p>\n\t\t\t<p class=\"login-submit\">\n\t\t\t\t<input type=\"submit\" name=\"wp-submit\" id=\"wppb-submit\" class=\"button button-primary\" value=\"Log In\"\" \/>\n\t\t\t\t<input type=\"hidden\" name=\"redirect_to\" value=\"https:\/\/hippocrateslap.hu\/tanfolyam\/wp-json\/wp\/v2\/pages\/2558\" \/>\n\t\t\t<\/p>\n\t\t\t<input type=\"hidden\" name=\"wppb_login\" value=\"true\"\/>\n\t\t\t<input type=\"hidden\" name=\"wppb_form_location\" value=\"widget\"\/>\n\t\t\t<input type=\"hidden\" name=\"wppb_request_url\" value=\"https:\/\/hippocrateslap.hu\/tanfolyam\/wp-json\/wp\/v2\/pages\/2558\"\/>\n\t\t\t<input type=\"hidden\" name=\"wppb_lostpassword_url\" value=\"\"\/>\n\t\t\t<input type=\"hidden\" name=\"wppb_redirect_priority\" value=\"\"\/>\n\t\t\t<input type=\"hidden\" name=\"wppb_referer_url\" value=\"\"\/>\n\t\t\t<input type=\"hidden\" id=\"CSRFToken-wppb\" name=\"CSRFToken-wppb\" value=\"4ea02238ef\" \/><input type=\"hidden\" name=\"_wp_http_referer\" value=\"\/tanfolyam\/wp-json\/wp\/v2\/pages\/2558\" \/>\n\t\t\t<input type=\"hidden\" name=\"wppb_redirect_check\" value=\"true\"\/>\n\t\t\t\n\t\t<\/form><script>window.onload = function() { jQuery(document).ready(function($) { $(\"input[name=\\\"log\\\"]\").on(\"keyup\", function() { $(this).val( $.trim($(this).val()) ); }); }); }<\/script><script>if ( document.getElementById(\"rememberme\") ) document.getElementById(\"rememberme\").checked = true;<\/script><\/div><\/p>\n<p style=\"text-align: center;\"><a class=\"button\" href=\"https:\/\/hippocrateslap.hu\/tanfolyam\/regisztracio\/\">Regisztr\u00e1ci\u00f3<\/a><\/p>\n<p style=\"text-align: center;\"><a href=\"https:\/\/hippocrateslap.hu\/tanfolyam\/regisztracio\/uj-jelszo-letrehozasa\/\">Elfelejtette a jelszav\u00e1t?<\/a><\/p>\n<p style=\"text-align: center;\">\n<p style=\"text-align: center;\">\u00a0<\/p>\n<p>&nbsp;<\/p>\n\n<h3><strong>Program:<\/strong><\/h3>\n<p>Program:<br \/>\n10.25 Megnyit\u00f3<\/p>\n<p>I. blokk (<strong>Bayer Hung\u00e1ria Kft.<\/strong> Szimp\u00f3ziuma)<br \/>\n\u00dcl\u00e9seln\u00f6k: <strong>Prof. Dr. Sepp R\u00f3bert<\/strong> <br \/>\n10.30-10.50 <strong>Prof. Dr. \u00c1brah\u00e1m Gy\u00f6rgy<\/strong>: Milyen szempontokat m\u00e9rlegelj\u00fcnk, ha a pitvarfibrill\u00e1ci\u00f3 diab\u00e9tesszel t\u00e1rsul?<br \/>\n10.50-10.55 Diszkusszi\u00f3<br \/>\n10.55-11.15 <strong>Dr. Vass Andrea<\/strong>: VTE prevenci\u00f3 kiemelt kock\u00e1zat\u00fa betegcsoportokban<br \/>\n11.15-11.20 Diszkusszi\u00f3<br \/>\n11.20-11.40 <strong>Prof. Dr. Nemes Attila<\/strong>: Magas kardiovaszkul\u00e1ris kock\u00e1zat\u00fa t\u00f6bb\u00e9r-betegek antitrombotikus v\u00e9delme<br \/>\n11.40-11.45 Diszkusszi\u00f3<br \/>\n11.45-12.05 <strong>Dr. Kalapos Anita<\/strong>: Ter\u00e1pi\u00e1s lehet\u0151s\u00e9gek, szempontok progredi\u00e1l\u00f3 sz\u00edvel\u00e9gtelen betegekn\u00e9l<br \/>\n12.05-12.10 Diszkusszi\u00f3<\/p>\n<p>12.10-13.00 <em>Eb\u00e9dsz\u00fcnet<\/em><\/p>\n<p>II. blokk (<strong>Merck Kft.<\/strong> Szimp\u00f3ziuma)<br \/>\n13.00-13.30 <strong>Prof. Dr. Sepp R\u00f3bert:<\/strong> A titr\u00e1l\u00e1s jelent\u0151s\u00e9ge a sz\u00edvel\u00e9gtelen betegek gondoz\u00e1s\u00e1ban <br \/>\n13.30-14.00 <strong>Prof. Dr. \u00c1brah\u00e1m Gy\u00f6rgy:<\/strong> A beteg egy\u00fcttm\u0171k\u00f6d\u00e9s kialak\u00edt\u00e1s\u00e1nak kih\u00edv\u00e1sai a diab\u00e9tesz korai szakasz\u00e1ban<br \/>\n14.00-14.30 <strong>Dr. Valkusz Zsuzsanna:<\/strong> Mit, mikor, hogyan kezeljen a h\u00e1ziorvos hypothyreosis gyan\u00faja eset\u00e9n?!<\/p>\n<p>III. (<strong>Magyar \u00c1rtalomcs\u00f6kkent\u0151 \u00e9s K\u00f6rnyezeti Betegs\u00e9gekkel Foglalkoz\u00f3 Tudom\u00e1nyos Egyes\u00fclet<\/strong> Szimp\u00f3ziuma)<br \/>\n14.30-14.50 <strong>Dr. Toldy-Schedel Emil:<\/strong> Az \u00e1rtalomcs\u00f6kkent\u00e9s szerepe \u00e9s gyakorlata, fejl\u0151d\u00e9si lehet\u0151s\u00e9gei Magyarorsz\u00e1gon<\/p>\n<p>14.50- 13-\u00e1n 24.00-ig teszt\u00edr\u00e1s<\/p>\n<p>&nbsp;<\/p>\n","protected":false},"excerpt":{"rendered":"<p>2022. febru\u00e1r 12.\u00a0 A v\u00e1ndorgy\u0171l\u00e9s a PTE KK I. Belgy\u00f3gy\u00e1szati Klinika hivatalos, akkredit\u00e1lt el\u0151ad\u00e1sait tartalmazza. A szabadon v\u00e1laszthat\u00f3 tov\u00e1bbk\u00e9pz\u00e9st h\u00e1ziorvosok, belgy\u00f3gy\u00e1szok, \u00fczemorvosok \u00e9s szakir\u00e1ny\u00fa szakk\u00e9pes\u00edt\u00e9s n\u00e9lk\u00fcli orvosok r\u00e9sz\u00e9re akkredit\u00e1lt\u00e1k. Kredit\u00e9rt\u00e9k: 13 pont Az el\u0151ad\u00e1sokban szerepl\u0151 inform\u00e1ci\u00f3k az el\u0151ad\u00f3(k) eredm\u00e9nyeit \u00e9s v\u00e9lem\u00e9ny\u00e9t t\u00fckr\u00f6zik. A megeml\u00edtett term\u00e9kek haszn\u00e1latakor az \u00e9rv\u00e9nyes alkalmaz\u00e1si el\u0151\u00edr\u00e1s az ir\u00e1nyad\u00f3. \u00a0 &nbsp; Program: &#8230; <a title=\"HIPPOCRATES V\u00c1NDORGY\u0170L\u00c9S &#8211; Szeged\" class=\"read-more\" href=\"https:\/\/hippocrateslap.hu\/tanfolyam\/online-tovabbkepzesek-2022\/hippocrates-vandorgyules-szeged\/\" aria-label=\"Read more about HIPPOCRATES V\u00c1NDORGY\u0170L\u00c9S &#8211; Szeged\">Olvass tov\u00e1bb<\/a><\/p>\n","protected":false},"author":82,"featured_media":0,"parent":1511,"menu_order":11,"comment_status":"closed","ping_status":"closed","template":"","meta":{"footnotes":""},"class_list":["post-2558","page","type-page","status-publish"],"publishpress_future_action":{"enabled":false,"date":"2026-04-11 09:44:50","action":"change-status","newStatus":"private","terms":[],"taxonomy":"","extraData":[]},"publishpress_future_workflow_manual_trigger":{"enabledWorkflows":[]},"_links":{"self":[{"href":"https:\/\/hippocrateslap.hu\/tanfolyam\/wp-json\/wp\/v2\/pages\/2558","targetHints":{"allow":["GET"]}}],"collection":[{"href":"https:\/\/hippocrateslap.hu\/tanfolyam\/wp-json\/wp\/v2\/pages"}],"about":[{"href":"https:\/\/hippocrateslap.hu\/tanfolyam\/wp-json\/wp\/v2\/types\/page"}],"author":[{"embeddable":true,"href":"https:\/\/hippocrateslap.hu\/tanfolyam\/wp-json\/wp\/v2\/users\/82"}],"replies":[{"embeddable":true,"href":"https:\/\/hippocrateslap.hu\/tanfolyam\/wp-json\/wp\/v2\/comments?post=2558"}],"version-history":[{"count":19,"href":"https:\/\/hippocrateslap.hu\/tanfolyam\/wp-json\/wp\/v2\/pages\/2558\/revisions"}],"predecessor-version":[{"id":3458,"href":"https:\/\/hippocrateslap.hu\/tanfolyam\/wp-json\/wp\/v2\/pages\/2558\/revisions\/3458"}],"up":[{"embeddable":true,"href":"https:\/\/hippocrateslap.hu\/tanfolyam\/wp-json\/wp\/v2\/pages\/1511"}],"wp:attachment":[{"href":"https:\/\/hippocrateslap.hu\/tanfolyam\/wp-json\/wp\/v2\/media?parent=2558"}],"curies":[{"name":"wp","href":"https:\/\/api.w.org\/{rel}","templated":true}]}}