{"id":2315,"date":"2021-12-28T13:12:06","date_gmt":"2021-12-28T13:12:06","guid":{"rendered":"https:\/\/hippocrateslap.hu\/tanfolyam\/?page_id=2315"},"modified":"2025-02-28T09:21:46","modified_gmt":"2025-02-28T08:21:46","slug":"probiotikumok-es-a-belflora","status":"publish","type":"page","link":"https:\/\/hippocrateslap.hu\/tanfolyam\/online-tovabbkepzesek-2022\/probiotikumok-es-a-belflora\/","title":{"rendered":"Probiotikumok \u00e9s a b\u00e9lfl\u00f3ra"},"content":{"rendered":"<p>B\u00e9k\u00e9s egy\u00fctt\u00e9l\u00e9s \u2014 <strong>PROBIOTIKUMOK \u00c9S A B\u00c9LFL\u00d3RA<\/strong><br \/>\nA hum\u00e1n b\u00e9lfl\u00f3ra-mikrobiom \u00e9s annak k\u00f3ros \u00e1llapotai; a diagn\u00f3zist\u00f3l a ter\u00e1pi\u00e1ig, kieg\u00e9sz\u00edt\u0151 ter\u00e1pia lehet\u0151s\u00e9gei probiotikummal<br \/>\n<strong>Online t\u00e1voktat\u00e1s<\/strong><br \/>\n<strong>2022. I. 01 \u2014 VI.30.<\/strong><\/p>\n<p>&nbsp;<\/p>\n<p>A sikeres tesztet k\u00f6vet\u0151en <strong>14 kreditpontot<\/strong> jelent az al\u00e1bbi ter\u00fclet szakorvosainak:<br \/>\n\u2014 allergol\u00f3gia \u00e9s klinikai immunol\u00f3gia<br \/>\n\u2014 belgy\u00f3gy\u00e1szat<br \/>\n\u2014 csecsem\u0151- \u00e9s gyermekgy\u00f3gy\u00e1szat<br \/>\n\u2014 gasztroenterol\u00f3gia<br \/>\n\u2014 h\u00e1ziorvostan<br \/>\n\u2014 sz\u00fcl\u00e9szet-n\u0151gy\u00f3gy\u00e1szat<\/p>\n<p>&nbsp;<\/p>\n<p>A tanfolyamon val\u00f3 r\u00e9szv\u00e9telhez k\u00e9rj\u00fck regisztr\u00e1ljon. Ha m\u00e1r kor\u00e1bban regisztr\u00e1lt, akkor csak bejelentkeznie sz\u00fcks\u00e9ges.<\/p>\n<p>Az el\u0151ad\u00e1sokban szerepl\u0151 inform\u00e1ci\u00f3k az el\u0151ad\u00f3(k) eredm\u00e9nyeit \u00e9s v\u00e9lem\u00e9ny\u00e9t t\u00fckr\u00f6zik. A megeml\u00edtett term\u00e9kek haszn\u00e1latakor az \u00e9rv\u00e9nyes alkalmaz\u00e1si el\u0151\u00edr\u00e1s az ir\u00e1nyad\u00f3.<\/p>\n<p>Minden jog fenntartva!<\/p>\n<p>\u00a0<img loading=\"lazy\" decoding=\"async\" class=\"alignnone size-medium wp-image-2326\" src=\"https:\/\/hippocrateslap.hu\/tanfolyam\/wp-content\/uploads\/2021\/12\/vitaminkosar_logo-300x49.jpg\" alt=\"\" width=\"300\" height=\"49\" srcset=\"https:\/\/hippocrateslap.hu\/tanfolyam\/wp-content\/uploads\/2021\/12\/vitaminkosar_logo-300x49.jpg 300w, https:\/\/hippocrateslap.hu\/tanfolyam\/wp-content\/uploads\/2021\/12\/vitaminkosar_logo.jpg 724w\" sizes=\"auto, (max-width: 300px) 100vw, 300px\" \/><\/p>\n<p>&nbsp;<\/p>\n\n\n<p>&nbsp;<\/p>\n<p><strong>Program:\u00a0<\/strong><\/p>\n<p><strong>1. Dr. Budai Marianna: A probiotikumok helye \u00e9s v\u00e1laszt\u00e9ka a magyar gy\u00f3gyszerpiacon<\/strong><br \/>\n<strong>2. Dr. Hidv\u00e9gi Edit: A probiotikumok szerepe a csecsem\u0151-gyermekgy\u00f3gy\u00e1szatban <\/strong><br \/>\n<strong>3. Dr. Wacha Judit: Az emberi mikrobi\u00f3ta diszbi\u00f3zis\u00e1nak szerepe a kr\u00f3nikus betegs\u00e9gek l\u00e9trej\u00f6tt\u00e9ben <\/strong><br \/>\n<strong>4. Dr. Sz\u00e9kely Gy\u00f6rgy: A hum\u00e1n b\u00e9lfl\u00f3ra mikrobiom \u00e9s annak k\u00f3ros \u00e1llapotai a diagn\u00f3zist\u00f3l a ter\u00e1pi\u00e1ig<\/strong><br \/>\n<strong>5. Dr. Gyurkovics Bence: A probiotikumok szerepe a n\u0151gy\u00f3gy\u00e1szat ter\u00fclet\u00e9n<\/strong><br \/>\n<strong>6. Dr. Deepti Aswani: Microbiom\u00a0 B\u00e9l \u2014\u00a0 Agy Tengely (BAT)<\/strong><br \/>\n<strong>7. Dr. Mang\u00f3 Gabriella: Az eg\u00e9szs\u00e9ges b\u00e9lfl\u00f3ra \u00e9s immunrendszer jelent\u0151s\u00e9ge a Covid-19 megel\u0151z\u00e9se \u00e9s kezel\u00e9se ter\u00e9n a h\u00e1ziorvosi gyakorlatban<\/strong><\/p>\n<p>&nbsp;<\/p>\n<\/p>\n<h3><strong>Bejelentkez\u00e9s<\/strong><\/h3>\n<p>A teszt kit\u00f6lt\u00e9s\u00e9hez jelentkezzen be, vagy regisztr\u00e1ljon!<\/p>\n<p>&nbsp;<\/p>\n<p><div id=\"wppb-login-wrap\" class=\"wppb-user-forms\">\n\t\t<form name=\"wppb-loginform\" id=\"wppb-loginform\" class=\"\" action=\"https:\/\/hippocrateslap.hu\/tanfolyam\/wp-json\/wp\/v2\/pages\/2315\" method=\"post\">\n\t\t\t\n\t\t\t<p class=\"wppb-form-field login-username\">\n\t\t\t\t<label for=\"wppb_user_login\">Email<\/label>\n\t\t\t\t<input type=\"email\" name=\"log\" id=\"wppb_user_login\" class=\"input\" value=\"\" size=\"20\" \/>\n\t\t\t<\/p>\n\t\t\t<p class=\"wppb-form-field login-password\">\n\t\t\t\t<label for=\"wppb_user_pass\">Password<\/label>\n\t\t\t\t<span class=\"wppb-password-field-container\">\n\t\t\t\t    <input type=\"password\" name=\"pwd\" id=\"wppb_user_pass\" class=\"input\" value=\"\" size=\"20\" \/>\n\t\t\t\t     <!-- add the HTML for the visibility toggle -->\n\t\t\t\t<\/span>\n            <\/p>\n\t\t\t\n\t\t\t\n\t\t\t<p class=\"wppb-form-field login-remember\"><input name=\"rememberme\" type=\"checkbox\" id=\"rememberme\" value=\"forever\" \/><label for=\"rememberme\">Remember Me<\/label><\/p>\n\t\t\t<p class=\"login-submit\">\n\t\t\t\t<input type=\"submit\" name=\"wp-submit\" id=\"wppb-submit\" class=\"button button-primary\" value=\"Log In\"\" \/>\n\t\t\t\t<input type=\"hidden\" name=\"redirect_to\" value=\"https:\/\/hippocrateslap.hu\/tanfolyam\/wp-json\/wp\/v2\/pages\/2315\" \/>\n\t\t\t<\/p>\n\t\t\t<input type=\"hidden\" name=\"wppb_login\" value=\"true\"\/>\n\t\t\t<input type=\"hidden\" name=\"wppb_form_location\" value=\"widget\"\/>\n\t\t\t<input type=\"hidden\" name=\"wppb_request_url\" value=\"https:\/\/hippocrateslap.hu\/tanfolyam\/wp-json\/wp\/v2\/pages\/2315\"\/>\n\t\t\t<input type=\"hidden\" name=\"wppb_lostpassword_url\" value=\"\"\/>\n\t\t\t<input type=\"hidden\" name=\"wppb_redirect_priority\" value=\"\"\/>\n\t\t\t<input type=\"hidden\" name=\"wppb_referer_url\" value=\"\"\/>\n\t\t\t<input type=\"hidden\" id=\"CSRFToken-wppb\" name=\"CSRFToken-wppb\" value=\"af79479814\" \/><input type=\"hidden\" name=\"_wp_http_referer\" value=\"\/tanfolyam\/wp-json\/wp\/v2\/pages\/2315\" \/>\n\t\t\t<input type=\"hidden\" name=\"wppb_redirect_check\" value=\"true\"\/>\n\t\t\t\n\t\t<\/form><script>window.onload = function() { jQuery(document).ready(function($) { $(\"input[name=\\\"log\\\"]\").on(\"keyup\", function() { $(this).val( $.trim($(this).val()) ); }); }); }<\/script><script>if ( document.getElementById(\"rememberme\") ) document.getElementById(\"rememberme\").checked = true;<\/script><\/div><\/p>\n<p>&nbsp;<\/p>\n<p><a class=\"button\" href=\"https:\/\/hippocrateslap.hu\/tanfolyam\/regisztracio\/\">Regisztr\u00e1ci\u00f3<\/a><\/p>\n<p>&nbsp;<\/p>\n<p><a class=\"button\" href=\"https:\/\/hippocrateslap.hu\/tanfolyam\/regisztracio\/uj-jelszo-letrehozasa\/\">Elfelejtette a jelszav\u00e1t?<\/a><br \/>\n\n\n<p>&nbsp;<\/p>\n<p><strong>Technikai seg\u00edts\u00e9g:<\/strong> Tel.:+36-30-9404138, E-mail: hippoc@t-online.hu<\/p>\n<p>&nbsp;<\/p>\n<p>A be\u00e9rkez\u0151 sikeres tesztek alapj\u00e1n minden h\u00f3nap utols\u00f3 napj\u00e1n a tesztet kit\u00f6lt\u0151k adatait felt\u00f6ltj\u00fck az <strong>oftex port\u00e1l<\/strong>ra.<br \/>\nAz egyetemek \u00e1ltal\u00e1ban 1 h\u00e9t alatt j\u00f3v\u00e1\u00edrj\u00e1k a pontokat.<br \/>\nHa valaki nem kapja meg a 14 kreditpontot k\u00e9t h\u00e9ten bel\u00fcl (a h\u00f3nap utols\u00f3 napj\u00e1hoz viszony\u00edtva), k\u00e9rem, jelezze sz\u00e1munkra, \u00e9s ut\u00e1naj\u00e1runk a k\u00e9s\u00e9snek.<\/p>\n<p>&nbsp;<\/p>\n","protected":false},"excerpt":{"rendered":"<p>B\u00e9k\u00e9s egy\u00fctt\u00e9l\u00e9s \u2014 PROBIOTIKUMOK \u00c9S A B\u00c9LFL\u00d3RA A hum\u00e1n b\u00e9lfl\u00f3ra-mikrobiom \u00e9s annak k\u00f3ros \u00e1llapotai; a diagn\u00f3zist\u00f3l a ter\u00e1pi\u00e1ig, kieg\u00e9sz\u00edt\u0151 ter\u00e1pia lehet\u0151s\u00e9gei probiotikummal Online t\u00e1voktat\u00e1s 2022. I. 01 \u2014 VI.30. &nbsp; A sikeres tesztet k\u00f6vet\u0151en 14 kreditpontot jelent az al\u00e1bbi ter\u00fclet szakorvosainak: \u2014 allergol\u00f3gia \u00e9s klinikai immunol\u00f3gia \u2014 belgy\u00f3gy\u00e1szat \u2014 csecsem\u0151- \u00e9s gyermekgy\u00f3gy\u00e1szat \u2014 gasztroenterol\u00f3gia \u2014 &#8230; <a title=\"Probiotikumok \u00e9s a b\u00e9lfl\u00f3ra\" class=\"read-more\" href=\"https:\/\/hippocrateslap.hu\/tanfolyam\/online-tovabbkepzesek-2022\/probiotikumok-es-a-belflora\/\" aria-label=\"Read more about Probiotikumok \u00e9s a b\u00e9lfl\u00f3ra\">Olvass tov\u00e1bb<\/a><\/p>\n","protected":false},"author":82,"featured_media":0,"parent":1511,"menu_order":5,"comment_status":"closed","ping_status":"closed","template":"","meta":{"footnotes":""},"class_list":["post-2315","page","type-page","status-publish"],"publishpress_future_action":{"enabled":false,"date":"2026-04-15 15:12:49","action":"change-status","newStatus":"private","terms":[],"taxonomy":"","extraData":[]},"publishpress_future_workflow_manual_trigger":{"enabledWorkflows":[]},"_links":{"self":[{"href":"https:\/\/hippocrateslap.hu\/tanfolyam\/wp-json\/wp\/v2\/pages\/2315","targetHints":{"allow":["GET"]}}],"collection":[{"href":"https:\/\/hippocrateslap.hu\/tanfolyam\/wp-json\/wp\/v2\/pages"}],"about":[{"href":"https:\/\/hippocrateslap.hu\/tanfolyam\/wp-json\/wp\/v2\/types\/page"}],"author":[{"embeddable":true,"href":"https:\/\/hippocrateslap.hu\/tanfolyam\/wp-json\/wp\/v2\/users\/82"}],"replies":[{"embeddable":true,"href":"https:\/\/hippocrateslap.hu\/tanfolyam\/wp-json\/wp\/v2\/comments?post=2315"}],"version-history":[{"count":29,"href":"https:\/\/hippocrateslap.hu\/tanfolyam\/wp-json\/wp\/v2\/pages\/2315\/revisions"}],"predecessor-version":[{"id":3452,"href":"https:\/\/hippocrateslap.hu\/tanfolyam\/wp-json\/wp\/v2\/pages\/2315\/revisions\/3452"}],"up":[{"embeddable":true,"href":"https:\/\/hippocrateslap.hu\/tanfolyam\/wp-json\/wp\/v2\/pages\/1511"}],"wp:attachment":[{"href":"https:\/\/hippocrateslap.hu\/tanfolyam\/wp-json\/wp\/v2\/media?parent=2315"}],"curies":[{"name":"wp","href":"https:\/\/api.w.org\/{rel}","templated":true}]}}