{"id":2195,"date":"2023-07-28T13:45:24","date_gmt":"2021-11-23T13:58:41","guid":{"rendered":"https:\/\/hippocrateslap.hu\/tanfolyam\/?page_id=2195"},"modified":"2025-02-28T09:21:46","modified_gmt":"2025-02-28T08:21:46","slug":"2021online-lejart-rendezvenyek","status":"publish","type":"page","link":"https:\/\/hippocrateslap.hu\/tanfolyam\/2021online-lejart-rendezvenyek\/","title":{"rendered":"Online tov\u00e1bbk\u00e9pz\u00e9sek 2021"},"content":{"rendered":"<p style=\"text-align: center;\">2021 Online Rendezv\u00e9nyek:<\/p>\n<p>&nbsp;<\/p>\n<p style=\"text-align: center;\"><a href=\"https:\/\/hippocrateslap.hu\/tanfolyam\/2021online-lejart-rendezvenyek\/mkt-hippocrates-specialista-napok-2021-november-25-december-2-december-9\/\">MKT \u2013 Hippocrates Specialista Online Est\u00e9k, 2021. XI. 25., XII. 2., XII. 9.<\/a><\/p>\n<p>&nbsp;<\/p>\n<p style=\"text-align: center;\"><a class=\"button\" href=\"https:\/\/hippocrateslap.hu\/tanfolyam\/online-tovabbkepzesek-2021\/hippocrates-csaladorvosi-szimpoziumok-baja-2021-09-04\/\">Hippocrates Csal\u00e1dorvosi Szimp\u00f3ziumok &#8211; Baja<\/a><\/p>\n<p>&nbsp;<\/p>\n<p style=\"text-align: center;\"><a class=\"button\" href=\"https:\/\/hippocrateslap.hu\/tanfolyam\/online-tovabbkepzesek-2021\/hippocrates-diabetologiai-hetvege\/\">Diabetol\u00f3gia H\u00e9tv\u00e9ge<\/a><\/p>\n<p style=\"text-align: center;\">\u00a0<\/p>\n<p style=\"text-align: center;\"><a class=\"button\" href=\"https:\/\/hippocrateslap.hu\/tanfolyam\/online-tovabbkepzesek-2021\/hippocrates-gyogyszeresz-online-venas-randevuk\/\">Hippocrates Gy\u00f3gyszer\u00e9sz Online V\u00e9n\u00e1s Randev\u00fak<\/a><\/p>\n<p style=\"text-align: center;\">\u00a0<\/p>\n<p style=\"text-align: center;\"><a class=\"button\" href=\"https:\/\/hippocrateslap.hu\/tanfolyam\/online-tovabbkepzesek-2021\/mkt-hippocrates-specialista-hetvege\/\">MKT \u2013 Hippocrates Specialista H\u00e9tv\u00e9ge 2021. j\u00fanius12-13.<\/a><\/p>\n","protected":false},"excerpt":{"rendered":"<p>2021 Online Rendezv\u00e9nyek: &nbsp; MKT \u2013 Hippocrates Specialista Online Est\u00e9k, 2021. XI. 25., XII. 2., XII. 9. &nbsp; Hippocrates Csal\u00e1dorvosi Szimp\u00f3ziumok &#8211; Baja &nbsp; Diabetol\u00f3gia H\u00e9tv\u00e9ge \u00a0 Hippocrates Gy\u00f3gyszer\u00e9sz Online V\u00e9n\u00e1s Randev\u00fak \u00a0 MKT \u2013 Hippocrates Specialista H\u00e9tv\u00e9ge 2021. j\u00fanius12-13.<\/p>\n","protected":false},"author":82,"featured_media":0,"parent":0,"menu_order":7,"comment_status":"closed","ping_status":"closed","template":"","meta":{"footnotes":""},"class_list":["post-2195","page","type-page","status-publish"],"publishpress_future_action":{"enabled":false,"date":"2026-05-01 10:59:48","action":"change-status","newStatus":"private","terms":[],"taxonomy":"","extraData":[]},"publishpress_future_workflow_manual_trigger":{"enabledWorkflows":[]},"_links":{"self":[{"href":"https:\/\/hippocrateslap.hu\/tanfolyam\/wp-json\/wp\/v2\/pages\/2195","targetHints":{"allow":["GET"]}}],"collection":[{"href":"https:\/\/hippocrateslap.hu\/tanfolyam\/wp-json\/wp\/v2\/pages"}],"about":[{"href":"https:\/\/hippocrateslap.hu\/tanfolyam\/wp-json\/wp\/v2\/types\/page"}],"author":[{"embeddable":true,"href":"https:\/\/hippocrateslap.hu\/tanfolyam\/wp-json\/wp\/v2\/users\/82"}],"replies":[{"embeddable":true,"href":"https:\/\/hippocrateslap.hu\/tanfolyam\/wp-json\/wp\/v2\/comments?post=2195"}],"version-history":[{"count":6,"href":"https:\/\/hippocrateslap.hu\/tanfolyam\/wp-json\/wp\/v2\/pages\/2195\/revisions"}],"predecessor-version":[{"id":3646,"href":"https:\/\/hippocrateslap.hu\/tanfolyam\/wp-json\/wp\/v2\/pages\/2195\/revisions\/3646"}],"wp:attachment":[{"href":"https:\/\/hippocrateslap.hu\/tanfolyam\/wp-json\/wp\/v2\/media?parent=2195"}],"curies":[{"name":"wp","href":"https:\/\/api.w.org\/{rel}","templated":true}]}}