{"id":2176,"date":"2021-11-09T15:03:15","date_gmt":"2021-11-09T15:03:15","guid":{"rendered":"https:\/\/hippocrateslap.hu\/tanfolyam\/?page_id=2176"},"modified":"2025-02-28T09:21:46","modified_gmt":"2025-02-28T08:21:46","slug":"mkt-hippocrates-specialista-napok-2021-november-25-december-2-december-9","status":"publish","type":"page","link":"https:\/\/hippocrateslap.hu\/tanfolyam\/2021online-lejart-rendezvenyek\/mkt-hippocrates-specialista-napok-2021-november-25-december-2-december-9\/","title":{"rendered":"MKT &#8211; Hippocrates Specialista Online Est\u00e9k, 2021. XI. 25., XII. 2., XII. 9."},"content":{"rendered":"<p><img loading=\"lazy\" decoding=\"async\" class=\"alignnone size-medium wp-image-2211\" src=\"https:\/\/hippocrateslap.hu\/tanfolyam\/wp-content\/uploads\/2021\/11\/servier-300x225.jpg\" alt=\"\" width=\"300\" height=\"225\" srcset=\"https:\/\/hippocrateslap.hu\/tanfolyam\/wp-content\/uploads\/2021\/11\/servier-300x225.jpg 300w, https:\/\/hippocrateslap.hu\/tanfolyam\/wp-content\/uploads\/2021\/11\/servier-768x576.jpg 768w, https:\/\/hippocrateslap.hu\/tanfolyam\/wp-content\/uploads\/2021\/11\/servier.jpg 800w\" sizes=\"auto, (max-width: 300px) 100vw, 300px\" \/><\/p>\n<p>\n<strong>2021. november 25., december 02., december 09.; cs\u00fct\u00f6rt\u00f6k\u00f6nk\u00e9nt, 18.00\u201319.35 \u00f3r\u00e1ig<\/strong><\/p>\n<p>&nbsp;<\/p>\n<p>Az el\u0151ad\u00e1sokban szerepl\u0151 inform\u00e1ci\u00f3k az el\u0151ad\u00f3(k) eredm\u00e9nyeit \u00e9s v\u00e9lem\u00e9ny\u00e9t t\u00fckr\u00f6zik. A megeml\u00edtett term\u00e9kek haszn\u00e1latakor az \u00e9rv\u00e9nyes alkalmaz\u00e1si el\u0151\u00edr\u00e1s az ir\u00e1nyad\u00f3. Minden jog fenntartva!<\/p>\n<p>&nbsp;<\/p>\n<p>A tanfolyamon val\u00f3 r\u00e9szv\u00e9telhez k\u00e9rj\u00fck <strong>regisztr\u00e1ljon<\/strong>. Ha m\u00e1r kor\u00e1bban regisztr\u00e1lt, akkor <strong>csak bejelentkeznie<\/strong> sz\u00fcks\u00e9ges.<\/p>\n<p>&nbsp;<\/p>\n<p>Teszt kit\u00f6lt\u00e9se: 2021. december 09-\u00e9n 19.35-t\u0151l december 15.\u00a0 24.00 \u00f3r\u00e1ig lehets\u00e9ges. A teszt megnyit\u00e1sa ut\u00e1n <strong>a teszt<\/strong> kit\u00f6lt\u00e9s\u00e9hez <strong>30 perc<\/strong> \u00e1ll rendelkez\u00e9s\u00e9re. A vizsg\u00e1z\u00f3k a teszt kit\u00f6lt\u00e9s\u00e9nek siker\u00e9r\u0151l\/sikertelens\u00e9g\u00e9r\u0151l visszajelz\u00e9st kapnak.<\/p>\n<p>&nbsp;<\/p>\n<p>Az esetleges k\u00e9rd\u00e9sekkel, felmer\u00fcl\u0151 probl\u00e9m\u00e1kkal kapcsolatban az al\u00e1bbi telefonsz\u00e1mokon v\u00e1rjuk jelz\u00e9s\u00fcket:\u00a0 <strong>+36-30\/94-04-138.<\/strong><\/p>\n<p>&nbsp;<\/p>\n<p>A vide\u00f3k megtekint\u00e9s\u00e9hez, k\u00e9rj\u00fck, haszn\u00e1lja a leg\u00fajabb Firefox, Edge vagy Chrome b\u00f6ng\u00e9sz\u0151ket. Az akadoz\u00e1smentes megtekint\u00e9shez gyors internetkapcsolatra van sz\u00fcks\u00e9g.<\/p>\n<p>&nbsp;<\/p>\n<p><a class=\"button\" href=\"https:\/\/hippocrateslap.hu\/tanfolyam\/online-tovabbkepzesek-2021\/mkt-hippocrates-specialista-napok-2021-november-25-december-2-december-9\/teszt\/\">Teszt<\/a><\/p>\n<p>&nbsp;<\/p>\n<p>&nbsp;<\/p>\n<h2>Program<\/h2>\n<p><strong>MKT-Hippocrates Specialista Online Est\u00e9k<\/strong><br \/>\n<strong>2021. november 25. 18.00 \u2013 19.35<\/strong><br \/>\n\u00dcl\u00e9seln\u00f6k: <strong>Prof. Dr. Forster Tam\u00e1s<\/strong><br \/>\n18.00-18.05 <strong>Puber Anik\u00f3:<\/strong> A rendezv\u00e9ny sorozat r\u00f6vid bevezet\u0151je<br \/>\n18.05-18.30 <strong>Dr. K\u0151szegi Zsolt:<\/strong> A COVID-19 j\u00e1rv\u00e1ny kardiovaszkul\u00e1ris vonatkoz\u00e1sai<br \/>\n18.30-18.55 <strong>Prof. Dr. \u00c1brah\u00e1m Gy\u00f6rgy:<\/strong> Hipert\u00f3nia ell\u00e1t\u00e1s a korona v\u00edrus \u00e1rny\u00e9k\u00e1ban<br \/>\n18.55-19.20 <strong>Prof. Dr. Forster Tam\u00e1s:<\/strong> A kardiol\u00f3gus, az angin\u00e1s betegek \u00e9s a gy\u00f3gyszeres kezel\u00e9s tri\u00e1sza COVID idej\u00e9n<br \/>\n19.15-19.35 Diszkusszi\u00f3<\/p>\n<p><strong>MKT-Hippocrates Specialista Online Est\u00e9k<\/strong><br \/>\n<strong>2021. december 02. 18.00 \u2013 19.35<\/strong><br \/>\n\u00dcl\u00e9seln\u00f6k: <strong>Prof. Dr. Sepp R\u00f3bert<\/strong><br \/>\n18.00-18.20 <strong>Dr. Kracsk\u00f3 Bertalan:<\/strong> COVID-19 fert\u0151z\u00e9s \u00e9s endotheli\u00e1lis diszfunkci\u00f3<br \/>\n18.20-18.40 <strong>Prof. Dr. Sepp R\u00f3bert:<\/strong> V\u00e1ltoz\u00e1sok a HFrEF kezel\u00e9s\u00e9ben az ESC aj\u00e1nl\u00e1s t\u00fckr\u00e9ben<br \/>\n18.40-19.00 <strong>Dr. Herczeg B\u00e9la:<\/strong> A sz\u00edvfrekvencia jelent\u0151s\u00e9ge a koszor\u00fa\u00e9r-betegs\u00e9g \u00e9s a sz\u00edvel\u00e9gtelens\u00e9g kezel\u00e9s\u00e9ben<br \/>\n19.00-19.20 <strong>Dr. F\u00fcl\u00f6p Tibor:<\/strong> COVID-19 \u00e9s diab\u00e9tesz<br \/>\n19.20-19.35 Diszkusszi\u00f3<\/p>\n<p>&nbsp;<\/p>\n<p><strong>MKT-Hippocrates Specialista Online Est\u00e9k<\/strong><br \/>\n<strong>2021. december 09. 18.00 \u2013 19.35<\/strong><br \/>\n\u00dcl\u00e9seln\u00f6k: <strong>Prof. Dr. Csan\u00e1di Zolt\u00e1n<\/strong><br \/>\n18.00-18.20 <strong>Prof. Dr. Csan\u00e1di Zolt\u00e1n:<\/strong> COVID-19 \u00e9s ritmuszavarok, k\u00fcl\u00f6n\u00f6s tekintettel a pitvarfibrill\u00e1ci\u00f3ra<br \/>\n18.20-18.40 <strong>Dr. Borb\u00e9ly Attila:<\/strong> A sz\u00edvel\u00e9gtelens\u00e9g kezel\u00e9se helyzete \u00e9s a sz\u00edvel\u00e9gtelens\u00e9g vizsg\u00e1latok a COVID-19 j\u00e1rv\u00e1ny idej\u00e9n<br \/>\n18.40-19.00 <strong>Dr. Barta Judit:<\/strong> COVID-19 \u00e9s pulmon\u00e1lis emb\u00f3lia, az antikoagul\u00e1ci\u00f3 lehet\u0151s\u00e9gei<br \/>\n19.00-19.20 <strong>Dr. Gavall\u00e9r Henriette:<\/strong> A mindennapok kardiol\u00f3gi\u00e1ja: tanuls\u00e1gos esetek a COVID-19 j\u00e1rv\u00e1ny alatt<br \/>\n19.20-19.35 Diszkusszi\u00f3<br \/>\n19.35-\u00a0 \u00a0 \u00a0 \u00a0 \u00a0 \u00a0<strong>Teszt kit\u00f6lt\u00e9se <\/strong>(december 12. 24.00 \u00f3r\u00e1ig)<\/p>\n<p>&nbsp;<\/p>\n<p>A program a <strong>PTE KK I. Belgy\u00f3gy\u00e1szati Klinika<\/strong> hivatalos, akkredit\u00e1lt el\u0151ad\u00e1sait tartalmazza.<br \/>\nA szabadon v\u00e1laszthat\u00f3 tov\u00e1bbk\u00e9pz\u00e9s <strong>kardiol\u00f3gusok, kardiol\u00f3giai rehabilit\u00e1ci\u00f3ban dolgoz\u00f3 szakorvosok <\/strong>\u00e9s<strong> belgy\u00f3gy\u00e1szok<\/strong> r\u00e9sz\u00e9re ker\u00fclt akkredit\u00e1l\u00e1sra.<\/p>\n<p><strong>Megszerezhet\u0151 kredit: 16 pont.<\/strong><\/p>\n","protected":false},"excerpt":{"rendered":"<p>2021. november 25., december 02., december 09.; cs\u00fct\u00f6rt\u00f6k\u00f6nk\u00e9nt, 18.00\u201319.35 \u00f3r\u00e1ig &nbsp; Az el\u0151ad\u00e1sokban szerepl\u0151 inform\u00e1ci\u00f3k az el\u0151ad\u00f3(k) eredm\u00e9nyeit \u00e9s v\u00e9lem\u00e9ny\u00e9t t\u00fckr\u00f6zik. A megeml\u00edtett term\u00e9kek haszn\u00e1latakor az \u00e9rv\u00e9nyes alkalmaz\u00e1si el\u0151\u00edr\u00e1s az ir\u00e1nyad\u00f3. Minden jog fenntartva! &nbsp; A tanfolyamon val\u00f3 r\u00e9szv\u00e9telhez k\u00e9rj\u00fck regisztr\u00e1ljon. Ha m\u00e1r kor\u00e1bban regisztr\u00e1lt, akkor csak bejelentkeznie sz\u00fcks\u00e9ges. &nbsp; Teszt kit\u00f6lt\u00e9se: 2021. december 09-\u00e9n &#8230; <a title=\"MKT &#8211; Hippocrates Specialista Online Est\u00e9k, 2021. XI. 25., XII. 2., XII. 9.\" class=\"read-more\" href=\"https:\/\/hippocrateslap.hu\/tanfolyam\/2021online-lejart-rendezvenyek\/mkt-hippocrates-specialista-napok-2021-november-25-december-2-december-9\/\" aria-label=\"Read more about MKT &#8211; Hippocrates Specialista Online Est\u00e9k, 2021. XI. 25., XII. 2., XII. 9.\">Olvass tov\u00e1bb<\/a><\/p>\n","protected":false},"author":82,"featured_media":0,"parent":2195,"menu_order":0,"comment_status":"closed","ping_status":"closed","template":"","meta":{"footnotes":""},"class_list":["post-2176","page","type-page","status-publish"],"publishpress_future_action":{"enabled":false,"date":"2026-04-24 08:30:14","action":"change-status","newStatus":"private","terms":[],"taxonomy":"","extraData":[]},"publishpress_future_workflow_manual_trigger":{"enabledWorkflows":[]},"_links":{"self":[{"href":"https:\/\/hippocrateslap.hu\/tanfolyam\/wp-json\/wp\/v2\/pages\/2176","targetHints":{"allow":["GET"]}}],"collection":[{"href":"https:\/\/hippocrateslap.hu\/tanfolyam\/wp-json\/wp\/v2\/pages"}],"about":[{"href":"https:\/\/hippocrateslap.hu\/tanfolyam\/wp-json\/wp\/v2\/types\/page"}],"author":[{"embeddable":true,"href":"https:\/\/hippocrateslap.hu\/tanfolyam\/wp-json\/wp\/v2\/users\/82"}],"replies":[{"embeddable":true,"href":"https:\/\/hippocrateslap.hu\/tanfolyam\/wp-json\/wp\/v2\/comments?post=2176"}],"version-history":[{"count":27,"href":"https:\/\/hippocrateslap.hu\/tanfolyam\/wp-json\/wp\/v2\/pages\/2176\/revisions"}],"predecessor-version":[{"id":3460,"href":"https:\/\/hippocrateslap.hu\/tanfolyam\/wp-json\/wp\/v2\/pages\/2176\/revisions\/3460"}],"up":[{"embeddable":true,"href":"https:\/\/hippocrateslap.hu\/tanfolyam\/wp-json\/wp\/v2\/pages\/2195"}],"wp:attachment":[{"href":"https:\/\/hippocrateslap.hu\/tanfolyam\/wp-json\/wp\/v2\/media?parent=2176"}],"curies":[{"name":"wp","href":"https:\/\/api.w.org\/{rel}","templated":true}]}}