{"id":2111,"date":"2021-09-01T08:03:32","date_gmt":"2021-09-01T08:03:32","guid":{"rendered":"https:\/\/hippocrateslap.hu\/tanfolyam\/?page_id=2111"},"modified":"2025-02-28T09:21:46","modified_gmt":"2025-02-28T08:21:46","slug":"hippocrates-csaladorvosi-szimpoziumok-baja-2021-09-04","status":"publish","type":"page","link":"https:\/\/hippocrateslap.hu\/tanfolyam\/2021online-lejart-rendezvenyek\/hippocrates-csaladorvosi-szimpoziumok-baja-2021-09-04\/","title":{"rendered":"Hippocrates Csal\u00e1dorvosi Szimp\u00f3ziumok &#8211; Baja, 2021. IX. 04."},"content":{"rendered":"<p>&nbsp;<\/p>\n<p>&nbsp;<\/p>\n<p>&nbsp;<\/p>\n<p>&nbsp;<\/p>\n\n\n<p>&nbsp;<\/p>\n<p>&nbsp;<\/p>\n<p>&nbsp;<\/p>\n\n\n<p>&nbsp;<\/p>\n<p>El\u00e9rhet\u0151 kredit: <strong>10 pont<\/strong> a teszt kit\u00f6lt\u00e9s\u00e9vel. Kedvezm\u00e9nyezettek: h\u00e1ziorvosok, csecsem\u0151- \u00e9s gyermekgy\u00f3gy\u00e1szok, belgy\u00f3gy\u00e1szok, \u00fczemorvosok \u00e9s szakir\u00e1ny\u00fa szakk\u00e9pes\u00edt\u00e9s n\u00e9lk\u00fcli orvosok\u00a0<\/p>\n<p>&nbsp;<\/p>\n<p>A program a PTE I. Belklinika hivatalos, el\u0151re akkredit\u00e1lt el\u0151ad\u00e1sait tartalmazza.<\/p>\n<p>&nbsp;<\/p>\n<p>Program:<br \/>\n10.30-10.45 Bevezet\u0151, k\u00f6sz\u00f6nt\u0151<br \/>\n10.45-11.05 <strong>Dr. Sas Katalin:<\/strong> F\u00e1bry-betegs\u00e9g \u00e9s neurol\u00f3giai vonatkoz\u00e1sai<br \/>\n11.05-11.10 Diszkusszi\u00f3<br \/>\n11.10-11.30 <strong>Dr. K\u00e1roly \u00c9va:<\/strong> Pompe k\u00f3r: a t\u00fcnetek alapj\u00e1n cseppents\u00fcnk!<br \/>\n11.30-11.35 Diszkusszi\u00f3<br \/>\n11.35-11.55 <strong>Dr. Papp Ferenc:<\/strong> Mit l\u00e9pj\u00fcnk, ha nagy a l\u00e9p?<br \/>\n11.55-12.00 Diszkusszi\u00f3<br \/>\n12.00-13.00 Eb\u00e9dsz\u00fcnet<br \/>\n13.00-13.20 <strong>Dr. Cs\u0151ke D\u00e1niel:<\/strong> Biztons\u00e1gos prokinetikum<br \/>\n13.20-13.25 Diszkusszi\u00f3<br \/>\n13.25-13.45 <strong>Dr. Szondy Kl\u00e1ra:<\/strong> Az \u00e1rtalomcs\u00f6kkent\u00e9s szerepe \u00e9s gyakorlata, fejl\u0151d\u00e9si lehet\u0151s\u00e9gei Magyarorsz\u00e1gon<br \/>\n13.45-13.50 Diszkusszi\u00f3<br \/>\n13.50-14.10 <strong>Dr. Szarka Ildik\u00f3:<\/strong> Az otthon szerzett pneumonia kezel\u00e9se<br \/>\n14.10-14.15 Diszkusszi\u00f3 <br \/>\n14.15-14.35 <strong>Dr. Makk L\u00e1szl\u00f3:<\/strong> A t\u00fcd\u0151 vir\u00e1lis \u00e9s bakteri\u00e1lis fert\u0151z\u00e9seinek diagnosztik\u00e1ja<br \/>\n14.35-14.40 Diszkusszi\u00f3<br \/>\n14.40-18.00 Teszt kit\u00f6lt\u00e9se online<\/p>\n<p>&nbsp;<\/p>\n<p>Az el\u0151ad\u00e1sokban szerepl\u0151 inform\u00e1ci\u00f3k az el\u0151ad\u00f3(k) eredm\u00e9nyeit \u00e9s v\u00e9lem\u00e9ny\u00e9t t\u00fckr\u00f6zik. A megeml\u00edtett term\u00e9kek haszn\u00e1latakor az \u00e9rv\u00e9nyes alkalmaz\u00e1si el\u0151\u00edr\u00e1s az ir\u00e1nyad\u00f3. Minden jog fenntartva!<\/p>\n<p>A tanfolyamon val\u00f3 r\u00e9szv\u00e9telhez, k\u00e9rj\u00fck, regisztr\u00e1ljon. Ha m\u00e1r kor\u00e1bban regisztr\u00e1lt, akkor csak bejelentkeznie sz\u00fcks\u00e9ges.<\/p>\n<p>A teszt megnyit\u00e1sa ut\u00e1n a teszt kit\u00f6lt\u00e9s\u00e9hez 30 perc \u00e1ll rendelkez\u00e9s\u00e9re. A vizsg\u00e1z\u00f3k a teszt kit\u00f6lt\u00e9s\u00e9nek siker\u00e9r\u0151l\/sikertelens\u00e9g\u00e9r\u0151l visszajelz\u00e9st kapnak.<\/p>\n<p>Az esetleges k\u00e9rd\u00e9sekkel, felmer\u00fcl\u0151 probl\u00e9m\u00e1kkal kapcsolatban az al\u00e1bbi telefonsz\u00e1mon v\u00e1rjuk jelz\u00e9s\u00fcket:\u00a0 <strong>+36-30\/94-04-138.<\/strong><\/p>\n<p>A vide\u00f3k megtekint\u00e9s\u00e9hez, k\u00e9rj\u00fck, haszn\u00e1lja a leg\u00fajabb Firefox, Edge vagy Chrome b\u00f6ng\u00e9sz\u0151ket. Az akadoz\u00e1smentes megtekint\u00e9shez gyors internetkapcsolatra van sz\u00fcks\u00e9g.<\/p>\n","protected":false},"excerpt":{"rendered":"<p>&nbsp; &nbsp; &nbsp; &nbsp; &nbsp; &nbsp; &nbsp; &nbsp; El\u00e9rhet\u0151 kredit: 10 pont a teszt kit\u00f6lt\u00e9s\u00e9vel. Kedvezm\u00e9nyezettek: h\u00e1ziorvosok, csecsem\u0151- \u00e9s gyermekgy\u00f3gy\u00e1szok, belgy\u00f3gy\u00e1szok, \u00fczemorvosok \u00e9s szakir\u00e1ny\u00fa szakk\u00e9pes\u00edt\u00e9s n\u00e9lk\u00fcli orvosok\u00a0 &nbsp; A program a PTE I. Belklinika hivatalos, el\u0151re akkredit\u00e1lt el\u0151ad\u00e1sait tartalmazza. &nbsp; Program: 10.30-10.45 Bevezet\u0151, k\u00f6sz\u00f6nt\u0151 10.45-11.05 Dr. Sas Katalin: F\u00e1bry-betegs\u00e9g \u00e9s neurol\u00f3giai vonatkoz\u00e1sai 11.05-11.10 Diszkusszi\u00f3 11.10-11.30 &#8230; <a title=\"Hippocrates Csal\u00e1dorvosi Szimp\u00f3ziumok &#8211; Baja, 2021. IX. 04.\" class=\"read-more\" href=\"https:\/\/hippocrateslap.hu\/tanfolyam\/2021online-lejart-rendezvenyek\/hippocrates-csaladorvosi-szimpoziumok-baja-2021-09-04\/\" aria-label=\"Read more about Hippocrates Csal\u00e1dorvosi Szimp\u00f3ziumok &#8211; Baja, 2021. IX. 04.\">Olvass tov\u00e1bb<\/a><\/p>\n","protected":false},"author":82,"featured_media":0,"parent":2195,"menu_order":1,"comment_status":"closed","ping_status":"closed","template":"","meta":{"footnotes":""},"class_list":["post-2111","page","type-page","status-publish"],"publishpress_future_action":{"enabled":false,"date":"2026-04-24 04:07:20","action":"change-status","newStatus":"private","terms":[],"taxonomy":"","extraData":[]},"publishpress_future_workflow_manual_trigger":{"enabledWorkflows":[]},"_links":{"self":[{"href":"https:\/\/hippocrateslap.hu\/tanfolyam\/wp-json\/wp\/v2\/pages\/2111","targetHints":{"allow":["GET"]}}],"collection":[{"href":"https:\/\/hippocrateslap.hu\/tanfolyam\/wp-json\/wp\/v2\/pages"}],"about":[{"href":"https:\/\/hippocrateslap.hu\/tanfolyam\/wp-json\/wp\/v2\/types\/page"}],"author":[{"embeddable":true,"href":"https:\/\/hippocrateslap.hu\/tanfolyam\/wp-json\/wp\/v2\/users\/82"}],"replies":[{"embeddable":true,"href":"https:\/\/hippocrateslap.hu\/tanfolyam\/wp-json\/wp\/v2\/comments?post=2111"}],"version-history":[{"count":23,"href":"https:\/\/hippocrateslap.hu\/tanfolyam\/wp-json\/wp\/v2\/pages\/2111\/revisions"}],"predecessor-version":[{"id":2273,"href":"https:\/\/hippocrateslap.hu\/tanfolyam\/wp-json\/wp\/v2\/pages\/2111\/revisions\/2273"}],"up":[{"embeddable":true,"href":"https:\/\/hippocrateslap.hu\/tanfolyam\/wp-json\/wp\/v2\/pages\/2195"}],"wp:attachment":[{"href":"https:\/\/hippocrateslap.hu\/tanfolyam\/wp-json\/wp\/v2\/media?parent=2111"}],"curies":[{"name":"wp","href":"https:\/\/api.w.org\/{rel}","templated":true}]}}