{"id":1789,"date":"2017-02-26T10:33:43","date_gmt":"2021-05-28T12:25:58","guid":{"rendered":"https:\/\/hippocrateslap.hu\/tanfolyam\/?page_id=1789"},"modified":"2025-02-28T09:21:46","modified_gmt":"2025-02-28T08:21:46","slug":"hippocrates-gyogyszeresz-online-venas-randevuk","status":"publish","type":"page","link":"https:\/\/hippocrateslap.hu\/tanfolyam\/2021online-lejart-rendezvenyek\/hippocrates-gyogyszeresz-online-venas-randevuk\/","title":{"rendered":"Hippocrates Gy\u00f3gyszer\u00e9sz Online V\u00e9n\u00e1s Randev\u00fak 2021. VI. 02-23."},"content":{"rendered":"<p>2021. j\u00fanius 2., 9., 16. \u00e9s 23. (szerda)<\/p>\n<p>El\u00e9rhet\u0151 kredit\u00e9rt\u00e9k:<strong> 18 pont<\/strong><\/p>\n<p>&nbsp;<\/p>\n<p><a class=\"button\" href=\"https:\/\/hippocrateslap.hu\/tanfolyam\/online-tovabbkepzesek-2021\/hippocrates-gyogyszeresz-online-venas-randevuk\/gyogyszeresz-teszt\/\"><strong>Gy\u00f3gyszer\u00e9sz Teszt<\/strong><\/a><\/p>\n<p>&nbsp;<\/p>\n<p><strong>TESZT KIT\u00d6LT\u00c9SE<\/strong>: J\u00fanius 23-t\u00f3l j\u00fanius 30-\u00e1n 24.00 \u00f3r\u00e1ig.<\/p>\n<p>&nbsp;<\/p>\n<p><a class=\"button\" href=\"https:\/\/hippocrateslap.hu\/tanfolyam\/online-tovabbkepzesek-2021\/hippocrates-gyogyszeresz-online-venas-randevuk\/hippocrates-gyogyszeresz-online-venas-randevuk\/\">HIPPOCRATES GY\u00d3GYSZER\u00c9SZ online v\u00e9n\u00e1s randev\u00fak \u2013 j\u00fanius 2.<\/a><\/p>\n<p>&nbsp;<\/p>\n<p><a class=\"button\" href=\"https:\/\/hippocrateslap.hu\/tanfolyam\/online-tovabbkepzesek-2021\/hippocrates-gyogyszeresz-online-venas-randevuk-2\/\">HIPPOCRATES GY\u00d3GYSZER\u00c9SZ online v\u00e9n\u00e1s randev\u00fak \u2013 J\u00fanius 9.<\/a><\/p>\n<p>&nbsp;<\/p>\n<p><a class=\"button\" href=\"https:\/\/hippocrateslap.hu\/tanfolyam\/online-tovabbkepzesek-2021\/hippocrates-gyogyszeresz-online-venas-randevuk-3\/\">HIPPOCRATES GY\u00d3GYSZER\u00c9SZ online v\u00e9n\u00e1s randev\u00fak \u2013 J\u00fanius 16.<\/a><\/p>\n<p>&nbsp;<\/p>\n<p><a class=\"button\" href=\"https:\/\/hippocrateslap.hu\/tanfolyam\/online-tovabbkepzesek-2021\/hippocrates-gyogyszeresz-online-venas-randevuk-junius-23\/\">HIPPOCRATES GY\u00d3GYSZER\u00c9SZ online v\u00e9n\u00e1s randev\u00fak \u2013 J\u00fanius 23.<\/a><\/p>\n<p>&nbsp;<\/p>\n<h3>Kedvezm\u00e9nyezettek az al\u00e1bbi szak\u00e1gak k\u00e9pvisel\u0151i<\/h3>\n<p>1. farmakol\u00f3gia, farmakoter\u00e1pia<br \/>\n2. gy\u00f3gyszer- inform\u00e1ci\u00f3 \u00e9s ter\u00e1pi\u00e1s tam\u00e1csad\u00e1s<br \/>\n3. gy\u00f3gyszerellen\u0151rz\u00e9s<br \/>\n4. gy\u00f3gyszer\u00e9sz (szakir\u00e1ny\u00fa szakk\u00e9pes\u00edt\u00e9s n\u00e9lk\u00fcl)<br \/>\n5. gy\u00f3gyszer\u00e9szi gondoz\u00e1s<br \/>\n6. gy\u00f3gyszerk\u00e9sz\u00edt\u00e9s<br \/>\n7. gy\u00f3gyszert\u00e1r \u00fczemeltet\u00e9s, vezet\u00e9s<br \/>\n8. gy\u00f3gyszert\u00e1ri min\u0151s\u00e9gbiztos\u00edt\u00e1s<br \/>\n9. gy\u00f3gyszertechnol\u00f3gia<\/p>\n<p>&nbsp;<\/p>\n<p>Az el\u0151ad\u00e1sokban szerepl\u0151 inform\u00e1ci\u00f3k az el\u0151ad\u00f3(k) eredm\u00e9nyeit \u00e9s v\u00e9lem\u00e9ny\u00e9t t\u00fckr\u00f6zik. A megeml\u00edtett term\u00e9kek haszn\u00e1latakor az \u00e9rv\u00e9nyes alkalmaz\u00e1si el\u0151\u00edr\u00e1s az ir\u00e1nyad\u00f3. Minden jog fenntartva!<\/p>\n<p>&nbsp;<\/p>\n<p>A tanfolyamon val\u00f3 r\u00e9szv\u00e9telhez k\u00e9rj\u00fck <strong>regisztr\u00e1ljon<\/strong>. Ha m\u00e1r kor\u00e1bban regisztr\u00e1lt, akkor <strong>csak bejelentkeznie<\/strong> sz\u00fcks\u00e9ges.<\/p>\n<p>A teszt megnyit\u00e1sa ut\u00e1n <strong>a teszt<\/strong> kit\u00f6lt\u00e9s\u00e9hez <strong>30 perc<\/strong> \u00e1ll rendelkez\u00e9s\u00e9re. A vizsg\u00e1z\u00f3k a teszt kit\u00f6lt\u00e9s\u00e9nek siker\u00e9r\u0151l\/sikertelens\u00e9g\u00e9r\u0151l visszajelz\u00e9st kapnak. A pontok j\u00f3v\u00e1\u00edr\u00e1s\u00e1r\u00f3l az gyoftex port\u00e1lon t\u00e1j\u00e9koz\u00f3dhatnak.<\/p>\n<p>&nbsp;<\/p>\n<p>Az esetleges k\u00e9rd\u00e9sekkel, felmer\u00fcl\u0151 probl\u00e9m\u00e1kkal kapcsolatban az al\u00e1bbi telefonsz\u00e1mokon v\u00e1rjuk jelz\u00e9s\u00fcket:\u00a0 <strong>+36-30\/94-04-138.<\/strong><\/p>\n<p>&nbsp;<\/p>\n<p>A vide\u00f3k megtekint\u00e9s\u00e9hez, k\u00e9rj\u00fck, haszn\u00e1lja a leg\u00fajabb Firefox, Edge vagy Chrome b\u00f6ng\u00e9sz\u0151ket. Az akadoz\u00e1smentes megtekint\u00e9shez gyors internetkapcsolatra van sz\u00fcks\u00e9g.<\/p>\n","protected":false},"excerpt":{"rendered":"<p>2021. j\u00fanius 2., 9., 16. \u00e9s 23. (szerda) El\u00e9rhet\u0151 kredit\u00e9rt\u00e9k: 18 pont &nbsp; Gy\u00f3gyszer\u00e9sz Teszt &nbsp; TESZT KIT\u00d6LT\u00c9SE: J\u00fanius 23-t\u00f3l j\u00fanius 30-\u00e1n 24.00 \u00f3r\u00e1ig. &nbsp; HIPPOCRATES GY\u00d3GYSZER\u00c9SZ online v\u00e9n\u00e1s randev\u00fak \u2013 j\u00fanius 2. &nbsp; HIPPOCRATES GY\u00d3GYSZER\u00c9SZ online v\u00e9n\u00e1s randev\u00fak \u2013 J\u00fanius 9. &nbsp; HIPPOCRATES GY\u00d3GYSZER\u00c9SZ online v\u00e9n\u00e1s randev\u00fak \u2013 J\u00fanius 16. &nbsp; HIPPOCRATES GY\u00d3GYSZER\u00c9SZ online &#8230; <a title=\"Hippocrates Gy\u00f3gyszer\u00e9sz Online V\u00e9n\u00e1s Randev\u00fak 2021. VI. 02-23.\" class=\"read-more\" href=\"https:\/\/hippocrateslap.hu\/tanfolyam\/2021online-lejart-rendezvenyek\/hippocrates-gyogyszeresz-online-venas-randevuk\/\" aria-label=\"Read more about Hippocrates Gy\u00f3gyszer\u00e9sz Online V\u00e9n\u00e1s Randev\u00fak 2021. VI. 02-23.\">Olvass tov\u00e1bb<\/a><\/p>\n","protected":false},"author":1,"featured_media":0,"parent":2195,"menu_order":2,"comment_status":"closed","ping_status":"closed","template":"","meta":{"footnotes":""},"class_list":["post-1789","page","type-page","status-publish"],"publishpress_future_action":{"enabled":false,"date":"2026-05-06 07:47:14","action":"change-status","newStatus":"private","terms":[],"taxonomy":"","extraData":[]},"publishpress_future_workflow_manual_trigger":{"enabledWorkflows":[]},"_links":{"self":[{"href":"https:\/\/hippocrateslap.hu\/tanfolyam\/wp-json\/wp\/v2\/pages\/1789","targetHints":{"allow":["GET"]}}],"collection":[{"href":"https:\/\/hippocrateslap.hu\/tanfolyam\/wp-json\/wp\/v2\/pages"}],"about":[{"href":"https:\/\/hippocrateslap.hu\/tanfolyam\/wp-json\/wp\/v2\/types\/page"}],"author":[{"embeddable":true,"href":"https:\/\/hippocrateslap.hu\/tanfolyam\/wp-json\/wp\/v2\/users\/1"}],"replies":[{"embeddable":true,"href":"https:\/\/hippocrateslap.hu\/tanfolyam\/wp-json\/wp\/v2\/comments?post=1789"}],"version-history":[{"count":9,"href":"https:\/\/hippocrateslap.hu\/tanfolyam\/wp-json\/wp\/v2\/pages\/1789\/revisions"}],"predecessor-version":[{"id":2274,"href":"https:\/\/hippocrateslap.hu\/tanfolyam\/wp-json\/wp\/v2\/pages\/1789\/revisions\/2274"}],"up":[{"embeddable":true,"href":"https:\/\/hippocrateslap.hu\/tanfolyam\/wp-json\/wp\/v2\/pages\/2195"}],"wp:attachment":[{"href":"https:\/\/hippocrateslap.hu\/tanfolyam\/wp-json\/wp\/v2\/media?parent=1789"}],"curies":[{"name":"wp","href":"https:\/\/api.w.org\/{rel}","templated":true}]}}