{"id":1770,"date":"2021-05-27T13:37:05","date_gmt":"2021-05-27T13:37:05","guid":{"rendered":"https:\/\/hippocrateslap.hu\/tanfolyam\/?page_id=1770"},"modified":"2025-02-28T09:21:46","modified_gmt":"2025-02-28T08:21:46","slug":"hippocrates-gyogyszeresz-online-venas-randevuk-junius-23","status":"publish","type":"page","link":"https:\/\/hippocrateslap.hu\/tanfolyam\/2021online-lejart-rendezvenyek\/hippocrates-gyogyszeresz-online-venas-randevuk\/hippocrates-gyogyszeresz-online-venas-randevuk-junius-23\/","title":{"rendered":"HIPPOCRATES GY\u00d3GYSZER\u00c9SZ online v\u00e9n\u00e1s randev\u00fak IV. \u2013 J\u00fanius 23."},"content":{"rendered":"<p><strong>2021. J\u00fanius 23. (szerda) 18 \u00f3ra<br \/>\n<\/strong><\/p>\n\n\n<p><strong>\u00a0<\/strong><\/p>\n<p>&nbsp;<\/p>\n<p>&nbsp;<\/p>\n<p><a class=\"button\" href=\"https:\/\/hippocrateslap.hu\/tanfolyam\/online-tovabbkepzesek-2021\/hippocrates-gyogyszeresz-online-venas-randevuk\/gyogyszeresz-teszt\/\"><strong>Gy\u00f3gyszer\u00e9sz Teszt<\/strong><\/a><\/p>\n<p><strong>TESZT KIT\u00d6LT\u00c9SE<\/strong>: J\u00fanius 23-t\u00f3l j\u00fanius 30-\u00e1n 24.00 \u00f3r\u00e1ig.<\/p>\n<p>&nbsp;<\/p>\n<h2>Program<\/h2>\n<p>(Az el\u0151ad\u00e1s c\u00edm\u00e9re kattintva elindul a video)<br \/>\n18.00 &#8211; 18.05 Megnyit\u00f3<br \/>\n18.05 &#8211; 18.35 <strong>Dr. Tomcsik Zolt\u00e1n:<\/strong> Arany\u00e9rbetegs\u00e9g kezel\u00e9se az evidenci\u00e1k ment\u00e9n<br \/>\n18.35 &#8211; 19.05 <strong>Dr. T\u00f3th M\u00f3nika Ditta:<\/strong> \u00c9rz\u00e9keny t\u00e9m\u00e1k kommunik\u00e1ci\u00f3ja a gy\u00f3gyszert\u00e1rban<br \/>\n19.05 &#8211; 19.20 Szak\u00e9rt\u0151i Diszkusszi\u00f3<br \/>\n19.20 &#8211; 19.25 Z\u00e1rsz\u00f3<\/p>\n<p>&nbsp;<\/p>\n<p>&nbsp;<\/p>\n<p>&nbsp;<\/p>\n<h2>\u00a0<\/h2>\n<p>&nbsp;<\/p>\n<p>&nbsp;<\/p>\n<div class=\"notranslate\" style=\"all: initial;\">\u00a0<\/div>\n","protected":false},"excerpt":{"rendered":"<p>2021. J\u00fanius 23. (szerda) 18 \u00f3ra \u00a0 &nbsp; &nbsp; Gy\u00f3gyszer\u00e9sz Teszt TESZT KIT\u00d6LT\u00c9SE: J\u00fanius 23-t\u00f3l j\u00fanius 30-\u00e1n 24.00 \u00f3r\u00e1ig. &nbsp; Program (Az el\u0151ad\u00e1s c\u00edm\u00e9re kattintva elindul a video) 18.00 &#8211; 18.05 Megnyit\u00f3 18.05 &#8211; 18.35 Dr. Tomcsik Zolt\u00e1n: Arany\u00e9rbetegs\u00e9g kezel\u00e9se az evidenci\u00e1k ment\u00e9n 18.35 &#8211; 19.05 Dr. T\u00f3th M\u00f3nika Ditta: \u00c9rz\u00e9keny t\u00e9m\u00e1k kommunik\u00e1ci\u00f3ja a gy\u00f3gyszert\u00e1rban &#8230; <a title=\"HIPPOCRATES GY\u00d3GYSZER\u00c9SZ online v\u00e9n\u00e1s randev\u00fak IV. \u2013 J\u00fanius 23.\" class=\"read-more\" href=\"https:\/\/hippocrateslap.hu\/tanfolyam\/2021online-lejart-rendezvenyek\/hippocrates-gyogyszeresz-online-venas-randevuk\/hippocrates-gyogyszeresz-online-venas-randevuk-junius-23\/\" aria-label=\"Read more about HIPPOCRATES GY\u00d3GYSZER\u00c9SZ online v\u00e9n\u00e1s randev\u00fak IV. \u2013 J\u00fanius 23.\">Olvass tov\u00e1bb<\/a><\/p>\n","protected":false},"author":1,"featured_media":0,"parent":1789,"menu_order":5,"comment_status":"closed","ping_status":"closed","template":"","meta":{"footnotes":""},"class_list":["post-1770","page","type-page","status-publish"],"publishpress_future_action":{"enabled":false,"date":"2026-04-19 09:52:12","action":"change-status","newStatus":"private","terms":[],"taxonomy":"","extraData":[]},"publishpress_future_workflow_manual_trigger":{"enabledWorkflows":[]},"_links":{"self":[{"href":"https:\/\/hippocrateslap.hu\/tanfolyam\/wp-json\/wp\/v2\/pages\/1770","targetHints":{"allow":["GET"]}}],"collection":[{"href":"https:\/\/hippocrateslap.hu\/tanfolyam\/wp-json\/wp\/v2\/pages"}],"about":[{"href":"https:\/\/hippocrateslap.hu\/tanfolyam\/wp-json\/wp\/v2\/types\/page"}],"author":[{"embeddable":true,"href":"https:\/\/hippocrateslap.hu\/tanfolyam\/wp-json\/wp\/v2\/users\/1"}],"replies":[{"embeddable":true,"href":"https:\/\/hippocrateslap.hu\/tanfolyam\/wp-json\/wp\/v2\/comments?post=1770"}],"version-history":[{"count":15,"href":"https:\/\/hippocrateslap.hu\/tanfolyam\/wp-json\/wp\/v2\/pages\/1770\/revisions"}],"predecessor-version":[{"id":3464,"href":"https:\/\/hippocrateslap.hu\/tanfolyam\/wp-json\/wp\/v2\/pages\/1770\/revisions\/3464"}],"up":[{"embeddable":true,"href":"https:\/\/hippocrateslap.hu\/tanfolyam\/wp-json\/wp\/v2\/pages\/1789"}],"wp:attachment":[{"href":"https:\/\/hippocrateslap.hu\/tanfolyam\/wp-json\/wp\/v2\/media?parent=1770"}],"curies":[{"name":"wp","href":"https:\/\/api.w.org\/{rel}","templated":true}]}}