{"id":1769,"date":"2021-05-27T13:31:36","date_gmt":"2021-05-27T13:31:36","guid":{"rendered":"https:\/\/hippocrateslap.hu\/tanfolyam\/?page_id=1769"},"modified":"2025-02-28T09:21:46","modified_gmt":"2025-02-28T08:21:46","slug":"hippocrates-gyogyszeresz-online-venas-randevuk-3","status":"publish","type":"page","link":"https:\/\/hippocrateslap.hu\/tanfolyam\/2021online-lejart-rendezvenyek\/hippocrates-gyogyszeresz-online-venas-randevuk\/hippocrates-gyogyszeresz-online-venas-randevuk-3\/","title":{"rendered":"HIPPOCRATES GY\u00d3GYSZER\u00c9SZ online v\u00e9n\u00e1s randev\u00fak III. \u2013 J\u00fanius 16."},"content":{"rendered":"<p><strong>2021. J\u00fanius 16. (szerda) 18 \u00f3ra<br \/>\n<\/strong><\/p>\n\n\n<p>&nbsp;<\/p>\n<p><a class=\"button\" href=\"https:\/\/hippocrateslap.hu\/tanfolyam\/online-tovabbkepzesek-2021\/hippocrates-gyogyszeresz-online-venas-randevuk\/gyogyszeresz-teszt\/\"><strong>Gy\u00f3gyszer\u00e9sz Teszt<\/strong><\/a><\/p>\n<p>&nbsp;<\/p>\n<p><strong>TESZT KIT\u00d6LT\u00c9SE<\/strong>: J\u00fanius 23-t\u00f3l j\u00fanius 30-\u00e1n 24.00 \u00f3r\u00e1ig.<\/p>\n<p>&nbsp;<\/p>\n<h2>Program<\/h2>\n<p><strong>J\u00fanius 16. (szerda)<\/strong><br \/>\n(Az el\u0151ad\u00e1s c\u00edm\u00e9re kattintva elindul a video)<br \/>\n18.00 &#8211; 18.05 Megnyit\u00f3<br \/>\n18.05 &#8211; 18.35 <strong>Dr. Szab\u00f3 \u00c9va:<\/strong> Kr\u00f3nikus v\u00e9n\u00e1s betegek kezel\u00e9se a b\u0151rgy\u00f3gy\u00e1sz szem\u00e9vel <br \/>\n18.35 &#8211; 19.20<strong> Hevesi Lia <\/strong>\u00e9s<strong> Tene<\/strong> <strong>Katalin:<\/strong> Stresszkezel\u00e9s \u00e9s self care v\u00e1ltoz\u00e1sok idej\u00e9n<br \/>\n19.20 &#8211; 19.25 Z\u00e1rsz\u00f3<\/p>\n<p>&nbsp;<\/p>\n<p>&nbsp;<\/p>\n<p>&nbsp;<\/p>\n<p>&nbsp;<\/p>\n<p><a class=\"button\" href=\"https:\/\/hippocrateslap.hu\/tanfolyam\/online-tovabbkepzesek-2021\/hippocrates-gyogyszeresz-online-venas-randevuk\/servier-tamogatoi-anyagok\/\"><strong>Servier t\u00e1mogat\u00f3i anyagok<\/strong><\/a><\/p>\n<h2>\u00a0<\/h2>\n<p>&nbsp;<\/p>\n<p>&nbsp;<\/p>\n<div class=\"notranslate\" style=\"all: initial;\">\u00a0<\/div>\n<div class=\"notranslate\" style=\"all: initial;\">\u00a0<\/div>\n","protected":false},"excerpt":{"rendered":"<p>2021. J\u00fanius 16. (szerda) 18 \u00f3ra &nbsp; Gy\u00f3gyszer\u00e9sz Teszt &nbsp; TESZT KIT\u00d6LT\u00c9SE: J\u00fanius 23-t\u00f3l j\u00fanius 30-\u00e1n 24.00 \u00f3r\u00e1ig. &nbsp; Program J\u00fanius 16. (szerda) (Az el\u0151ad\u00e1s c\u00edm\u00e9re kattintva elindul a video) 18.00 &#8211; 18.05 Megnyit\u00f3 18.05 &#8211; 18.35 Dr. Szab\u00f3 \u00c9va: Kr\u00f3nikus v\u00e9n\u00e1s betegek kezel\u00e9se a b\u0151rgy\u00f3gy\u00e1sz szem\u00e9vel 18.35 &#8211; 19.20 Hevesi Lia \u00e9s Tene Katalin: &#8230; <a title=\"HIPPOCRATES GY\u00d3GYSZER\u00c9SZ online v\u00e9n\u00e1s randev\u00fak III. \u2013 J\u00fanius 16.\" class=\"read-more\" href=\"https:\/\/hippocrateslap.hu\/tanfolyam\/2021online-lejart-rendezvenyek\/hippocrates-gyogyszeresz-online-venas-randevuk\/hippocrates-gyogyszeresz-online-venas-randevuk-3\/\" aria-label=\"Read more about HIPPOCRATES GY\u00d3GYSZER\u00c9SZ online v\u00e9n\u00e1s randev\u00fak III. \u2013 J\u00fanius 16.\">Olvass tov\u00e1bb<\/a><\/p>\n","protected":false},"author":1,"featured_media":0,"parent":1789,"menu_order":4,"comment_status":"closed","ping_status":"closed","template":"","meta":{"footnotes":""},"class_list":["post-1769","page","type-page","status-publish"],"publishpress_future_action":{"enabled":false,"date":"2026-04-15 21:54:06","action":"change-status","newStatus":"private","terms":[],"taxonomy":"","extraData":[]},"publishpress_future_workflow_manual_trigger":{"enabledWorkflows":[]},"_links":{"self":[{"href":"https:\/\/hippocrateslap.hu\/tanfolyam\/wp-json\/wp\/v2\/pages\/1769","targetHints":{"allow":["GET"]}}],"collection":[{"href":"https:\/\/hippocrateslap.hu\/tanfolyam\/wp-json\/wp\/v2\/pages"}],"about":[{"href":"https:\/\/hippocrateslap.hu\/tanfolyam\/wp-json\/wp\/v2\/types\/page"}],"author":[{"embeddable":true,"href":"https:\/\/hippocrateslap.hu\/tanfolyam\/wp-json\/wp\/v2\/users\/1"}],"replies":[{"embeddable":true,"href":"https:\/\/hippocrateslap.hu\/tanfolyam\/wp-json\/wp\/v2\/comments?post=1769"}],"version-history":[{"count":11,"href":"https:\/\/hippocrateslap.hu\/tanfolyam\/wp-json\/wp\/v2\/pages\/1769\/revisions"}],"predecessor-version":[{"id":3463,"href":"https:\/\/hippocrateslap.hu\/tanfolyam\/wp-json\/wp\/v2\/pages\/1769\/revisions\/3463"}],"up":[{"embeddable":true,"href":"https:\/\/hippocrateslap.hu\/tanfolyam\/wp-json\/wp\/v2\/pages\/1789"}],"wp:attachment":[{"href":"https:\/\/hippocrateslap.hu\/tanfolyam\/wp-json\/wp\/v2\/media?parent=1769"}],"curies":[{"name":"wp","href":"https:\/\/api.w.org\/{rel}","templated":true}]}}