{"id":1766,"date":"2017-02-26T10:33:43","date_gmt":"2021-05-27T13:26:13","guid":{"rendered":"https:\/\/hippocrateslap.hu\/tanfolyam\/?page_id=1766"},"modified":"2025-02-28T09:21:46","modified_gmt":"2025-02-28T08:21:46","slug":"hippocrates-gyogyszeresz-online-venas-randevuk-2","status":"publish","type":"page","link":"https:\/\/hippocrateslap.hu\/tanfolyam\/2021online-lejart-rendezvenyek\/hippocrates-gyogyszeresz-online-venas-randevuk\/hippocrates-gyogyszeresz-online-venas-randevuk-2\/","title":{"rendered":"HIPPOCRATES GY\u00d3GYSZER\u00c9SZ online v\u00e9n\u00e1s randev\u00fak II. \u2013 j\u00fanius 9."},"content":{"rendered":"<p><strong>J\u00fanius 9. (szerda)<\/strong> <strong>18 \u00f3rakor<\/strong><\/p>\n\n\n<p>&nbsp;<\/p>\n<p><a class=\"button\" href=\"https:\/\/hippocrateslap.hu\/tanfolyam\/online-tovabbkepzesek-2021\/hippocrates-gyogyszeresz-online-venas-randevuk\/gyogyszeresz-teszt\/\"><strong>Gy\u00f3gyszer\u00e9sz Teszt<\/strong><\/a><\/p>\n<p>&nbsp;<\/p>\n<p>TESZT KIT\u00d6LT\u00c9SE: J\u00fanius 23-t\u00f3l j\u00fanius 30-\u00e1n 24.00 \u00f3r\u00e1ig.<\/p>\n<h2>Program<\/h2>\n<p>(Az el\u0151ad\u00e1s c\u00edm\u00e9re kattintva elindul a video)<br \/>\n18.00 &#8211; 18.05 Megnyit\u00f3<br \/>\n18.05 &#8211; 18.35 <strong>Dr. Rozsos Istv\u00e1n:<\/strong> Kr\u00f3nikus v\u00e9n\u00e1s betegek kezel\u00e9se, seb\u00e9szi elj\u00e1r\u00e1sok <br \/>\n18.35 &#8211; 19.05 <strong>Dr. Ujh\u00e1zi L\u00e1szl\u00f3:<\/strong> Pr\u00e9mium term\u00e9kek \u00e9rt\u00e9kes\u00edt\u00e9se az elad\u00e1shelyi kihelyez\u00e9s haszn\u00e1lat\u00e1val<br \/>\n19.05 &#8211; 19.20 Szak\u00e9rt\u0151i Diszkusszi\u00f3<br \/>\n19.20 &#8211; 19.25 Z\u00e1rsz\u00f3<\/p>\n<p>&nbsp;<\/p>\n<p>&nbsp;<\/p>\n<p><a class=\"button\" href=\"https:\/\/hippocrateslap.hu\/tanfolyam\/online-tovabbkepzesek-2021\/hippocrates-gyogyszeresz-online-venas-randevuk\/servier-tamogatoi-anyagok\/\"><strong>Servier t\u00e1mogat\u00f3i anyagok<\/strong><\/a><\/p>\n<h2>\u00a0<\/h2>\n<p>&nbsp;<\/p>\n<p>&nbsp;<\/p>\n<div class=\"notranslate\" style=\"all: initial;\">\u00a0<\/div>\n","protected":false},"excerpt":{"rendered":"<p>J\u00fanius 9. (szerda) 18 \u00f3rakor &nbsp; Gy\u00f3gyszer\u00e9sz Teszt &nbsp; TESZT KIT\u00d6LT\u00c9SE: J\u00fanius 23-t\u00f3l j\u00fanius 30-\u00e1n 24.00 \u00f3r\u00e1ig. Program (Az el\u0151ad\u00e1s c\u00edm\u00e9re kattintva elindul a video) 18.00 &#8211; 18.05 Megnyit\u00f3 18.05 &#8211; 18.35 Dr. Rozsos Istv\u00e1n: Kr\u00f3nikus v\u00e9n\u00e1s betegek kezel\u00e9se, seb\u00e9szi elj\u00e1r\u00e1sok 18.35 &#8211; 19.05 Dr. Ujh\u00e1zi L\u00e1szl\u00f3: Pr\u00e9mium term\u00e9kek \u00e9rt\u00e9kes\u00edt\u00e9se az elad\u00e1shelyi kihelyez\u00e9s haszn\u00e1lat\u00e1val 19.05 &#8230; <a title=\"HIPPOCRATES GY\u00d3GYSZER\u00c9SZ online v\u00e9n\u00e1s randev\u00fak II. \u2013 j\u00fanius 9.\" class=\"read-more\" href=\"https:\/\/hippocrateslap.hu\/tanfolyam\/2021online-lejart-rendezvenyek\/hippocrates-gyogyszeresz-online-venas-randevuk\/hippocrates-gyogyszeresz-online-venas-randevuk-2\/\" aria-label=\"Read more about HIPPOCRATES GY\u00d3GYSZER\u00c9SZ online v\u00e9n\u00e1s randev\u00fak II. \u2013 j\u00fanius 9.\">Olvass tov\u00e1bb<\/a><\/p>\n","protected":false},"author":1,"featured_media":0,"parent":1789,"menu_order":3,"comment_status":"closed","ping_status":"closed","template":"","meta":{"footnotes":""},"class_list":["post-1766","page","type-page","status-publish"],"publishpress_future_action":{"enabled":false,"date":"2026-04-15 20:42:34","action":"change-status","newStatus":"private","terms":[],"taxonomy":"","extraData":[]},"publishpress_future_workflow_manual_trigger":{"enabledWorkflows":[]},"_links":{"self":[{"href":"https:\/\/hippocrateslap.hu\/tanfolyam\/wp-json\/wp\/v2\/pages\/1766","targetHints":{"allow":["GET"]}}],"collection":[{"href":"https:\/\/hippocrateslap.hu\/tanfolyam\/wp-json\/wp\/v2\/pages"}],"about":[{"href":"https:\/\/hippocrateslap.hu\/tanfolyam\/wp-json\/wp\/v2\/types\/page"}],"author":[{"embeddable":true,"href":"https:\/\/hippocrateslap.hu\/tanfolyam\/wp-json\/wp\/v2\/users\/1"}],"replies":[{"embeddable":true,"href":"https:\/\/hippocrateslap.hu\/tanfolyam\/wp-json\/wp\/v2\/comments?post=1766"}],"version-history":[{"count":17,"href":"https:\/\/hippocrateslap.hu\/tanfolyam\/wp-json\/wp\/v2\/pages\/1766\/revisions"}],"predecessor-version":[{"id":3462,"href":"https:\/\/hippocrateslap.hu\/tanfolyam\/wp-json\/wp\/v2\/pages\/1766\/revisions\/3462"}],"up":[{"embeddable":true,"href":"https:\/\/hippocrateslap.hu\/tanfolyam\/wp-json\/wp\/v2\/pages\/1789"}],"wp:attachment":[{"href":"https:\/\/hippocrateslap.hu\/tanfolyam\/wp-json\/wp\/v2\/media?parent=1766"}],"curies":[{"name":"wp","href":"https:\/\/api.w.org\/{rel}","templated":true}]}}