{"id":1763,"date":"2017-02-26T10:33:43","date_gmt":"2021-05-27T13:21:37","guid":{"rendered":"https:\/\/hippocrateslap.hu\/tanfolyam\/?page_id=1763"},"modified":"2025-02-28T09:21:46","modified_gmt":"2025-02-28T08:21:46","slug":"hippocrates-gyogyszeresz-online-venas-randevuk","status":"publish","type":"page","link":"https:\/\/hippocrateslap.hu\/tanfolyam\/2021online-lejart-rendezvenyek\/hippocrates-gyogyszeresz-online-venas-randevuk\/hippocrates-gyogyszeresz-online-venas-randevuk\/","title":{"rendered":"HIPPOCRATES GY\u00d3GYSZER\u00c9SZ online v\u00e9n\u00e1s randev\u00fak \u2013 j\u00fanius 2."},"content":{"rendered":"<p><strong>2021. j\u00fanius 2. (szerda) 18 \u00f3rakor <br \/>\n<\/strong><\/p>\n\n\n<p><a class=\"button\" href=\"https:\/\/hippocrateslap.hu\/tanfolyam\/online-tovabbkepzesek-2021\/hippocrates-gyogyszeresz-online-venas-randevuk\/gyogyszeresz-teszt\/\"><strong>Gy\u00f3gyszer\u00e9sz Teszt<\/strong><\/a><\/p>\n<h2>\u00a0<\/h2>\n<h2>Program\u00a0<\/h2>\n<p>(Az el\u0151ad\u00e1s c\u00edm\u00e9re kattintva elindul a video)<br \/>\n18.00 &#8211; 18.05 Megnyit\u00f3 <br \/>\n18.05 &#8211; 18.35 <strong>Dr. Varga Eszter:<\/strong> Kr\u00f3nikus v\u00e9n\u00e1s betegek gondoz\u00e1sa a szakmai aj\u00e1nl\u00e1sok szerint <br \/>\n18.35 &#8211; 19.05 <strong>Dr. T\u00f3th M\u00f3nika Ditta:<\/strong> COVID-19 hat\u00e1sa a gy\u00f3gyszert\u00e1ri dolgoz\u00f3kra<br \/>\n19.05 &#8211; 19.20 Szak\u00e9rt\u0151i Diszkusszi\u00f3<br \/>\n19.20 &#8211; 19.25 Z\u00e1rsz\u00f3<\/p>\n<p>&nbsp;<\/p>\n<p>&nbsp;<\/p>\n<p><a class=\"button\" href=\"https:\/\/hippocrateslap.hu\/tanfolyam\/online-tovabbkepzesek-2021\/hippocrates-gyogyszeresz-online-venas-randevuk\/servier-tamogatoi-anyagok\/\"><strong>Servier t\u00e1mogat\u00f3i anyagok<\/strong><\/a><\/p>\n","protected":false},"excerpt":{"rendered":"<p>2021. j\u00fanius 2. (szerda) 18 \u00f3rakor Gy\u00f3gyszer\u00e9sz Teszt \u00a0 Program\u00a0 (Az el\u0151ad\u00e1s c\u00edm\u00e9re kattintva elindul a video) 18.00 &#8211; 18.05 Megnyit\u00f3 18.05 &#8211; 18.35 Dr. Varga Eszter: Kr\u00f3nikus v\u00e9n\u00e1s betegek gondoz\u00e1sa a szakmai aj\u00e1nl\u00e1sok szerint 18.35 &#8211; 19.05 Dr. T\u00f3th M\u00f3nika Ditta: COVID-19 hat\u00e1sa a gy\u00f3gyszert\u00e1ri dolgoz\u00f3kra 19.05 &#8211; 19.20 Szak\u00e9rt\u0151i Diszkusszi\u00f3 19.20 &#8211; 19.25 &#8230; <a title=\"HIPPOCRATES GY\u00d3GYSZER\u00c9SZ online v\u00e9n\u00e1s randev\u00fak \u2013 j\u00fanius 2.\" class=\"read-more\" href=\"https:\/\/hippocrateslap.hu\/tanfolyam\/2021online-lejart-rendezvenyek\/hippocrates-gyogyszeresz-online-venas-randevuk\/hippocrates-gyogyszeresz-online-venas-randevuk\/\" aria-label=\"Read more about HIPPOCRATES GY\u00d3GYSZER\u00c9SZ online v\u00e9n\u00e1s randev\u00fak \u2013 j\u00fanius 2.\">Olvass tov\u00e1bb<\/a><\/p>\n","protected":false},"author":1,"featured_media":0,"parent":1789,"menu_order":2,"comment_status":"closed","ping_status":"closed","template":"","meta":{"footnotes":""},"class_list":["post-1763","page","type-page","status-publish"],"publishpress_future_action":{"enabled":false,"date":"2026-05-01 12:33:20","action":"change-status","newStatus":"private","terms":[],"taxonomy":"","extraData":[]},"publishpress_future_workflow_manual_trigger":{"enabledWorkflows":[]},"_links":{"self":[{"href":"https:\/\/hippocrateslap.hu\/tanfolyam\/wp-json\/wp\/v2\/pages\/1763","targetHints":{"allow":["GET"]}}],"collection":[{"href":"https:\/\/hippocrateslap.hu\/tanfolyam\/wp-json\/wp\/v2\/pages"}],"about":[{"href":"https:\/\/hippocrateslap.hu\/tanfolyam\/wp-json\/wp\/v2\/types\/page"}],"author":[{"embeddable":true,"href":"https:\/\/hippocrateslap.hu\/tanfolyam\/wp-json\/wp\/v2\/users\/1"}],"replies":[{"embeddable":true,"href":"https:\/\/hippocrateslap.hu\/tanfolyam\/wp-json\/wp\/v2\/comments?post=1763"}],"version-history":[{"count":18,"href":"https:\/\/hippocrateslap.hu\/tanfolyam\/wp-json\/wp\/v2\/pages\/1763\/revisions"}],"predecessor-version":[{"id":3461,"href":"https:\/\/hippocrateslap.hu\/tanfolyam\/wp-json\/wp\/v2\/pages\/1763\/revisions\/3461"}],"up":[{"embeddable":true,"href":"https:\/\/hippocrateslap.hu\/tanfolyam\/wp-json\/wp\/v2\/pages\/1789"}],"wp:attachment":[{"href":"https:\/\/hippocrateslap.hu\/tanfolyam\/wp-json\/wp\/v2\/media?parent=1763"}],"curies":[{"name":"wp","href":"https:\/\/api.w.org\/{rel}","templated":true}]}}