{"id":1511,"date":"2023-07-28T13:45:24","date_gmt":"2021-01-18T07:28:37","guid":{"rendered":"https:\/\/hippocrateslap.hu\/tanfolyam\/?page_id=1511"},"modified":"2025-02-28T09:21:46","modified_gmt":"2025-02-28T08:21:46","slug":"online-tovabbkepzesek-2022","status":"publish","type":"page","link":"https:\/\/hippocrateslap.hu\/tanfolyam\/online-tovabbkepzesek-2022\/","title":{"rendered":"Online tov\u00e1bbk\u00e9pz\u00e9sek 2022"},"content":{"rendered":"<p style=\"text-align: center;\"><a class=\"button\" href=\"https:\/\/hippocrateslap.hu\/tanfolyam\/online-tovabbkepzesek-2022\/hippocrates-csaladorvosi-szimpoziumok-eger\/\">HIPPOCRATES CSAL\u00c1DORVOSI SZIMP\u00d3ZIUMOK \u2013 Eger 2022. X. 01.<\/a><\/p>\n<p>&nbsp;<\/p>\n<p style=\"text-align: center;\"><a class=\"button\" href=\"https:\/\/hippocrateslap.hu\/tanfolyam\/online-tovabbkepzesek-2022\/hippocrates-csaladorvosi-szimpoziumok-bekescsaba\/\">HIPPOCRATES CSAL\u00c1DORVOSI SZIMP\u00d3ZIUMOK \u2013 B\u00e9k\u00e9scsaba 2022. IX. 24.<\/a><\/p>\n<p>&nbsp;<\/p>\n<p style=\"text-align: center;\"><a class=\"button\" href=\"https:\/\/hippocrateslap.hu\/tanfolyam\/online-tovabbkepzesek-2022\/hippocrates-csaladorvosi-szimpoziumok-budapest\/\">HIPPOCRATES CSAL\u00c1DORVOSI SZIMP\u00d3ZIUMOK \u2013 Budapest 2022. IX. 17.<\/a><\/p>\n<p>&nbsp;<\/p>\n<p style=\"text-align: center;\"><a class=\"button\" href=\"https:\/\/hippocrateslap.hu\/tanfolyam\/online-tovabbkepzesek-2022\/hippocrates-csaladorvosi-szimpoziumok-veszprem\/\">HIPPOCRATES CSAL\u00c1DORVOSI SZIMP\u00d3ZIUMOK \u2013 Veszpr\u00e9m 2022. IX. 10.<\/a><\/p>\n<p>&nbsp;<\/p>\n<p style=\"text-align: center;\"><a class=\"button\" href=\"https:\/\/hippocrateslap.hu\/tanfolyam\/online-tovabbkepzesek-2021\/probiotikumok-es-a-belflora\/\">B\u00e9k\u00e9s egy\u00fctt\u00e9l\u00e9s \u2013 PROBIOTIKUMOK \u00c9S A B\u00c9LFL\u00d3RA 2022. I.1-VI. 30.<\/a><\/p>\n<p>&nbsp;<\/p>\n<p style=\"text-align: center;\"><a class=\"button\" href=\"https:\/\/hippocrateslap.hu\/tanfolyam\/online-tovabbkepzesek-2022\/mkt-hippocrates-online-estek\/\">MKT &#8211; HIPPOCRATES ONLINE EST\u00c9K 2022. VI. 2, 8, 16.<\/a><\/p>\n<p>&nbsp;<\/p>\n<p style=\"text-align: center;\"><a class=\"button\" href=\"https:\/\/hippocrateslap.hu\/tanfolyam\/online-tovabbkepzesek-2022\/hippocrates-venas-specialista-hetvege\/\">HIPPOCRATES V\u00c9N\u00c1S SPECIALISTA H\u00c9TV\u00c9GE 2022. IV. 23-24.<\/a><\/p>\n<p>&nbsp;<\/p>\n<p style=\"text-align: center;\"><a class=\"button\" href=\"https:\/\/hippocrateslap.hu\/tanfolyam\/online-tovabbkepzesek-2022\/hippocrates-vandorgyules-pecs\/\">HIPPOCRATES V\u00c1NDORGY\u0170L\u00c9S \u2013 P\u00e9cs 2022. III. 19.<\/a><\/p>\n<p>&nbsp;<\/p>\n<p style=\"text-align: center;\"><a class=\"button\" href=\"https:\/\/hippocrateslap.hu\/tanfolyam\/online-tovabbkepzesek-2022\/hippocrates-vandorgyules-miskolc\/\">HIPPOCRATES V\u00c1NDORGY\u0170L\u00c9S \u2013 Miskolc 2022. III. 05.<\/a><\/p>\n<p>&nbsp;<\/p>\n<p style=\"text-align: center;\"><a class=\"button\" href=\"https:\/\/hippocrateslap.hu\/tanfolyam\/online-tovabbkepzesek-2022\/hippocrates-vandorgyules-debrecen\/\">HIPPOCRATES V\u00c1NDORGY\u0170L\u00c9S \u2013 Debrecen 2022. II. 26.<\/a><\/p>\n<p>&nbsp;<\/p>\n<p style=\"text-align: center;\"><a class=\"button\" href=\"https:\/\/hippocrateslap.hu\/tanfolyam\/online-tovabbkepzesek-2022\/hippocrates-vandorgyules-szeged\/\">HIPPOCRATES V\u00c1NDORGY\u0170L\u00c9S \u2013 Szeged 2022. II. 12.<\/a><\/p>\n<p>&nbsp;<\/p>\n<p style=\"text-align: center;\"><a class=\"button\" href=\"https:\/\/hippocrateslap.hu\/tanfolyam\/online-tovabbkepzesek-2022\/hippocrates-vandorgyules-budapest-2022-online\/\">HIPPOCRATES V\u00c1NDORGY\u0170L\u00c9S \u2013 Budapest 2022. I. 22.<\/a><\/p>\n<p>&nbsp;<\/p>\n<p style=\"text-align: center;\">\u00a0<\/p>\n<p>&nbsp;<\/p>\n<p style=\"text-align: center;\">\u00a0<\/p>\n","protected":false},"excerpt":{"rendered":"<p>HIPPOCRATES CSAL\u00c1DORVOSI SZIMP\u00d3ZIUMOK \u2013 Eger 2022. X. 01. &nbsp; HIPPOCRATES CSAL\u00c1DORVOSI SZIMP\u00d3ZIUMOK \u2013 B\u00e9k\u00e9scsaba 2022. IX. 24. &nbsp; HIPPOCRATES CSAL\u00c1DORVOSI SZIMP\u00d3ZIUMOK \u2013 Budapest 2022. IX. 17. &nbsp; HIPPOCRATES CSAL\u00c1DORVOSI SZIMP\u00d3ZIUMOK \u2013 Veszpr\u00e9m 2022. IX. 10. &nbsp; B\u00e9k\u00e9s egy\u00fctt\u00e9l\u00e9s \u2013 PROBIOTIKUMOK \u00c9S A B\u00c9LFL\u00d3RA 2022. I.1-VI. 30. &nbsp; MKT &#8211; HIPPOCRATES ONLINE EST\u00c9K 2022. VI. 2, &#8230; <a title=\"Online tov\u00e1bbk\u00e9pz\u00e9sek 2022\" class=\"read-more\" href=\"https:\/\/hippocrateslap.hu\/tanfolyam\/online-tovabbkepzesek-2022\/\" aria-label=\"Read more about Online tov\u00e1bbk\u00e9pz\u00e9sek 2022\">Olvass tov\u00e1bb<\/a><\/p>\n","protected":false},"author":1,"featured_media":0,"parent":0,"menu_order":6,"comment_status":"closed","ping_status":"closed","template":"","meta":{"footnotes":""},"class_list":["post-1511","page","type-page","status-publish"],"publishpress_future_action":{"enabled":false,"date":"2026-04-15 15:14:38","action":"change-status","newStatus":"private","terms":[],"taxonomy":"","extraData":[]},"publishpress_future_workflow_manual_trigger":{"enabledWorkflows":[]},"_links":{"self":[{"href":"https:\/\/hippocrateslap.hu\/tanfolyam\/wp-json\/wp\/v2\/pages\/1511","targetHints":{"allow":["GET"]}}],"collection":[{"href":"https:\/\/hippocrateslap.hu\/tanfolyam\/wp-json\/wp\/v2\/pages"}],"about":[{"href":"https:\/\/hippocrateslap.hu\/tanfolyam\/wp-json\/wp\/v2\/types\/page"}],"author":[{"embeddable":true,"href":"https:\/\/hippocrateslap.hu\/tanfolyam\/wp-json\/wp\/v2\/users\/1"}],"replies":[{"embeddable":true,"href":"https:\/\/hippocrateslap.hu\/tanfolyam\/wp-json\/wp\/v2\/comments?post=1511"}],"version-history":[{"count":98,"href":"https:\/\/hippocrateslap.hu\/tanfolyam\/wp-json\/wp\/v2\/pages\/1511\/revisions"}],"predecessor-version":[{"id":3645,"href":"https:\/\/hippocrateslap.hu\/tanfolyam\/wp-json\/wp\/v2\/pages\/1511\/revisions\/3645"}],"wp:attachment":[{"href":"https:\/\/hippocrateslap.hu\/tanfolyam\/wp-json\/wp\/v2\/media?parent=1511"}],"curies":[{"name":"wp","href":"https:\/\/api.w.org\/{rel}","templated":true}]}}